{"id":18250,"date":"2024-11-14T11:37:03","date_gmt":"2024-11-14T09:37:03","guid":{"rendered":"https:\/\/charleroi-metropole.be\/home\/entreprendre\/investir-a-charleroi-metropole\/une-main-doeuvre-qualifiee-et-des-entreprises-de-pointe\/"},"modified":"2025-02-19T10:10:59","modified_gmt":"2025-02-19T08:10:59","slug":"une-main-doeuvre-qualifiee-et-des-entreprises-de-pointe","status":"publish","type":"page","link":"https:\/\/charleroi-metropole.be\/nl\/home\/entreprendre\/investir-a-charleroi-metropole\/une-main-doeuvre-qualifiee-et-des-entreprises-de-pointe\/","title":{"rendered":"Cutting-edge bedrijven en geschoolde arbeidskrachten"},"content":{"rendered":"\n<div class=\"wp-block-group alignfull is-layout-constrained wp-block-group-is-layout-constrained\">\n<div class=\"wp-block-cover alignfull\" style=\"min-height:297px;aspect-ratio:unset;\"><span aria-hidden=\"true\" class=\"wp-block-cover__background has-background-dim\" style=\"background-color:#576e81\"><\/span><img loading=\"lazy\" decoding=\"async\" width=\"1920\" height=\"1012\" class=\"wp-block-cover__image-background wp-image-16638\" alt=\"\" src=\"https:\/\/charleroi-metropole.be\/wp-content\/uploads\/2024\/07\/aptaskil_Charleroi_Metropole_Home.jpg\" data-object-fit=\"cover\" srcset=\"https:\/\/charleroi-metropole.be\/wp-content\/uploads\/2024\/07\/aptaskil_Charleroi_Metropole_Home.jpg 1920w, https:\/\/charleroi-metropole.be\/wp-content\/uploads\/2024\/07\/aptaskil_Charleroi_Metropole_Home-600x316.jpg 600w, https:\/\/charleroi-metropole.be\/wp-content\/uploads\/2024\/07\/aptaskil_Charleroi_Metropole_Home-1600x843.jpg 1600w, https:\/\/charleroi-metropole.be\/wp-content\/uploads\/2024\/07\/aptaskil_Charleroi_Metropole_Home-768x405.jpg 768w, https:\/\/charleroi-metropole.be\/wp-content\/uploads\/2024\/07\/aptaskil_Charleroi_Metropole_Home-1536x810.jpg 1536w\" sizes=\"(max-width: 1920px) 100vw, 1920px\" \/><div class=\"wp-block-cover__inner-container is-layout-constrained wp-block-cover-is-layout-constrained\">\n<h2 class=\"wp-block-heading has-text-align-left\" style=\"font-size:3.8rem\">Cutting-edge bedrijven en geschoolde arbeidskrachten<\/h2>\n\n\n\n<div style=\"height:49px\" aria-hidden=\"true\" class=\"wp-block-spacer\"><\/div>\n\n\n\n<p><\/p>\n\n\n\n<p style=\"font-size:22px\"><strong>Naast een bijzonder dicht netwerk van kmo&#8217;s hebben ook veel wereldvermaarde ondernemingen zich al in de M\u00e9tropole gevestigd. De regio beschikt over een gekwalificeerde beroepsbevolking die perfect aansluit bij de behoeften van deze bedrijven.<\/strong><\/p>\n<\/div><\/div>\n<\/div>\n\n\n\n<div style=\"height:43px\" aria-hidden=\"true\" class=\"wp-block-spacer\"><\/div>\n\n\n\n<p style=\"font-size:21px\">De gerenommeerde ondernemingen waar de regio om bekendstaat, zijn actief in een brede waaier van sectoren:\u00a0 lucht- en ruimtevaart, biotech, technologie, geavanceerde productie, chemie, gezondheid, glas en digitale technologie\u00ebn zijn slechts enkele van de domeinen waarin Charleroi M\u00e9tropole zich onderscheidt.<\/p>\n\n\n\n<div style=\"height:32px\" aria-hidden=\"true\" class=\"wp-block-spacer\"><\/div>\n\n\n\n<p style=\"font-size:21px\">De aantrekkingskracht van de M\u00e9tropole heeft tal van internationale bedrijven weten te overtuigen, die ervoor hebben gekozen hun activiteiten in de regio te ontwikkelen.<\/p>\n\n\n\n<div style=\"height:32px\" aria-hidden=\"true\" class=\"wp-block-spacer\"><\/div>\n\n\n\n<p style=\"font-size:21px\">Er zijn bijvoorbeeld talloze biotechparels, waarvan sommige internationaal enkele tientallen miljoenen euro&#8217;s hebben ingebracht, zoals\u00a0<a href=\"https:\/\/novoholdings.dk\/\">Novo Holdings<\/a>,\u00a0<a href=\"https:\/\/www.thermofisher.com\/be\/en\/home.html\">Thermo Fisher Scientifics<\/a>,\u00a0<a href=\"https:\/\/www.univercells.com\/\">Univercells<\/a>,\u00a0<a href=\"https:\/\/www.jnj.com\/\">Johnson &amp; Johnson<\/a>\u00a0of nog <a href=\"https:\/\/www.quality-assistance.com\/\" target=\"_blank\" rel=\"noreferrer noopener\">Quality Assistance<\/a>.<\/p>\n\n\n\n<div style=\"height:32px\" aria-hidden=\"true\" class=\"wp-block-spacer\"><\/div>\n\n\n\n<p style=\"font-size:21px\">De geavanceerde maakindustrie kan ook bogen op een aantal mooie succesverhalen, met bedrijven als\u00a0<a href=\"https:\/\/www.sonaca.com\/\" target=\"_blank\" rel=\"noreferrer noopener\">Sonaca<\/a>,\u00a0<a href=\"https:\/\/www.alstom.com\/fr\" target=\"_blank\" rel=\"noreferrer noopener\">Alstom<\/a>,\u00a0<a href=\"https:\/\/www.thalesgroup.com\/fr\/espace\" target=\"_blank\" rel=\"noreferrer noopener\">Thales Alenia Space Belgium<\/a>,\u00a0<a href=\"http:\/\/www.agc-glass.eu\/fr\" target=\"_blank\" rel=\"noreferrer noopener\">AGC Glass Europe<\/a>\u00a0of\u00a0<a href=\"https:\/\/industeel.arcelormittal.com\/\" target=\"_blank\" rel=\"noreferrer noopener\">Industeel<\/a>\u00a0en\u00a0<a href=\"https:\/\/www.gerresheimer.com\/en\/company\/locations\/momignies-belgium.html\" target=\"_blank\" rel=\"noreferrer noopener\">Gerresheimer<\/a>.<\/p>\n\n\n\n<div style=\"height:32px\" aria-hidden=\"true\" class=\"wp-block-spacer\"><\/div>\n\n\n\n<p style=\"font-size:21px\">Ook opmerkelijk is de aanwezigheid van <a href=\"https:\/\/www.aerospacelab.com\/\">Aerospacelab<\/a> in de ruimtevaartsector. Het bedrijf besloot zelfs zijn satellietassemblagefabriek hier te vestigen.<\/p>\n\n\n\n<div style=\"height:32px\" aria-hidden=\"true\" class=\"wp-block-spacer\"><\/div>\n\n\n\n<p style=\"font-size:21px\">De creatieve en de digitale sector blijft niet achter met\u00a0<a href=\"https:\/\/www.dirtymonitor.com\/\" target=\"_blank\" rel=\"noreferrer noopener\">Dirty Monitor<\/a>,\u00a0<a href=\"https:\/\/fr.dreamwall.be\/\" target=\"_blank\" rel=\"noreferrer noopener\">Dreamwall\/Keywall<\/a>\u00a0en\u00a0<a href=\"https:\/\/www.dupuis.com\/catalogue\/FR\/accueil.html\" target=\"_blank\" rel=\"noreferrer noopener\">Les Editions Dupuis<\/a>.<\/p>\n\n\n\n<div style=\"height:32px\" aria-hidden=\"true\" class=\"wp-block-spacer\"><\/div>\n\n\n\n<p style=\"font-size:21px\">Uitmuntendheid in industri\u00eble ontwikkeling maakt integraal deel uit van de geschiedenis van Charleroi M\u00e9tropole. De kwaliteit van de beschikbare arbeidskrachten is uiteraard onlosmakelijk verbonden met de gedane investeringen. Het kwalitatief hoogstaande opleidingsaanbod in de regio helpt te voorzien in de behoefte aan geschoolde arbeidskrachten.<\/p>\n\n\n\n<div style=\"height:32px\" aria-hidden=\"true\" class=\"wp-block-spacer\"><\/div>\n\n\n\n<p class=\"has-green-color has-text-color has-link-color wp-elements-d5f2d758ef2dba13876456e419ee9952\"><\/p>\n\n\n\n<div class=\"wp-block-group is-layout-constrained wp-block-group-is-layout-constrained\">\n<div class=\"wp-block-group alignwide custom-media-text-cta-arrow has-black-background-color has-background is-nowrap is-layout-flex wp-container-core-group-is-layout-3 wp-block-group-is-layout-flex\" style=\"border-radius:50px;padding-top:var(--wp--preset--spacing--40);padding-right:var(--wp--preset--spacing--40);padding-bottom:var(--wp--preset--spacing--40);padding-left:var(--wp--preset--spacing--40)\">\n<figure class=\"wp-block-image size-large has-custom-border wp-container-content-1\"><img loading=\"lazy\" decoding=\"async\" width=\"1600\" height=\"754\" src=\"https:\/\/charleroi-metropole.be\/wp-content\/uploads\/2018\/09\/ecole-primaire-1600x754.jpg\" alt=\"\" class=\"wp-image-962\" style=\"border-radius:40px\" srcset=\"https:\/\/charleroi-metropole.be\/wp-content\/uploads\/2018\/09\/ecole-primaire-1600x754.jpg 1600w, https:\/\/charleroi-metropole.be\/wp-content\/uploads\/2018\/09\/ecole-primaire-600x283.jpg 600w, https:\/\/charleroi-metropole.be\/wp-content\/uploads\/2018\/09\/ecole-primaire-768x362.jpg 768w, https:\/\/charleroi-metropole.be\/wp-content\/uploads\/2018\/09\/ecole-primaire.jpg 1920w\" sizes=\"(max-width: 1600px) 100vw, 1600px\" \/><\/figure>\n\n\n\n<div class=\"wp-block-group has-white-color has-text-color has-link-color wp-elements-a08e12195549457885809cadc20112e0 wp-container-content-5 is-layout-constrained wp-container-core-group-is-layout-2 wp-block-group-is-layout-constrained\">\n<p style=\"margin-top:var(--wp--preset--spacing--30);margin-bottom:var(--wp--preset--spacing--30);font-style:normal;font-weight:700;line-height:1.2\">As a region of excellence, the Charleroi Metropolitan Area offers a wide range of educational facilities whilst continuing to build a substantial training offering for all audiences.<\/p>\n\n\n\n<div style=\"height:44px\" aria-hidden=\"true\" class=\"wp-block-spacer\"><\/div>\n\n\n\n<p style=\"margin-top:var(--wp--preset--spacing--30);margin-bottom:var(--wp--preset--spacing--30);font-style:normal;font-weight:700;line-height:1.2\"><\/p>\n\n\n\n<div class=\"wp-block-buttons wp-container-content-4 is-layout-flex wp-block-buttons-is-layout-flex\">\n<div class=\"wp-block-button has-custom-width wp-block-button__width-50 has-custom-font-size\" style=\"font-size:22px;font-style:normal;font-weight:700\"><a class=\"wp-block-button__link has-black-color has-pastel-blue-background-color has-text-color has-background has-link-color wp-element-button\" href=\"https:\/\/charleroi-metropole.be\/fr\/guide\/etudier\/\" target=\"_blank\" rel=\"noreferrer noopener\"><strong>Discover<\/strong><\/a><\/div>\n<\/div>\n<\/div>\n\n\n\n<div class=\"wp-block-buttons rounded-btn is-content-justification-center is-layout-flex wp-container-core-buttons-is-layout-2 wp-block-buttons-is-layout-flex\">\n<div class=\"wp-block-button\"><a class=\"wp-block-button__link wp-element-button\">CTA<\/a><\/div>\n<\/div>\n<\/div>\n<\/div>\n\n\n\n<div style=\"height:32px\" aria-hidden=\"true\" class=\"wp-block-spacer\"><\/div>\n","protected":false},"excerpt":{"rendered":"<p>De gerenommeerde ondernemingen waar de regio om bekendstaat, zijn actief in een brede waaier van sectoren:\u00a0 lucht- en ruimtevaart, biotech, technologie, geavanceerde productie, chemie, gezondheid, glas en digitale technologie\u00ebn zijn slechts enkele van de domeinen waarin Charleroi M\u00e9tropole zich onderscheidt. De aantrekkingskracht van de M\u00e9tropole heeft tal van internationale bedrijven weten te overtuigen, die ervoor [&hellip;]<\/p>\n","protected":false},"author":18,"featured_media":0,"parent":18231,"menu_order":0,"comment_status":"closed","ping_status":"closed","template":"","meta":{"footnotes":""},"class_list":["post-18250","page","type-page","status-publish","hentry"],"_links":{"self":[{"href":"https:\/\/charleroi-metropole.be\/nl\/wp-json\/wp\/v2\/pages\/18250"}],"collection":[{"href":"https:\/\/charleroi-metropole.be\/nl\/wp-json\/wp\/v2\/pages"}],"about":[{"href":"https:\/\/charleroi-metropole.be\/nl\/wp-json\/wp\/v2\/types\/page"}],"author":[{"embeddable":true,"href":"https:\/\/charleroi-metropole.be\/nl\/wp-json\/wp\/v2\/users\/18"}],"replies":[{"embeddable":true,"href":"https:\/\/charleroi-metropole.be\/nl\/wp-json\/wp\/v2\/comments?post=18250"}],"version-history":[{"count":1,"href":"https:\/\/charleroi-metropole.be\/nl\/wp-json\/wp\/v2\/pages\/18250\/revisions"}],"predecessor-version":[{"id":18254,"href":"https:\/\/charleroi-metropole.be\/nl\/wp-json\/wp\/v2\/pages\/18250\/revisions\/18254"}],"up":[{"embeddable":true,"href":"https:\/\/charleroi-metropole.be\/nl\/wp-json\/wp\/v2\/pages\/18231"}],"wp:attachment":[{"href":"https:\/\/charleroi-metropole.be\/nl\/wp-json\/wp\/v2\/media?parent=18250"}],"curies":[{"name":"wp","href":"https:\/\/api.w.org\/{rel}","templated":true}]}}