{"id":5021,"date":"2019-12-17T16:50:15","date_gmt":"2019-12-17T14:50:15","guid":{"rendered":"https:\/\/www.charleroi-metropole.be\/?page_id=5021"},"modified":"2020-03-04T16:08:05","modified_gmt":"2020-03-04T14:08:05","slug":"reglement-concours-facebook-instagram-site-web","status":"publish","type":"page","link":"https:\/\/charleroi-metropole.be\/fr\/reglement-concours-facebook-instagram-site-web\/","title":{"rendered":"R\u00e8glement Concours &#8211; Facebook, Instagram &#038; Site web &#8211; Charleroi M\u00e9tropole"},"content":{"rendered":"<header class=\"legal__header | col-8 mlg-2\">\n<h1 class=\"legal__title | title title--xlarge\">R\u00e8glement Concours &#8211; Facebook, Instagram &amp; Site web &#8211; Charleroi M\u00e9tropole<\/h1>\n<p>Tout concours organis\u00e9 par Charleroi M\u00e9tropole et post\u00e9 sur la page Facebook &amp; Instagram Charleroi M\u00e9tropole est soumis aux pr\u00e9sentes dispositions g\u00e9n\u00e9rales.<\/p>\n<p>Ces concours sont accessibles uniquement \u00e0 toute personne titulaire d\u2019un compte Facebook et\/ou Instagram. Les conditions g\u00e9n\u00e9rales de participation sont d\u00e9finies dans chaque post propre aux concours \u00e9dit\u00e9s sur la page Facebook &amp; Instagram.<\/p>\n<\/header>\n<section class=\"legal__content | col-8 | ctr\">\n<ol class=\"legal__cookies\">\n<li class=\"legal__cookie\">\n<h2 class=\"legal__subtitle | subtitle\">ARTICLE 1. ORGANISATION DU CONCOURS<\/h2>\n<p>Charleroi M\u00e9tropole (propri\u00e9t\u00e9 de l\u2019Intercommunale pour la Gestion et la R\u00e9alisation d\u2019Etudes Techniques et Economiques, SCRL, dont le si\u00e8ge social est situ\u00e9 au Boulevard Mayence, 1 \u00e0 6000 Charleroi, enregistr\u00e9e \u00e0 la Banque Carrefour des entreprises sous le n\u00b00.201.741.786, ci-apr\u00e8s d\u00e9nomm\u00e9e \u00ab la Soci\u00e9t\u00e9 Organisatrice \u00bb) organise des concours gratuits sans obligation d\u2019achat.<\/p>\n<p>Chaque concours d\u00e9bute \u00e0 partir de la date de sa publication sur les comptes officiels Facebook et Instagram Charleroi M\u00e9tropole et se termine \u00e0 la date de fin indiqu\u00e9e sur le post Facebook et Instagram qui lui est d\u00e9di\u00e9. La soci\u00e9t\u00e9 organisatrice se r\u00e9serve le droit d\u2019\u00e9courter, de reporter, de modifier ou d\u2019annuler le concours en cas de force majeure.<\/p>\n<p>La soci\u00e9t\u00e9 organisatrice se r\u00e9serve le droit de prolonger ou de renouveler un concours.<\/p>\n<p>Tout concours est soumis aux modalit\u00e9s du pr\u00e9sent r\u00e8glement. La Soci\u00e9t\u00e9 Organisatrice est la seule responsable des concours post\u00e9s sur le Site Internet \u2013 le compte officiel Instagram ou Facebook du concours. La Soci\u00e9t\u00e9 Organisatrice organise des concours en conformit\u00e9 avec les r\u00e8gles \u00e9dit\u00e9es par Facebook. Les concours \u00ab Charleroi M\u00e9tropole \u00bb ne sont ni parrain\u00e9s ni organis\u00e9s par Facebook ou Instagram. Chaque concours est d\u00e9nomm\u00e9 ci-apr\u00e8s le \u00ab concours \u00bb.<\/li>\n<li class=\"legal__cookie\">\n<h2 class=\"legal__subtitle | subtitle\">ARTICLE 2. CONDITIONS RELATIVES AUX PARTICIPANTS<\/h2>\n<p>La participation au concours est ouverte \u00e0 toute personne physique (Etat civil faisant foi) majeure r\u00e9sidant en Belgique. Les gagnants qui ne r\u00e9sident pas en Belgique ou qui n\u2019ont pas atteint l\u2019\u00e2ge de la majorit\u00e9 (plus de 18 ans) se verront refuser l\u2019attribution du prix. La participation aux concours est strictement personnelle et nominative. Aucune participation r\u00e9alis\u00e9e pour le compte d\u2019un tiers ne sera prise en compte par la Soci\u00e9t\u00e9 Organisatrice. La Soci\u00e9t\u00e9 Organisatrice se r\u00e9serve le droit de proc\u00e9der \u00e0 toutes v\u00e9rifications qu\u2019elle jugera utiles relatives notamment \u00e0 l\u2019identit\u00e9 de chaque participant, en vue de faire respecter les stipulations du pr\u00e9sent article. Toute participation incompl\u00e8te et\/ou non-conforme au pr\u00e9sent r\u00e8glement, non valid\u00e9e et\/ou enregistr\u00e9e hors d\u00e9lai ne sera pas prise en consid\u00e9ration et sera consid\u00e9r\u00e9e comme nulle.<\/p>\n<p>Il appartient aux participants de bien s\u2019assurer que leur adresse postale et\/ou mail est correcte. Aucune r\u00e9clamation ne pourra \u00eatre accept\u00e9e si ces informations sont incorrectes ou temporaires, ou si le participant est emp\u00each\u00e9, pour une quelconque raison, de recevoir et\/ou de lire son courrier. La participation aux concours est interdite aux membres du personnel de la Soci\u00e9t\u00e9 Organisatrice.<\/li>\n<li class=\"legal__cookie\">\n<h2 class=\"legal__subtitle | subtitle\">ARTICLE 3. PARTICIPATION ET D\u00c9ROULEMENT DU CONCOURS<\/h2>\n<p><strong>3.1 Modalit\u00e9s de participation<\/strong><\/p>\n<p>Le pr\u00e9sent concours est gratuit.<\/p>\n<p>La participation aux concours se fait exclusivement sur la page officielle Facebook et Instagram Charleroi M\u00e9tropole. Les r\u00e8gles d\u00e9taill\u00e9es de participation aux concours seront clairement expliqu\u00e9es sur Facebook\/Instagram et\/ou sur le site web. Seule cette proc\u00e9dure sera consid\u00e9r\u00e9e comme valable pour la participation au concours et l\u2019attribution du prix. La participation aux concours se fait exclusivement sur la page officielle Facebook et Instagram Charleroi M\u00e9tropole \u00e0 l\u2019exclusion de tout autre moyen.<\/p>\n<p>Le concours est de vigueur uniquement via le post Facebook ou Instagram concern\u00e9. Les participants doivent donner une r\u00e9ponse originale \u00e0 la question pos\u00e9e dans le concours afin de gagner le prix.<br \/>\nComment participer au concours: laisser un commentaire sur le post Facebook ou Instagram concern\u00e9 ou, en fonction du concours, partager une photo avec le bon #hashtag.<\/p>\n<p>Aucun droit d\u2019inscription ne sera exig\u00e9.<\/p>\n<p>&nbsp;<\/p>\n<p><strong>3.2 D\u00e9signation des gagnants<\/strong><\/p>\n<p>La s\u00e9lection des gagnants s\u2019effectuera sur base de la d\u00e9cision d&rsquo;un jur\u00e9 compos\u00e9 par Delphine Reman (Igretec) et Nicolas Sottiaux (Igretec) qui feront leur choix en fonction de leurs pr\u00e9f\u00e9rences et des r\u00e9ponses les plus originales.<\/p>\n<p>La d\u00e9cision du jur\u00e9 ne peut \u00eatre r\u00e9fut\u00e9e sous aucun pr\u00e9texte. Maximum 1 participation par personne. Les prix ne peuvent \u00eatre \u00e9chang\u00e9s contre de l&rsquo;argent, des bons d\u2019achat ou sous quelque forme que ce soit.<\/p>\n<p>Les gagnants s\u00e9lectionn\u00e9s seront identifi\u00e9s dans un d\u00e9lai de maximum 7 jours calendrier apr\u00e8s la date de la fin du concours sur la page officielle Facebook et Instagram Charleroi M\u00e9tropole afin d\u2019obtenir leurs coordonn\u00e9es en message priv\u00e9 pour r\u00e9ception de la dotation.<\/p>\n<p>A partir de la date de publication de la liste des gagnants sur la page officielle Facebook et Instagram Charleroi M\u00e9tropole, le participant s\u00e9lectionn\u00e9 b\u00e9n\u00e9ficie de 30 jours calendrier pour transmettre ses coordonn\u00e9es personnelles via la page du Site Internet du Concours en message priv\u00e9. En cas de non-r\u00e9ponse du gagnant dans le d\u00e9lai imparti, ce dernier perd le b\u00e9n\u00e9fice de son prix. Le prix ne sera pas r\u00e9attribu\u00e9.<\/p>\n<p>Le nombre de participations est illimit\u00e9. Toutefois, il ne sera attribu\u00e9 qu\u2019un seul prix par concours \u00e0 la m\u00eame personne physique et par adresse postale dans la limite des dotations communiqu\u00e9es lors des publications. Toute information identifiant la personne ou ses coordonn\u00e9es qui serait inexacte sera consid\u00e9r\u00e9e comme nulle et ne permettra pas au gagnant d\u2019obtenir sa dotation. De mani\u00e8re g\u00e9n\u00e9rale, les participations au concours seront annul\u00e9es si elles sont incompl\u00e8tes, erron\u00e9es, contrefaites ou r\u00e9alis\u00e9es de mani\u00e8re contrevenante au pr\u00e9sent r\u00e8glement. Les participants qui n\u2019auront pas \u00e9t\u00e9 d\u00e9sign\u00e9s comme gagnants n\u2019en seront pas inform\u00e9s.<\/p>\n<p>La d\u00e9cision de l\u2019organisateur quant \u00e0 la d\u00e9termination des gagnants est irr\u00e9vocable et d\u00e9finitive.<\/li>\n<li class=\"legal__cookie\">\n<h2 class=\"legal__subtitle | subtitle\">ARTICLE 4. DOTATIONS<\/h2>\n<p>Les dotations du concours sont publi\u00e9es sur la page Facebook, Instagram ou le Site Internet du concours. Selon la nature du lot, une livraison sera organis\u00e9e par la Soci\u00e9t\u00e9 Organisatrice ou le gagnant sera tenu de venir enlever son lot \u00e0 Charleroi (Igretec &#8211; Boulevard Mayence 1, 6000 Charleroi). En cas de livraison, les gagnants devront envoyer leurs coordonn\u00e9es \u00e0 la Soci\u00e9t\u00e9 Organisatrice par message priv\u00e9 afin de recevoir leur dotation. Ils recevront en r\u00e9ponse \u00e0 leur message la confirmation du gain de la dotation<\/p>\n<p>Les gagnants recevront leur dotation dans un d\u00e9lai maximum de 30 jours \u00e0 compter de la date de r\u00e9ception des coordonn\u00e9es priv\u00e9es du gagnant. Si le gagnant est tenu de venir chercher son lot, il disposera d\u2019un d\u00e9lai de maximum 60 jours \u00e0 compter de l\u2019annonce de son gain.<\/p>\n<p>Les dotations sont personnelles et interdites \u00e0 la revente.<\/p>\n<p>Les frais d\u2019envoi seront \u00e0 la charge de la Soci\u00e9t\u00e9 Organisatrice. Les dotations ne pourront \u00eatre attribu\u00e9es sous une autre forme que celle pr\u00e9vue au pr\u00e9sent r\u00e8glement. Il ne sera attribu\u00e9 aucun autre lot ou valeur en esp\u00e8ces en \u00e9change des lots gagn\u00e9s. La Soci\u00e9t\u00e9 Organisatrice se r\u00e9serve le droit de remplacer les lots mis en concours par des lots de m\u00eame valeur et de caract\u00e9ristiques proches si les circonstances l\u2019exigent, sans que sa responsabilit\u00e9 ne puisse \u00eatre engag\u00e9e de ce fait.<\/p>\n<p>De m\u00eame, la Soci\u00e9t\u00e9 Organisatrice se d\u00e9charge de toute responsabilit\u00e9 relative \u00e0 une d\u00e9t\u00e9rioration de la dotation caus\u00e9e par le gagnant ou par le transporteur, ou \u00e0 une perte ou retard de la dotation du fait du transporteur. Il reviendra au gagnant d\u2019effectuer toute \u00e9ventuelle d\u00e9marche \u00e0 cet \u00e9gard, la Soci\u00e9t\u00e9 Organisatrice s\u2019engageant \u00e0 fournir au gagnant toute information r\u00e9clam\u00e9e par le transporteur dans le cadre de ses recherches.<\/p>\n<p>Les valeurs des prix d\u00e9pendent de chaque concours lanc\u00e9 sur les comptes officiels Facebook et Instagram Charleroi M\u00e9tropole et peuvent varier, entre 5 et 500 euros. Le nombre de lots par concours d\u00e9pend des diff\u00e9rents concours, qui peuvent compter entre 1 et 10 lots par concours. Les valeurs des prix ainsi que le nombre de lots par concours seront sp\u00e9cifi\u00e9s sur les comptes officiels Facebook et Instagram Charleroi M\u00e9tropole lors du lancement de chaque concours.<\/li>\n<li class=\"legal__cookie\">\n<h2>ARTICLE 5. RESPONSABILIT\u00c9<\/h2>\n<p>La Soci\u00e9t\u00e9 Organisatrice ne saurait \u00eatre responsable de l\u2019utilisation frauduleuse d\u2019attribution des dotations d\u2019un participant.La responsabilit\u00e9 de la Soci\u00e9t\u00e9 Organisatrice ne peut \u00eatre engag\u00e9e si un participant oubli de communiquer ses coordonn\u00e9es dans le respect des d\u00e9lais et perd de ce fait sa dotation.<\/p>\n<p>La Soci\u00e9t\u00e9 Organisatrice ne saurait encourir une quelconque responsabilit\u00e9, si en cas de force majeure d\u2019\u00e9v\u00e8nements ind\u00e9pendants de sa volont\u00e9 ou de n\u00e9cessit\u00e9 justifi\u00e9e, elle \u00e9tait amen\u00e9e \u00e0 annuler, \u00e9courter, prolonger, reporter le concours ou \u00e0 en modifier les conditions. En cas de force majeure, des modifications \u00e0 ce r\u00e8glement peuvent \u00e9ventuellement \u00eatre publi\u00e9es pendant le concours. Elles seront consid\u00e9r\u00e9es comme des annexes au pr\u00e9sent r\u00e8glement. Le pr\u00e9sent r\u00e8glement peut \u00eatre modifi\u00e9 \u00e0 tout moment par la Soci\u00e9t\u00e9 Organisatrice sous la forme d\u2019un avenant et d\u2019une information aupr\u00e8s des participants. Les modalit\u00e9s du concours, de m\u00eame que les dotations offertes aux gagnants, ne peuvent donner lieu \u00e0 aucune contestation d\u2019aucune sorte.<\/p>\n<p>Dans tous les cas, si le bon d\u00e9roulement administratif et\/ou technique du concours est perturb\u00e9 par une intervention humaine non autoris\u00e9e ou toute autre cause \u00e9chappant \u00e0 la Soci\u00e9t\u00e9 Organisatrice, celle-ci se r\u00e9serve le droit d\u2019interrompre le concours.<\/p>\n<p>En outre, la Soci\u00e9t\u00e9 Organisatrice d\u00e9cline toute responsabilit\u00e9 pour tous les incidents et\/ou accidents qui pourraient survenir du fait de la jouissance de la dotation gagn\u00e9e et\/ou du fait de son utilisation.<\/p>\n<p>La Soci\u00e9t\u00e9 Organisatrice ne pourra pas \u00eatre tenue responsable des fraudes commises par un participant vis-\u00e0-vis des autres participants.<\/p>\n<p>La Soci\u00e9t\u00e9 Organisatrice ne saurait \u00eatre tenue pour responsable d\u2019\u00e9ventuels dysfonctionnements ou d\u2019une fraude ou tentative de fraude ayant entrain\u00e9 des d\u00e9faillances dans l\u2019administration, la s\u00e9curit\u00e9, l\u2019\u00e9quit\u00e9, l\u2019int\u00e9grit\u00e9 ou la gestion du concours.<\/p>\n<p>Toute fraude entra\u00eene l\u2019\u00e9limination imm\u00e9diate de son auteur du concours.<\/p>\n<p>La participation au concours implique la connaissance et l\u2019acceptation des caract\u00e9ristiques et des limites du r\u00e9seau Internet, notamment les performances techniques, les temps de r\u00e9ponse pour consulter, interroger ou transf\u00e9rer des informations, les risques d\u2019interruption, les risques li\u00e9s \u00e0 la connexion, l\u2019absence de protection de certaines donn\u00e9es contre les d\u00e9tournements \u00e9ventuels et les risques de contamination par d&rsquo;\u00e9ventuels virus circulant sur le r\u00e9seau.<\/p>\n<p>La Soci\u00e9t\u00e9 Organisatrice ne pourra en aucun cas \u00eatre tenue responsable des dysfonctionnements pouvant affecter le r\u00e9seau Internet, ni de tout probl\u00e8me de configuration ou li\u00e9 \u00e0 l\u2019utilisation d\u2019un navigateur donn\u00e9.<\/p>\n<p>La Soci\u00e9t\u00e9 Organisatrice ne garantit ni un fonctionnement sans interruption du site Internet, ni la pr\u00e9sence d\u2019aucune erreur informatique sur ledit site, ni une correction syst\u00e9matique des d\u00e9fauts qui pourraient \u00eatre constat\u00e9s.<\/p>\n<p>La Soci\u00e9t\u00e9 Organisatrice ne pourra \u00eatre tenue responsable de tout dommage, mat\u00e9riel ou immat\u00e9riel, caus\u00e9 aux participants, \u00e0 leurs \u00e9quipements informatiques et aux donn\u00e9es stock\u00e9es. D\u00e8s lors, toute cons\u00e9quence, directe ou indirecte, pouvant en d\u00e9couler, notamment quant \u00e0 leur activit\u00e9 personnelle, professionnelle ou commerciale, ne pourra incomber \u00e0 la Soci\u00e9t\u00e9 Organisatrice.<\/p>\n<p>Il appartient \u00e0 tout participant de prendre toutes les mesures appropri\u00e9es de fa\u00e7on \u00e0 prot\u00e9ger ses propres logiciels stock\u00e9s sur son \u00e9quipement informatique contre toute atteinte.<\/li>\n<li class=\"legal__cookie\">\n<h2 class=\"legal__subtitle | subtitle\">ARTICLE 6. PROTECTION DES DONN\u00c9ES PERSONNELLES<\/h2>\n<p>Les informations collect\u00e9es pendant toute la dur\u00e9e du concours sont destin\u00e9es exclusivement \u00e0 la Soci\u00e9t\u00e9 Organisatrice aux fins de gestion des participations et utilis\u00e9es dans le strict respect des mentions l\u00e9gales qui est consultable sur <a href=\"https:\/\/www.charleroi-metropole.be\/fr\/mentions-legales\/\">https:\/\/www.charleroi-metropole.be\/fr\/mentions-legales\/<\/a>. Conform\u00e9ment \u00e0 la politique de vie priv\u00e9e et \u00e0 la loi belge, consultable sur <a href=\"https:\/\/www.charleroi-metropole.be\/fr\/politique-vie-privee\/\">https:\/\/www.charleroi-metropole.be\/fr\/politique-vie-privee\/<\/a> tous les participants ont un droit d\u2019acc\u00e8s et de v\u00e9rification de leurs donn\u00e9es \u00e0 caract\u00e8re personnel. Les informations \u00e0 caract\u00e8re personnel communiqu\u00e9es par les participants, feront l\u2019objet d\u2019un traitement informatique sous la responsabilit\u00e9 de la Soci\u00e9t\u00e9 Organisatrice. Les informations nominatives concernant les participants sont destin\u00e9es \u00e0 l\u2019usage exclusif de la Soci\u00e9t\u00e9 Organisatrice notamment \u00e0 ses services commerciaux et marketing.<\/p>\n<p>Les participants disposent d\u2019un droit d\u2019acc\u00e8s, de modifications, d\u2019opposition, de rectification et de suppression sur les donn\u00e9es personnelles collect\u00e9es par la Soci\u00e9t\u00e9 Organisatrice.<\/p>\n<p>Ces droits pourront \u00eatre exerc\u00e9s sur simple demande \u00e9crite adress\u00e9e \u00e0 l&rsquo;adresse postale de IGRETEC Boulevard Mayence, 1 \u00e0 6000 Charleroi, Belgique, ainsi que par courrier \u00e9lectronique \u00e0 l&rsquo;adresse <a href=\"mailto:INFO@CHARLEROIMETROPOLE.BE\">INFO@CHARLEROIMETROPOLE.BE<\/a>. La collecte des donn\u00e9es personnelles des participants est obligatoire pour l\u2019attribution des dotations.<\/p>\n<p>Par cons\u00e9quent, les participants qui exerceront le droit de suppression des donn\u00e9es les concernant avant la fin du concours seront r\u00e9put\u00e9s renoncer \u00e0 leur participation dans la mesure o\u00f9 l\u2019acheminement des gains sera rendu impossible.<\/li>\n<li class=\"legal__cookie\">\n<h2 class=\"legal__subtitle | subtitle\">ARTICLE 7. R\u00c8GLEMENT<\/h2>\n<p><strong>8.1 Acceptation du r\u00e8glement<\/strong><\/p>\n<p>La participation au concours implique l\u2019acceptation pure et simple du pr\u00e9sent r\u00e8glement dans son int\u00e9gralit\u00e9, sans condition ni r\u00e9serve, en ce y compris d\u2019\u00e9ventuelles modifications ult\u00e9rieures pouvant \u00eatre rendues n\u00e9cessaires, par exemple, suite \u00e0 un cas de force majeure et des lois et r\u00e8glements applicables aux concours en vigueur en Belgique.<\/p>\n<p><strong>8.2 Interpr\u00e9tation du r\u00e8glement<\/strong><\/p>\n<p>Toute demande concernant l\u2019interpr\u00e9tation du r\u00e8glement doit parvenir par \u00e9crit \u00e0 l\u2019adresse suivante:<\/p>\n<p>IGRETEC Boulevard Mayence, 1 \u00e0 6000 Charleroi, Belgique, ou sur le site Internet <a href=\"https:\/\/www.charleroi-metropole.be\">www.charleroi-metropole.be<\/a>, sur la page \u00ab Contactez-nous \u00bb en remplissant le formulaire.<\/p>\n<p>Toute interpr\u00e9tation litigieuse du pr\u00e9sent r\u00e8glement ainsi que tous les cas non pr\u00e9vus seront tranch\u00e9s par un jury d\u00e9sign\u00e9 par la Soci\u00e9t\u00e9 Organisatrice. Toute difficult\u00e9 d\u2019interpr\u00e9tation et tout cas litigieux seront tranch\u00e9s en dernier ressort par les Tribunaux du si\u00e8ge social de la Soci\u00e9t\u00e9 Organisatrice, seuls comp\u00e9tents.<\/li>\n<li class=\"legal__cookie\">\n<h2 class=\"legal__subtitle | subtitle\">ARTICLE 8. CONSULTATION<\/h2>\n<p>Le r\u00e8glement est soumis \u00e0 la loi belge et est consultable sur le site Internet <a href=\"https:\/\/www.charleroi-metropole.be\">www.charleroi-metropole.be<\/a>. Si une ou plusieurs dispositions du pr\u00e9sent r\u00e8glement \u00e9taient d\u00e9clar\u00e9es nulles ou inapplicables, les autres clauses garderaient toute leur force et leur port\u00e9e. Tout diff\u00e9rend n\u00e9 \u00e0 l\u2019occasion du concours fera l\u2019objet d\u2019une tentative de r\u00e8glement \u00e0 l\u2019amiable. \u00c0 d\u00e9faut d\u2019accord, le litige sera soumis aux juridictions comp\u00e9tentes dont d\u00e9pend le si\u00e8ge social de la Soci\u00e9t\u00e9 Organisatrice, sauf dispositions de droits publics contraires. Le r\u00e8glement complet est d\u00e9pos\u00e9 au si\u00e8ge social de Charleroi M\u00e9tropole, Boulevard Mayence, 1 \u00e0 6000 Charleroi, Belgique auquel est confi\u00e9 le contr\u00f4le du bon d\u00e9roulement de sa mise en \u0153uvre.<\/p>\n<p>Seul le r\u00e8glement d\u00e9pos\u00e9 aupr\u00e8s de la Soci\u00e9t\u00e9 Organisatrice fait foi.<\/p>\n<p>Date de mise \u00e0 jour : 26 novembre 2019<\/li>\n<\/ol>\n<\/section>\n","protected":false},"excerpt":{"rendered":"<p>R\u00e8glement Concours &#8211; Facebook, Instagram &amp; Site web &#8211; Charleroi M\u00e9tropole Tout concours organis\u00e9 par Charleroi M\u00e9tropole et post\u00e9 sur la page Facebook &amp; Instagram Charleroi M\u00e9tropole est soumis aux pr\u00e9sentes dispositions g\u00e9n\u00e9rales. Ces concours sont accessibles uniquement \u00e0 toute personne titulaire d\u2019un compte Facebook et\/ou Instagram. Les conditions g\u00e9n\u00e9rales de participation sont d\u00e9finies dans [&hellip;]<\/p>\n","protected":false},"author":27,"featured_media":0,"parent":0,"menu_order":0,"comment_status":"closed","ping_status":"closed","template":"legal.php","meta":{"footnotes":""},"class_list":["post-5021","page","type-page","status-publish","hentry"],"_links":{"self":[{"href":"https:\/\/charleroi-metropole.be\/fr\/wp-json\/wp\/v2\/pages\/5021"}],"collection":[{"href":"https:\/\/charleroi-metropole.be\/fr\/wp-json\/wp\/v2\/pages"}],"about":[{"href":"https:\/\/charleroi-metropole.be\/fr\/wp-json\/wp\/v2\/types\/page"}],"author":[{"embeddable":true,"href":"https:\/\/charleroi-metropole.be\/fr\/wp-json\/wp\/v2\/users\/27"}],"replies":[{"embeddable":true,"href":"https:\/\/charleroi-metropole.be\/fr\/wp-json\/wp\/v2\/comments?post=5021"}],"version-history":[{"count":0,"href":"https:\/\/charleroi-metropole.be\/fr\/wp-json\/wp\/v2\/pages\/5021\/revisions"}],"wp:attachment":[{"href":"https:\/\/charleroi-metropole.be\/fr\/wp-json\/wp\/v2\/media?parent=5021"}],"curies":[{"name":"wp","href":"https:\/\/api.w.org\/{rel}","templated":true}]}}