{"id":4620,"date":"2018-08-08T20:34:37","date_gmt":"2018-08-08T18:34:37","guid":{"rendered":"https:\/\/www.charleroi-metropole.be\/?page_id=4620"},"modified":"2021-06-03T16:21:41","modified_gmt":"2021-06-03T14:21:41","slug":"la-metropole","status":"publish","type":"page","link":"https:\/\/charleroi-metropole.be\/fr\/la-metropole\/","title":{"rendered":"La M\u00e9tropole"},"content":{"rendered":"<p>Charleroi M\u00e9tropole r\u00e9unit 30 communes et pr\u00e8s de 600.000 habitants. Elle dispose d\u2019atouts et de richesses ind\u00e9niables qu\u2019elle souhaite faire d\u00e9couvrir localement et internationalement.<\/p>\n","protected":false},"excerpt":{"rendered":"<p>Charleroi M\u00e9tropole r\u00e9unit 30 communes et pr\u00e8s de 600.000 habitants. Elle dispose d\u2019atouts et de richesses ind\u00e9niables qu\u2019elle souhaite faire d\u00e9couvrir localement et internationalement.<\/p>\n","protected":false},"author":27,"featured_media":0,"parent":0,"menu_order":0,"comment_status":"closed","ping_status":"closed","template":"template-la-metropole.php","meta":{"footnotes":""},"class_list":["post-4620","page","type-page","status-publish","hentry"],"_links":{"self":[{"href":"https:\/\/charleroi-metropole.be\/fr\/wp-json\/wp\/v2\/pages\/4620"}],"collection":[{"href":"https:\/\/charleroi-metropole.be\/fr\/wp-json\/wp\/v2\/pages"}],"about":[{"href":"https:\/\/charleroi-metropole.be\/fr\/wp-json\/wp\/v2\/types\/page"}],"author":[{"embeddable":true,"href":"https:\/\/charleroi-metropole.be\/fr\/wp-json\/wp\/v2\/users\/27"}],"replies":[{"embeddable":true,"href":"https:\/\/charleroi-metropole.be\/fr\/wp-json\/wp\/v2\/comments?post=4620"}],"version-history":[{"count":0,"href":"https:\/\/charleroi-metropole.be\/fr\/wp-json\/wp\/v2\/pages\/4620\/revisions"}],"wp:attachment":[{"href":"https:\/\/charleroi-metropole.be\/fr\/wp-json\/wp\/v2\/media?parent=4620"}],"curies":[{"name":"wp","href":"https:\/\/api.w.org\/{rel}","templated":true}]}}