{"id":4619,"date":"2019-09-12T10:31:46","date_gmt":"2019-09-12T08:31:46","guid":{"rendered":"https:\/\/www.charleroi-metropole.be\/?page_id=4619"},"modified":"2024-10-25T10:26:43","modified_gmt":"2024-10-25T08:26:43","slug":"structures-de-charleroi-metropole","status":"publish","type":"page","link":"https:\/\/charleroi-metropole.be\/fr\/la-metropole\/structures-de-charleroi-metropole\/","title":{"rendered":"Structures de Charleroi M\u00e9tropole"},"content":{"rendered":"\n<div class=\"wp-block-group alignfull top-page-img-content-container has-white-background-color has-background is-layout-constrained wp-block-group-is-layout-constrained\" style=\"padding-top:0\">\n<div class=\"wp-block-group alignfull top-page-img-content has-pastel-green-background-color has-background is-layout-constrained wp-container-core-group-is-layout-1 wp-block-group-is-layout-constrained\" style=\"border-right-width:80px;border-left-color:var(--wp--preset--color--white);border-left-width:80px;margin-top:0;margin-bottom:0;padding-top:var(--wp--preset--spacing--50);padding-right:0;padding-bottom:300px;padding-left:0\"><h1 style=\"font-size:7rem;font-style:normal;font-weight:500;line-height:1.1; margin-top:var(--wp--preset--spacing--30);margin-bottom:var(--wp--preset--spacing--30);\" class=\"wp-block-post-title\">Structures de Charleroi M\u00e9tropole<\/h1>\n\n\n<p class=\"has-text-color has-link-color wp-elements-3aa8e3d32a0407212da6a912192fe802\" style=\"color:#000000a3;margin-top:var(--wp--preset--spacing--30);margin-bottom:var(--wp--preset--spacing--50)\">Plusieurs organes pilotent l\u2019organisation de Charleroi M\u00e9tropole afin de cr\u00e9er une v\u00e9ritable strat\u00e9gie supracommunale \u00e0 l&rsquo;\u00e9chelle de ce territoire qui rassemble 30 communes et une multiplicit\u00e9 d&rsquo;acteurs issus de tous les secteurs.<br><\/p>\n<\/div>\n\n\n<figure class=\"wp-block-post-featured-image\"><img loading=\"lazy\" decoding=\"async\" width=\"1300\" height=\"613\" src=\"https:\/\/charleroi-metropole.be\/wp-content\/uploads\/2024\/08\/la-metropole-structure-2.webp\" class=\"attachment-post-thumbnail size-post-thumbnail wp-post-image\" alt=\"\" style=\"object-fit:cover;\" srcset=\"https:\/\/charleroi-metropole.be\/wp-content\/uploads\/2024\/08\/la-metropole-structure-2.webp 1300w, https:\/\/charleroi-metropole.be\/wp-content\/uploads\/2024\/08\/la-metropole-structure-2-600x283.webp 600w, https:\/\/charleroi-metropole.be\/wp-content\/uploads\/2024\/08\/la-metropole-structure-2-768x362.webp 768w\" sizes=\"(max-width: 1300px) 100vw, 1300px\" \/><\/figure><\/div>\n\n\n\n<div class=\"wp-block-group is-layout-constrained wp-block-group-is-layout-constrained\">\n<h2 class=\"wp-block-heading has-xx-large-font-size\">L\u2019organisation de Charleroi M\u00e9tropole : historique et nouvelles instances<\/h2>\n\n\n\n<p>Charleroi M\u00e9tropole \u0153uvre depuis de nombreuses ann\u00e9es \u00e0 la structuration et la coordination des forces-vives, ainsi qu\u2019\u00e0 la mise en \u0153uvre d\u2019actions et de projets structurants pour acc\u00e9l\u00e9rer le d\u00e9veloppement socio-\u00e9conomique et territorial de notre bassin de vie.<\/p>\n\n\n\n<p>Ainsi, 2 organes pilotaient jusqu\u2019\u00e0 r\u00e9cemment les dynamiques supralocales&nbsp;:&nbsp;le&nbsp;<strong>Comit\u00e9 de d\u00e9veloppement strat\u00e9gique<\/strong>&nbsp;(CDS), cr\u00e9\u00e9 en 2007, et la&nbsp;<strong>Conf\u00e9rence des bourgmestres de Charleroi M\u00e9tropole<\/strong>, n\u00e9e en septembre 2017.<\/p>\n\n\n\n<p>Afin de gagner en efficacit\u00e9 et de doter Charleroi M\u00e9tropole d\u2019un statut juridique, la&nbsp;<strong>Soci\u00e9t\u00e9 Coop\u00e9rative Charleroi M\u00e9tropole a \u00e9t\u00e9 constitu\u00e9e en date du 18 septembre 2023<\/strong>. Cette nouvelle structure juridique, dont le Conseil d\u2019Administration est compos\u00e9 \u00e0 la fois de repr\u00e9sentants issus des mondes \u00e9conomique, syndical et politique, permet de consolider et de poursuivre les travaux initi\u00e9s par les deux instances historiques du territoire.<\/p>\n<\/div>\n\n\n\n<div class=\"wp-block-group alignwide is-content-justification-center is-nowrap is-layout-flex wp-container-core-group-is-layout-4 wp-block-group-is-layout-flex\" style=\"margin-top:var(--wp--preset--spacing--70);margin-bottom:var(--wp--preset--spacing--70)\">\n<figure class=\"wp-block-image size-full has-custom-border\"><img decoding=\"async\" src=\"https:\/\/cm-site.fidelodev.be\/wp-content\/uploads\/2024\/07\/charleroi-metropole-AXES_V2-compresse.webp\" alt=\"\" class=\"wp-image-15429\" style=\"border-style:none;border-width:0px\"\/><\/figure>\n<\/div>\n\n\n\n<div class=\"wp-block-group is-layout-constrained wp-block-group-is-layout-constrained\">\n<h2 class=\"wp-block-heading has-xx-large-font-size\">Des axes strat\u00e9giques pour le d\u00e9veloppement socio-\u00e9conomique et territorial<\/h2>\n\n\n\n<p>Quelques d\u00e9finitions&nbsp;:<\/p>\n\n\n\n<h3 class=\"wp-block-heading\"><strong>Ecosyst\u00e8mes<\/strong><\/h3>\n\n\n\n<p>Dans la dynamique de d\u00e9veloppement de Charleroi M\u00e9tropole, les \u00e9cosyst\u00e8mes sont des organisations multi-acteurs qui se structurent, s\u2019organisent et coop\u00e8rent autour de secteurs sp\u00e9cifiques. En concentrant et coordonnant 4 leviers-cl\u00e9s&nbsp;\u2013 Formation, Recherche, Incubation et Infrastructure -, l\u2019\u00e9cosyst\u00e8me permet de cr\u00e9er un espace fertile \u00e0 la d\u00e9multiplication des projets et leur concr\u00e9tisation, et \u00e0 positionner Charleroi M\u00e9tropole comme territoire d\u2019excellence pour ces secteurs strat\u00e9giques du d\u00e9veloppement socio-\u00e9conomique de la M\u00e9tropole.<\/p>\n\n\n\n<p><strong>Axes transversaux<\/strong><\/p>\n\n\n\n<p>En support aux \u00e9cosyst\u00e8mes, diff\u00e9rents axes transversaux sont travaill\u00e9s au niveau de la M\u00e9tropole. , Ils visent \u00e0&nbsp; offrir de meilleures conditions de vie aux citoyens, \u00e0 favoriser l\u2019attractivit\u00e9 de la r\u00e9gion, \u00e0 am\u00e9liorer la mobilit\u00e9,&nbsp; \u00e0 d\u00e9velopper l\u2019offre de formation, \u00e0 tendre vers une M\u00e9tropole plus durable et r\u00e9siliente, ou encore l\u2019\u00e0 accompagner les porteurs de projets, propices au d\u00e9veloppement socio-\u00e9conomique du territoire.<\/p>\n\n\n\n<p><strong>Commissions th\u00e9matiques<\/strong><\/p>\n\n\n\n<p>Compl\u00e9mentairement aux Conseils de Charleroi M\u00e9tropole, les Commissions permettent de r\u00e9unir les acteurs-cl\u00e9s (op\u00e9rateurs, experts, partenaires\u2026) d\u2019une th\u00e9matique sp\u00e9cifique. Elles ont vocation \u00e0 cr\u00e9er un lieu d\u2019\u00e9change et de coordination, de structuration de la strat\u00e9gie supracommunale, de stimulation et de suivi des projets port\u00e9s par les diff\u00e9rents partenaires sur l\u2019ensemble de la M\u00e9tropole.<\/p>\n<\/div>\n\n\n\n<div style=\"height:100px\" aria-hidden=\"true\" class=\"wp-block-spacer\"><\/div>\n\n\n\n<div class=\"wp-block-group alignwide is-layout-constrained wp-block-group-is-layout-constrained\">\n<div class=\"wp-block-buttons alignwide is-layout-flex wp-block-buttons-is-layout-flex\" style=\"margin-top:var(--wp--preset--spacing--40);margin-bottom:var(--wp--preset--spacing--40)\">\n<div class=\"wp-block-button\"><a class=\"wp-block-button__link has-primary-background-color has-background wp-element-button\" href=\"\/fr\/decouvrir\" style=\"border-radius:8px\">Blog<\/a><\/div>\n<\/div>\n\n\n\n<div class=\"wp-block-group alignwide is-content-justification-space-between is-nowrap is-layout-flex wp-container-core-group-is-layout-6 wp-block-group-is-layout-flex\">\n<h3 class=\"wp-block-heading home__boroughs__title\">Nos derniers articles en relation <\/h3>\n\n\n\n<div class=\"wp-block-buttons is-layout-flex wp-block-buttons-is-layout-flex\">\n<div class=\"wp-block-button\"><a class=\"wp-block-button__link has-contrast-color has-base-2-background-color has-text-color has-background has-link-color wp-element-button\" href=\"\/fr\/decouvrir\" style=\"border-width:2px\">Tous les articles<\/a><\/div>\n<\/div>\n<\/div>\n\n\n\n<div style=\"height:60px\" aria-hidden=\"true\" class=\"wp-block-spacer\"><\/div>\n\n\n\n<div class=\"wp-block-query alignwide is-layout-flow wp-block-query-is-layout-flow\"><ul class=\"columns-3 wp-block-post-template is-layout-grid wp-container-core-post-template-is-layout-1 wp-block-post-template-is-layout-grid\"><li class=\"wp-block-post post-19198 post type-post status-publish format-standard has-post-thumbnail hentry category-alimentation-locale category-dynamisme-economique category-lifestyle\">\n\n<div class=\"wp-block-group is-vertical is-content-justification-stretch is-layout-flex wp-container-core-group-is-layout-7 wp-block-group-is-layout-flex\" style=\"min-height:100%\"><figure style=\"aspect-ratio:1;width:100%;height:300px;\" class=\"wp-block-post-featured-image\"><a href=\"https:\/\/charleroi-metropole.be\/fr\/decouvrir\/ce-mois-ci-on-fait-ses-courses-autrement-et-cest-plutot-sympa\/\" target=\"_self\"  style=\"height:300px\"><img loading=\"lazy\" decoding=\"async\" width=\"2364\" height=\"875\" src=\"https:\/\/charleroi-metropole.be\/wp-content\/uploads\/2026\/03\/mois-sans-sup_couverture-FB_-8.jpg\" class=\"attachment-post-thumbnail size-post-thumbnail wp-post-image\" alt=\"Ce mois-ci, on fait ses courses autrement (et c&rsquo;est plut\u00f4t sympa)\" style=\"border-radius:30px;width:100%;height:100%;object-fit:cover;\" srcset=\"https:\/\/charleroi-metropole.be\/wp-content\/uploads\/2026\/03\/mois-sans-sup_couverture-FB_-8.jpg 2364w, https:\/\/charleroi-metropole.be\/wp-content\/uploads\/2026\/03\/mois-sans-sup_couverture-FB_-8-600x222.jpg 600w, https:\/\/charleroi-metropole.be\/wp-content\/uploads\/2026\/03\/mois-sans-sup_couverture-FB_-8-1600x592.jpg 1600w, https:\/\/charleroi-metropole.be\/wp-content\/uploads\/2026\/03\/mois-sans-sup_couverture-FB_-8-768x284.jpg 768w, https:\/\/charleroi-metropole.be\/wp-content\/uploads\/2026\/03\/mois-sans-sup_couverture-FB_-8-1536x569.jpg 1536w, https:\/\/charleroi-metropole.be\/wp-content\/uploads\/2026\/03\/mois-sans-sup_couverture-FB_-8-2048x758.jpg 2048w\" sizes=\"(max-width: 2364px) 100vw, 2364px\" \/><\/a><\/figure>\n\n<h2 class=\"wp-block-post-title\"><a href=\"https:\/\/charleroi-metropole.be\/fr\/decouvrir\/ce-mois-ci-on-fait-ses-courses-autrement-et-cest-plutot-sympa\/\" target=\"_blank\" >Ce mois-ci, on fait ses courses autrement (et c&rsquo;est plut\u00f4t sympa)<\/a><\/h2>\n\n<div class=\"wp-block-post-date\"><time datetime=\"2026-04-02T10:55:31+02:00\">02\/04\/2026<\/time><\/div><\/div>\n\n<\/li><li class=\"wp-block-post post-19049 post type-post status-publish format-standard has-post-thumbnail hentry category-cm\">\n\n<div class=\"wp-block-group is-vertical is-content-justification-stretch is-layout-flex wp-container-core-group-is-layout-8 wp-block-group-is-layout-flex\" style=\"min-height:100%\"><figure style=\"aspect-ratio:1;width:100%;height:300px;\" class=\"wp-block-post-featured-image\"><a href=\"https:\/\/charleroi-metropole.be\/fr\/decouvrir\/charleroi-metropole-reunit-ses-elus\/\" target=\"_self\"  style=\"height:300px\"><img loading=\"lazy\" decoding=\"async\" width=\"2048\" height=\"1365\" src=\"https:\/\/charleroi-metropole.be\/wp-content\/uploads\/2026\/03\/CM-10.jpg\" class=\"attachment-post-thumbnail size-post-thumbnail wp-post-image\" alt=\"Charleroi M\u00e9tropole r\u00e9unit ses \u00e9lus\" style=\"border-radius:30px;width:100%;height:100%;object-fit:cover;\" srcset=\"https:\/\/charleroi-metropole.be\/wp-content\/uploads\/2026\/03\/CM-10.jpg 2048w, https:\/\/charleroi-metropole.be\/wp-content\/uploads\/2026\/03\/CM-10-600x400.jpg 600w, https:\/\/charleroi-metropole.be\/wp-content\/uploads\/2026\/03\/CM-10-1600x1066.jpg 1600w, https:\/\/charleroi-metropole.be\/wp-content\/uploads\/2026\/03\/CM-10-768x512.jpg 768w, https:\/\/charleroi-metropole.be\/wp-content\/uploads\/2026\/03\/CM-10-1536x1024.jpg 1536w\" sizes=\"(max-width: 2048px) 100vw, 2048px\" \/><\/a><\/figure>\n\n<h2 class=\"wp-block-post-title\"><a href=\"https:\/\/charleroi-metropole.be\/fr\/decouvrir\/charleroi-metropole-reunit-ses-elus\/\" target=\"_blank\" >Charleroi M\u00e9tropole r\u00e9unit ses \u00e9lus<\/a><\/h2>\n\n<div class=\"wp-block-post-date\"><time datetime=\"2026-03-31T16:25:52+02:00\">31\/03\/2026<\/time><\/div><\/div>\n\n<\/li><li class=\"wp-block-post post-18970 post type-post status-publish format-standard has-post-thumbnail hentry category-autres\">\n\n<div class=\"wp-block-group is-vertical is-content-justification-stretch is-layout-flex wp-container-core-group-is-layout-9 wp-block-group-is-layout-flex\" style=\"min-height:100%\"><figure style=\"aspect-ratio:1;width:100%;height:300px;\" class=\"wp-block-post-featured-image\"><a href=\"https:\/\/charleroi-metropole.be\/fr\/decouvrir\/semaine-de-larbre-distributions-et-animations-a-charleroi-metropole\/\" target=\"_self\"  style=\"height:300px\"><img loading=\"lazy\" decoding=\"async\" width=\"612\" height=\"408\" src=\"https:\/\/charleroi-metropole.be\/wp-content\/uploads\/2022\/11\/haies-2.jpg\" class=\"attachment-post-thumbnail size-post-thumbnail wp-post-image\" alt=\"Semaine de l\u2019Arbre : distributions et animations \u00e0 Charleroi M\u00e9tropole\" style=\"border-radius:30px;width:100%;height:100%;object-fit:cover;\" srcset=\"https:\/\/charleroi-metropole.be\/wp-content\/uploads\/2022\/11\/haies-2.jpg 612w, https:\/\/charleroi-metropole.be\/wp-content\/uploads\/2022\/11\/haies-2-600x400.jpg 600w\" sizes=\"(max-width: 612px) 100vw, 612px\" \/><\/a><\/figure>\n\n<h2 class=\"wp-block-post-title\"><a href=\"https:\/\/charleroi-metropole.be\/fr\/decouvrir\/semaine-de-larbre-distributions-et-animations-a-charleroi-metropole\/\" target=\"_blank\" >Semaine de l\u2019Arbre : distributions et animations \u00e0 Charleroi M\u00e9tropole<\/a><\/h2>\n\n<div class=\"wp-block-post-date\"><time datetime=\"2025-11-18T15:16:40+02:00\">18\/11\/2025<\/time><\/div><\/div>\n\n<\/li><\/ul>\n\n<\/div>\n<\/div>\n\n\n\n<div style=\"height:200px\" aria-hidden=\"true\" class=\"wp-block-spacer\"><\/div>\n","protected":false},"excerpt":{"rendered":"<p>Plusieurs organes pilotent l\u2019organisation de Charleroi M\u00e9tropole afin de cr\u00e9er une v\u00e9ritable strat\u00e9gie supracommunale \u00e0 l&rsquo;\u00e9chelle de ce territoire qui rassemble 30 communes et une multiplicit\u00e9 d&rsquo;acteurs issus de tous les secteurs. L\u2019organisation de Charleroi M\u00e9tropole : historique et nouvelles instances Charleroi M\u00e9tropole \u0153uvre depuis de nombreuses ann\u00e9es \u00e0 la structuration et la coordination des [&hellip;]<\/p>\n","protected":false},"author":27,"featured_media":16680,"parent":4620,"menu_order":0,"comment_status":"closed","ping_status":"closed","template":"","meta":{"footnotes":""},"class_list":["post-4619","page","type-page","status-publish","has-post-thumbnail","hentry"],"_links":{"self":[{"href":"https:\/\/charleroi-metropole.be\/fr\/wp-json\/wp\/v2\/pages\/4619"}],"collection":[{"href":"https:\/\/charleroi-metropole.be\/fr\/wp-json\/wp\/v2\/pages"}],"about":[{"href":"https:\/\/charleroi-metropole.be\/fr\/wp-json\/wp\/v2\/types\/page"}],"author":[{"embeddable":true,"href":"https:\/\/charleroi-metropole.be\/fr\/wp-json\/wp\/v2\/users\/27"}],"replies":[{"embeddable":true,"href":"https:\/\/charleroi-metropole.be\/fr\/wp-json\/wp\/v2\/comments?post=4619"}],"version-history":[{"count":10,"href":"https:\/\/charleroi-metropole.be\/fr\/wp-json\/wp\/v2\/pages\/4619\/revisions"}],"predecessor-version":[{"id":17435,"href":"https:\/\/charleroi-metropole.be\/fr\/wp-json\/wp\/v2\/pages\/4619\/revisions\/17435"}],"up":[{"embeddable":true,"href":"https:\/\/charleroi-metropole.be\/fr\/wp-json\/wp\/v2\/pages\/4620"}],"wp:featuredmedia":[{"embeddable":true,"href":"https:\/\/charleroi-metropole.be\/fr\/wp-json\/wp\/v2\/media\/16680"}],"wp:attachment":[{"href":"https:\/\/charleroi-metropole.be\/fr\/wp-json\/wp\/v2\/media?parent=4619"}],"curies":[{"name":"wp","href":"https:\/\/api.w.org\/{rel}","templated":true}]}}