{"id":23,"date":"2018-08-23T17:28:36","date_gmt":"2018-08-23T15:28:36","guid":{"rendered":"https:\/\/www.charleroi-metropole.be\/?page_id=23"},"modified":"2019-09-13T14:27:55","modified_gmt":"2019-09-13T12:27:55","slug":"cookies-policy","status":"publish","type":"page","link":"https:\/\/charleroi-metropole.be\/fr\/cookies-policy\/","title":{"rendered":"Cookies Policy"},"content":{"rendered":"<header class=\"legal__header | col-8 col--free | ctr\">\n<h1 class=\"legal__title | title title--xlarge\">Cookies Policy<\/h1>\n<h5 class=\"legal__disclaimer\">Charleroi M\u00e9tropole ne disposant pas d&rsquo;une identit\u00e9 juridique propre, elle est repr\u00e9sent\u00e9e par l&rsquo;intercommunale IGRETEC pour tous les aspects juridiques.<\/h5>\n<\/header>\n<section class=\"legal__content | col-8 col--free | ctr\">\n<ol class=\"legal__cookies\">\n<li class=\"legal__cookie\">\n<h2 class=\"legal__subtitle | subtitle\">1. Cookies<\/h2>\n<p>Les cookies sont de petits fichiers de donn\u00e9es ou de texte plac\u00e9s sur votre ordinateur local par des sites internet ou des applications. De tels cookies peuvent poursuivre diff\u00e9rentes finalit\u00e9s. On distingue ainsi les cookies fonctionnels (par exemple, lorsque vous faites un choix de langue ou lorsque vous ajoutez des achats \u00e0 votre \u00ab caddy \u00bb), les cookies de session (temporaires) et les cookies de tracking (qui analysent et enregistrent le comportement que vous adoptez sur le site internet en question afin de vous offrir une exp\u00e9rience d&rsquo;utilisation optimale).<\/p>\n<p>La loi belge du 13 juin 2005 relative aux communications \u00e9lectroniques contient quelques dispositions relatives aux cookies et \u00e0 leur utilisation sur les sites internet. L&rsquo;application de la loi belge d\u00e9coule de la directive europ\u00e9enne e-Privacy, ce qui implique que l&rsquo;utilisation des cookies et leur r\u00e9glementation au niveau national diff\u00e8rent selon les pays europ\u00e9ens.<\/li>\n<li class=\"legal__cookie\">\n<h2 class=\"legal__subtitle | subtitle\">2. Quelle est l&rsquo;utilit\u00e9 des cookies ?<\/h2>\n<p>Charleroi M\u00e9tropole souhaite vous informer le plus pr\u00e9cis\u00e9ment possible des r\u00e8gles entourant l&rsquo;utilisation des cookies et des types de cookies qu&rsquo;elle utilise sur son site. En utilisant notre site, vous marquez votre accord avec l&rsquo;utilisation de cookies. Les cookies aident Charleroi M\u00e9tropole \u00e0 optimiser votre visite de son site internet, \u00e0 se souvenir de vos choix techniques (comme un choix de langue, une newsletter, etc.), et \u00e0 vous proposer des offres et des services toujours plus adapt\u00e9s \u00e0 vos besoins.<\/p>\n<p>Pour pouvoir utiliser le site internet de Charleroi M\u00e9tropole, il est recommand\u00e9 d&rsquo;activer les cookies. Si les cookies sont d\u00e9sactiv\u00e9s, il est possible que nous ne soyons pas en mesure de vous garantir une visite de notre site qui soit d\u00e9nu\u00e9e de tout probl\u00e8me technique. Cependant, vous restez tout \u00e0 fait libre de d\u00e9sactiver les cookies si vous le souhaitez.<\/p>\n<p>Nous utilisons des cookies pour am\u00e9liorer votre visite et votre utilisation de notre site internet. Les cookies que nous utilisons sont s\u00fbrs. Les informations que nous collectons \u00e0 l&rsquo;aide des cookies nous aident \u00e0 identifier les \u00e9ventuelles erreurs qui se trouvent sur notre site internet et \u00e0 vous proposer des services sp\u00e9cifiques et personnalis\u00e9s dont nous pensons qu&rsquo;ils peuvent vous int\u00e9resser.<\/li>\n<li class=\"legal__cookie\">\n<h2 class=\"legal__subtitle | subtitle\">3. Quels types de cookies utilise Charleroi M\u00e9tropole?<\/h2>\n<p>Nous distinguons les types de cookies suivants, en fonction de leurs finalit\u00e9s :<\/p>\n<ul class=\"legal__maincookies\">\n<li class=\"legal__maincookie\">\n<h3 class=\"title title--small\">Cookies essentiels \/ strictement n\u00e9cessaires:<\/h3>\n<p>Ces cookies sont n\u00e9cessaires pour le bon fonctionnement de notre site internet et ne peuvent pas \u00eatre d\u00e9sactiv\u00e9s. Ils sont configur\u00e9s en r\u00e9ponse aux actions que vous faites sur notre site internet, comme d\u00e9finir vos param\u00e8tres de confidentialit\u00e9, vos identifiants de connexion ou remplir nos formulaires. Ces cookies permettent de faciliter votre navigation sur notre site internet (par exemple, revenir \u00e0 une page pr\u00e9c\u00e9dente, etc.).<\/li>\n<li class=\"legal__maincookie\">\n<h3 class=\"title title--small\">Cookies non-essentiels<\/h3>\n<p>Ces cookies ne sont pas n\u00e9cessaires au bon fonctionnement de notre site internet mais ils nous aident \u00e0 vous proposer une exp\u00e9rience d&rsquo;utilisation am\u00e9lior\u00e9e et personnalis\u00e9e.<\/p>\n<ul class=\"legal__list | legal__subcookies\">\n<li class=\"legal__subcookie\">\n<h4>Cookies fonctionnels<\/h4>\n<p>Gr\u00e2ce \u00e0 ces cookies, nous pouvons vous offrir un fonctionnement et une exp\u00e9rience d&rsquo;utilisation de notre site internet qui soient optimales et personnalis\u00e9s. Ces cookies peuvent \u00eatre plac\u00e9s sur votre ordinateur par Charleroi M\u00e9tropole ou par des fournisseurs externes dont nous avons ajout\u00e9 les services \u00e0 nos pages.<\/li>\n<li class=\"legal__subcookie\">\n<h4>Cookies analytiques<\/h4>\n<p>Avec ces cookies, nous pouvons analyser les visites de notre site internet et le trafic, afin de pouvoir mesurer et am\u00e9liorer les performances de notre site internet. Ces cookies nous permettent de voir quelles pages sont les plus populaires et quelles sont les habitudes de navigation de nos visiteurs.<\/li>\n<li class=\"legal__subcookie\">\n<h4>Cookies de suivi<\/h4>\n<p>Ces cookies peuvent \u00eatre plac\u00e9s sur notre site internet par nos partenaires publicitaires. Ils peuvent \u00eatre utilis\u00e9s par ces entreprises pour cibler vos pr\u00e9f\u00e9rences et vous proposer des publicit\u00e9s pertinentes sur d&rsquo;autres sites internet.<\/li>\n<\/ul>\n<\/li>\n<\/ul>\n<p>Nous utilisons deux types de cookies, nos propres cookies et les cookies de partenaires soigneusement s\u00e9lectionn\u00e9s avec lesquels nous collaborons et qui font de la publicit\u00e9 pour nos services sur leur site internet.<\/li>\n<li class=\"legal__cookie\">\n<h2 class=\"legal__subtitle | subtitle\">4. Third party cookies<\/h2>\n<p>Nom de domaine : <a href=\"http:\/\/www.charleroi-metrople.be\">www.charleroi-metrople.be<\/a><\/p>\n<table class=\"legal__cookie__table\">\n<tbody>\n<tr>\n<th>Nom du cookie<\/th>\n<th>Type de cookie<\/th>\n<th>Dur\u00e9e de conservation<\/th>\n<\/tr>\n<tr>\n<td>__ga<\/td>\n<td>Analytical &#8211; The Google Universal analytics javascript library uses first-party cookies to : distinguish unique users and throttle the request rate. To opt out, <a href=\"https:\/\/tools.google.com\/dlpage\/gaoptout?hl=en\" target=\"_blank\" rel=\"noopener\">click here<\/a>.<\/td>\n<td>2 ans<\/td>\n<\/tr>\n<tr>\n<td>__gat<\/td>\n<td>Analytical &#8211; Used to distinguish users<\/td>\n<td>session<\/td>\n<\/tr>\n<tr>\n<td>__gid<\/td>\n<td>Analytical &#8211; Used to distinguish users<\/td>\n<td>1 minute<\/td>\n<\/tr>\n<tr>\n<td>cookies<\/td>\n<td>Technical &#8211; Used to remember if the user has accepted the cookie policy.<\/td>\n<td>1 an<\/td>\n<\/tr>\n<\/tbody>\n<\/table>\n<p>Nous vous invitions \u00e0 consulter notre <a href=\"https:\/\/www.charleroi-metropole.be\/fr\/politique-vie-privee\/\">Charte Vie Priv\u00e9e<\/a> pour plus d&rsquo;information concernant le traitement de vos donn\u00e9es personnelles par Charleroi M\u00e9tropole.<\/li>\n<li class=\"legal__cookie\">\n<h2 class=\"legal__subtitle | subtitle\">5. Comment puis-je g\u00e9rer mes cookies ?<\/h2>\n<p>Veillez \u00e0 ce que les cookies soient activ\u00e9s dans votre navigateur. Pour activer les cookies, vous devez effectuer les op\u00e9rations suivantes :<\/p>\n<ul class=\"legal__runthroughs\">\n<li>\n<h3 class=\"title title--small\">Si votre navigateur est de type Microsoft Internet Explorer<\/h3>\n<ol class=\"legal__list | legal__runthrough\">\n<li>Dans Internet Explorer, cliquez sur \u00ab Options Internet \u00bb dans le menu \u00ab Outils \u00bb.<\/li>\n<li>Dans l&rsquo;onglet \u00ab Confidentialit\u00e9 \u00bb, cliquez sur \u00ab Param\u00e8tres \u00bb et puis sur \u00ab Avanc\u00e9 \u00bb.<\/li>\n<li>D\u00e9placez le curseur vers le bas pour autoriser les cookies.<\/li>\n<li>Cliquez sur OK.<\/li>\n<\/ol>\n<\/li>\n<li>\n<h3 class=\"title title--small\">Si votre navigateur est de type Mozilla Firefox<\/h3>\n<ol class=\"legal__list | legal__runthrough\">\n<li>Cliquez sur le bouton \u00ab Menu \u00bb (repr\u00e9sent\u00e9 par trois barres horizontales) dans le coin sup\u00e9rieur droit de votre navigateur et cliquez sur \u00ab Pr\u00e9f\u00e9rences \u00bb.<\/li>\n<li>S\u00e9lectionnez l&rsquo;onglet \u00ab Vie Priv\u00e9e \u00bb.<\/li>\n<li>Dans l&rsquo;espace \u00ab Historique \u00bb, s\u00e9lectionnez \u00ab Utiliser les param\u00e8tres personnalis\u00e9s pour l&rsquo;historique \u00bb.<\/li>\n<li>Cochez \u00ab Accepter les cookies \u00bb.<\/li>\n<\/ol>\n<\/li>\n<li>\n<h3 class=\"title title--small\">Si votre navigateur est de type Google Chrome<\/h3>\n<ol class=\"legal__list | legal__runthrough\">\n<li>Ouvrez Chrome.<\/li>\n<li>Cliquez sur l&#8217;embl\u00e8me des \u2018trois petits points superpos\u00e9s&rsquo; qui se trouve en haut \u00e0 droite de votre \u00e9cran et puis sur \u00ab Param\u00e8tres \u00bb.<\/li>\n<li>Cliquez sur \u00ab Param\u00e8tres avanc\u00e9s \u00bb.<\/li>\n<li>Cherchez la section \u00ab Confidentialit\u00e9 et s\u00e9curit\u00e9 \u00bb et cliquez sur \u00ab Param\u00e8tres du contenu \u00bb.<\/li>\n<li>Cliquez sur l&rsquo;option \u00ab Cookies \u00bb.<\/li>\n<li>S\u00e9lectionnez l&rsquo;option \u00ab Autoriser les sites \u00e0 enregistrer\/lire les donn\u00e9es des cookies \u00bb.<\/li>\n<\/ol>\n<\/li>\n<li>\n<h3 class=\"title title--small\">Si votre navigateur est de type Safari<\/h3>\n<ol class=\"legal__list | legal__runthrough\">\n<li>Cliquez sur \u00ab Pr\u00e9f\u00e9rences \u00bb dans le menu \u00ab Safari \u00bb (que vous trouverez dans la fen\u00eatre du navigateur Safari).<\/li>\n<li>Cliquez ensuite sur l&rsquo;onglet \u00ab S\u00e9curit\u00e9 \u00bb.<\/li>\n<li>Cliquez sur \u00ab Accepter les cookies \u00bb et sur \u00ab Toujours \u00bb ou \u00ab Provenant seulement des sites que je visite \u00bb.<\/li>\n<\/ol>\n<\/li>\n<\/ul>\n<p>Si vous consultez le site internet de Charleroi M\u00e9tropole, il est recommand\u00e9 d&rsquo;activer les cookies. Toutefois, vous restez libre de d\u00e9sactiver les cookies via les param\u00e8tres de votre navigateur. Pour d\u00e9sactiver les cookies, vous devez effectuer les op\u00e9rations suivantes :<\/p>\n<ul>\n<li>\n<h3 class=\"title title--small\">Si votre navigateur est de type Microsoft Internet Explorer<\/h3>\n<ol class=\"legal__list | legal__runthrough\">\n<li>Dans Internet Explorer, cliquez sur \u00ab Options Internet \u00bb dans le menu \u00ab Outils \u00bb.<\/li>\n<li>Dans l&rsquo;onglet \u00ab Confidentialit\u00e9 \u00bb, cliquez sur \u00ab Param\u00e8tres \u00bb et puis sur \u00ab Avanc\u00e9 \u00bb.<\/li>\n<li>D\u00e9placez le curseur vers le haut pour autoriser les cookies.<\/li>\n<li>Cliquez sur OK.<\/li>\n<\/ol>\n<\/li>\n<li>\n<h3 class=\"title title--small\">Si votre navigateur est de type Mozilla Firefox<\/h3>\n<ol class=\"legal__list | legal__runthrough\">\n<li>Cliquez sur le bouton \u00ab Menu \u00bb (repr\u00e9sent\u00e9 par trois barres horizontales) dans le coin sup\u00e9rieur droit de votre navigateur et cliquez sur \u00ab Pr\u00e9f\u00e9rences \u00bb.<\/li>\n<li>S\u00e9lectionnez l&rsquo;onglet \u00ab Vie Priv\u00e9e \u00bb.<\/li>\n<li>Dans l&rsquo;espace \u00ab Historique \u00bb, s\u00e9lectionnez \u00ab Utiliser les param\u00e8tres personnalis\u00e9s pour l&rsquo;historique \u00bb.<\/li>\n<li>D\u00e9sactivez \u00ab Accepter les cookies \u00bb.<\/li>\n<\/ol>\n<\/li>\n<li>\n<h3 class=\"title title--small\">Si votre navigateur est de type Google Chrome<\/h3>\n<ol class=\"legal__list | legal__runthrough\">\n<li>Ouvrez Chrome.<\/li>\n<li>Cliquez sur l&#8217;embl\u00e8me des \u2018trois petits points superpos\u00e9s&rsquo; qui se trouve en haut \u00e0 droite de votre \u00e9cran et puis sur \u00ab Param\u00e8tres \u00bb.<\/li>\n<li>Cliquez sur \u00ab Param\u00e8tres avanc\u00e9s \u00bb.<\/li>\n<li>Cherchez la section \u00ab Confidentialit\u00e9 et s\u00e9curit\u00e9 \u00bb et cliquez sur \u00ab Param\u00e8tres du contenu \u00bb.<\/li>\n<li>Cliquez sur l&rsquo;option \u00ab Cookies \u00bb.<\/li>\n<li>D\u00e9sactivez l&rsquo;option \u00ab Autoriser les sites \u00e0 enregistrer\/lire les donn\u00e9es des cookies \u00bb.<\/li>\n<\/ol>\n<\/li>\n<li>\n<h3 class=\"title title--small\">Si votre navigateur est de type Safari<\/h3>\n<ol class=\"legal__list | legal__runthrough\">\n<li>Cliquez sur \u00ab Pr\u00e9f\u00e9rences \u00bb dans le menu \u00ab Safari \u00bb (que vous trouverez dans la fen\u00eatre du navigateur Safari).<\/li>\n<li>Cliquez ensuite sur l&rsquo;onglet \u00ab S\u00e9curit\u00e9 \u00bb.<\/li>\n<li>Choisissez de bloquer les Cookies.<\/li>\n<\/ol>\n<\/li>\n<\/ul>\n<\/li>\n<li class=\"legal__cookie\">\n<h2 class=\"legal__subtitle | subtitle\">6. Quels sont mes droits?<\/h2>\n<p>D\u00e8s lors que les cookies peuvent impliquer un traitement de vos donn\u00e9es personnelles, vous disposez du droit \u00e0 un traitement l\u00e9gitime et s\u00e9curis\u00e9 de vos donn\u00e9es personnelles. En tant que sujet concern\u00e9 par le traitement de vos donn\u00e9es personnelles, vous disposez des droits suivants :<\/p>\n<ul class=\"legal__rights\">\n<li class=\"legal__right\">Droit d&rsquo;opposition : s&rsquo;il existe des raisons imp\u00e9rieuses et l\u00e9gitimes, vous pouvez vous opposer au traitement de vos donn\u00e9es personnelles.<\/li>\n<li class=\"legal__right\">Droit d&rsquo;acc\u00e8s : toute personne qui prouve son identit\u00e9 a un droit d&rsquo;acc\u00e8s aux informations relatives \u00e0 l&rsquo;existence ou non d&rsquo;un traitement de ses donn\u00e9es personnelles, ainsi qu&rsquo;aux informations relatives aux finalit\u00e9s du traitement, aux cat\u00e9gories de donn\u00e9es trait\u00e9es, aux cat\u00e9gories de destinataires auxquels les donn\u00e9es sont communiqu\u00e9es et \u00e0 la dur\u00e9e de conservation des donn\u00e9es personnelles.<\/li>\n<li class=\"legal__right\">Droit de correction : les donn\u00e9es personnelles inexactes ou incompl\u00e8tes peuvent toujours \u00eatre corrig\u00e9es, ou m\u00eame effac\u00e9es, sur demande de la personne concern\u00e9e.<\/li>\n<\/ul>\n<p>L&rsquo;exercice de ces droits se fait toujours conform\u00e9ment aux modalit\u00e9s pr\u00e9vues dans notre <a href=\"https:\/\/www.charleroi-metropole.be\/fr\/politique-vie-privee\/\" target=\"_blank\" rel=\"noopener\">Charte Vie Priv\u00e9e<\/a>. Si, apr\u00e8s avoir lu le pr\u00e9sent document, vous avez encore des questions ou des remarques concernant les cookies, vous pouvez toujours nous contacter \u00e0 <a href=\"mailto:info@charleroimetropole.be\">info@charleroimetropole.be<\/a><\/li>\n<\/ol>\n<\/section>\n","protected":false},"excerpt":{"rendered":"<p>Cookies Policy Charleroi M\u00e9tropole ne disposant pas d&rsquo;une identit\u00e9 juridique propre, elle est repr\u00e9sent\u00e9e par l&rsquo;intercommunale IGRETEC pour tous les aspects juridiques. 1. Cookies Les cookies sont de petits fichiers de donn\u00e9es ou de texte plac\u00e9s sur votre ordinateur local par des sites internet ou des applications. De tels cookies peuvent poursuivre diff\u00e9rentes finalit\u00e9s. On [&hellip;]<\/p>\n","protected":false},"author":27,"featured_media":0,"parent":0,"menu_order":0,"comment_status":"closed","ping_status":"closed","template":"legal.php","meta":{"footnotes":""},"class_list":["post-23","page","type-page","status-publish","hentry"],"_links":{"self":[{"href":"https:\/\/charleroi-metropole.be\/fr\/wp-json\/wp\/v2\/pages\/23"}],"collection":[{"href":"https:\/\/charleroi-metropole.be\/fr\/wp-json\/wp\/v2\/pages"}],"about":[{"href":"https:\/\/charleroi-metropole.be\/fr\/wp-json\/wp\/v2\/types\/page"}],"author":[{"embeddable":true,"href":"https:\/\/charleroi-metropole.be\/fr\/wp-json\/wp\/v2\/users\/27"}],"replies":[{"embeddable":true,"href":"https:\/\/charleroi-metropole.be\/fr\/wp-json\/wp\/v2\/comments?post=23"}],"version-history":[{"count":0,"href":"https:\/\/charleroi-metropole.be\/fr\/wp-json\/wp\/v2\/pages\/23\/revisions"}],"wp:attachment":[{"href":"https:\/\/charleroi-metropole.be\/fr\/wp-json\/wp\/v2\/media?parent=23"}],"curies":[{"name":"wp","href":"https:\/\/api.w.org\/{rel}","templated":true}]}}