{"id":18083,"date":"2025-02-10T15:18:06","date_gmt":"2025-02-10T13:18:06","guid":{"rendered":"https:\/\/charleroi-metropole.be\/?page_id=18083"},"modified":"2025-03-03T11:37:47","modified_gmt":"2025-03-03T09:37:47","slug":"formations-professionnelles-et-continues","status":"publish","type":"page","link":"https:\/\/charleroi-metropole.be\/fr\/home\/se-former\/formations-professionnelles-et-continues\/","title":{"rendered":"Formations professionnelles et continues"},"content":{"rendered":"\n<div class=\"wp-block-group alignfull is-layout-constrained wp-block-group-is-layout-constrained\">\n<div class=\"wp-block-cover alignfull is-light\" style=\"min-height:297px;aspect-ratio:unset;\"><span aria-hidden=\"true\" class=\"wp-block-cover__background has-background-dim\" style=\"background-color:#b8a599\"><\/span><img loading=\"lazy\" decoding=\"async\" width=\"1500\" height=\"999\" class=\"wp-block-cover__image-background wp-image-18084\" alt=\"\" src=\"https:\/\/charleroi-metropole.be\/wp-content\/uploads\/2025\/02\/formation.jpg\" data-object-fit=\"cover\" srcset=\"https:\/\/charleroi-metropole.be\/wp-content\/uploads\/2025\/02\/formation.jpg 1500w, https:\/\/charleroi-metropole.be\/wp-content\/uploads\/2025\/02\/formation-600x400.jpg 600w, https:\/\/charleroi-metropole.be\/wp-content\/uploads\/2025\/02\/formation-768x511.jpg 768w\" sizes=\"(max-width: 1500px) 100vw, 1500px\" \/><div class=\"wp-block-cover__inner-container is-layout-constrained wp-block-cover-is-layout-constrained\">\n<h2 class=\"wp-block-heading has-text-align-left\" style=\"font-size:3.8rem\">Formations professionnelles et continues<\/h2>\n\n\n\n<p><\/p>\n\n\n\n<p style=\"font-size:22px\"><strong><br><br>Le Forem, l\u2019IFAPME, et de nombreux centres de formation sp\u00e9cialis\u00e9s et performants offrent des formations en cours<br>de jour ou en horaires d\u00e9cal\u00e9s dans de nombreux domaines sur le territoire de Charleroi M\u00e9tropole.<br><\/strong><br><\/p>\n<\/div><\/div>\n\n\n\n<div style=\"height:27px\" aria-hidden=\"true\" class=\"wp-block-spacer\"><\/div>\n\n\n\n<h2 class=\"wp-block-heading\">Les Centres de comp\u00e9tences et d\u2019excellence<\/h2>\n\n\n\n<p style=\"font-size:20px\">Charleroi M\u00e9tropole rassemble sur son territoire de nombreux centres de formation&nbsp;de grande renomm\u00e9e sp\u00e9cialis\u00e9s dans des domaines pointus li\u00e9s aux nouvelles technologies.<\/p>\n\n\n\n<p><\/p>\n\n\n\n<ul class=\"wp-block-list\">\n<li style=\"font-size:20px;line-height:1.7\">M\u00e9tiers de la chimie, de la biopharmacie et des biotechnologies&nbsp;: <a href=\"https:\/\/www.aptaskil.be\/fr\/\" target=\"_blank\" rel=\"noreferrer noopener\">aptaskil<\/a> \u00e0 Seneffe<\/li>\n\n\n\n<li style=\"font-size:20px;line-height:1.7\">M\u00e9tiers de l\u2019entreprise (cr\u00e9ation d\u2019entreprise, processus d\u2019innovation, recrutement, management, internationalisation, d\u00e9marche qualit\u00e9\u2026)&nbsp;: <a href=\"https:\/\/www.formation-business.be\/\" target=\"_blank\" rel=\"noreferrer noopener\">Forem Business<\/a> \u00e0 Charleroi <\/li>\n\n\n\n<li style=\"font-size:20px;line-height:1.7\">M\u00e9tiers du verre&nbsp;: <a href=\"https:\/\/www.cefoverre.be\/\" target=\"_blank\" rel=\"noreferrer noopener\">CEFOVERRE<\/a> \u00e0 Jumet <\/li>\n\n\n\n<li style=\"font-size:20px;line-height:1.7\">M\u00e9tiers technologiques&nbsp;: <a href=\"https:\/\/www.leforem.be\/centres-de-competence\/technocampus.html\" target=\"_blank\" rel=\"noreferrer noopener\">TechnoCampus<\/a> \u00e0 Gosselies <\/li>\n\n\n\n<li style=\"font-size:20px;line-height:1.7\">M\u00e9tiers de la communication visuelle&nbsp;: <a href=\"https:\/\/www.formation-cepegra.be\/\" target=\"_blank\" rel=\"noreferrer noopener\">Cepegra<\/a> \u00e0 Gosselies&nbsp; <\/li>\n\n\n\n<li style=\"font-size:20px;line-height:1.7\">M\u00e9tiers de l\u2019information et de la communication&nbsp;: <a href=\"https:\/\/technocite.be\/\" target=\"_blank\" rel=\"noreferrer noopener\">Technocit\u00e9<\/a> (Quai 10)&nbsp; <\/li>\n\n\n\n<li style=\"font-size:20px;line-height:1.7\">M\u00e9tiers de l\u2019a\u00e9ronautique : <a href=\"https:\/\/www.wan.be\/\" target=\"_blank\" rel=\"noreferrer noopener\">WAN<\/a> (Wallonie Aerotraining Network) \u00e0 Gosselies <\/li>\n\n\n\n<li style=\"font-size:20px;line-height:1.7\">M\u00e9tiers du num\u00e9rique&nbsp;: <a href=\"https:\/\/technofuturtic.be\/\" target=\"_blank\" rel=\"noreferrer noopener\">Technofutur Tic<\/a> <a href=\"https:\/\/www.e6k.be\/formations\">\u00e0<\/a> Gosselies <\/li>\n\n\n\n<li style=\"font-size:20px;line-height:1.7\">M\u00e9tiers de la construction&nbsp;: <a href=\"https:\/\/hainaut.formation-construform.be\/formations\" target=\"_blank\" rel=\"noreferrer noopener\">Construform<\/a> \u00e0 Ch\u00e2telineau&nbsp;: <\/li>\n\n\n\n<li style=\"font-size:20px;line-height:1.7\">M\u00e9tiers de la sant\u00e9 et des sciences de la vie&nbsp;: <a href=\"https:\/\/formationcontinue.ulb.be\/fr\/sante-et-sciences-de-la-vie-helsci\" target=\"_blank\" rel=\"noreferrer noopener\">ULB HeLSci<\/a> (BioPark Gosselies) European Biotech Campus <\/li>\n\n\n\n<li style=\"font-size:20px;line-height:1.7\">M\u00e9tiers num\u00e9riques et technologiques&nbsp;: <a href=\"https:\/\/www.e6k.be\/formations\">E6<\/a><a href=\"https:\/\/www.e6k.be\/formations\" target=\"_blank\" rel=\"noreferrer noopener\">K<\/a> \u00e0 Charleroi <\/li>\n<\/ul>\n<\/div>\n\n\n\n<div style=\"height:25px\" aria-hidden=\"true\" class=\"wp-block-spacer\"><\/div>\n\n\n\n<h2 class=\"wp-block-heading\">Enseignement pour adultes<\/h2>\n\n\n\n<div style=\"height:25px\" aria-hidden=\"true\" class=\"wp-block-spacer\"><\/div>\n\n\n\n<p style=\"font-size:20px\">L\u2019enseignement pour adultes rassemble pas moins de 3000 \u00e9tudiants et propose une multitude de formations dans des secteurs tr\u00e8s vari\u00e9s&nbsp;: alimentation, langues, informatique, services aux personnes, m\u00e9dical et param\u00e9dical\u2026<\/p>\n\n\n\n<div style=\"height:25px\" aria-hidden=\"true\" class=\"wp-block-spacer\"><\/div>\n\n\n\n<ul style=\"font-size:20px;line-height:1.7\" class=\"wp-block-list\">\n<li><a href=\"https:\/\/www.eceps.be\/\" target=\"_blank\" rel=\"noreferrer noopener\">L\u2019enseignement pour adultes de la Ville de Charleroi<\/a>&nbsp;: plus de 150 formations et 8 \u00e9tablissements<\/li>\n\n\n\n<li><a href=\"https:\/\/www.etudierenhainaut.be\/\" target=\"_blank\" rel=\"noreferrer noopener\">L\u2019enseignement pour adultes de la Province de Hainaut<\/a>&nbsp;: 4 \u00e9tablissements<\/li>\n\n\n\n<li>Le Coll\u00e8ge technique des\u00a0<a href=\"http:\/\/www.promsocatc.com\/\" target=\"_blank\" rel=\"noreferrer noopener\">Aum\u00f4niers du travail<\/a><\/li>\n\n\n\n<li>L\u2019\u00e9cole de promotion sociale <a href=\"https:\/\/www.ecole-soralia-charleroi.be\/\" target=\"_blank\" rel=\"noreferrer noopener\">Soralia<\/a><\/li>\n\n\n\n<li>Le <a href=\"http:\/\/www.ecole-fps-charleroi.be\/\" target=\"_blank\" rel=\"noreferrer noopener\">Centre de formation professionnelle des Femmes pr\u00e9voyantes socialistes<\/a><\/li>\n\n\n\n<li>Les instituts d\u2019enseignement pour adultes de la Communaut\u00e9 fran\u00e7aise \u00e0 <a href=\"http:\/\/www.coursdusoirphil.be\/\" target=\"_blank\" rel=\"noreferrer noopener\">Philippeville-Florennes<\/a>, <a href=\"https:\/\/eafcrance.be\/\" target=\"_blank\" rel=\"noreferrer noopener\">Sivry-Rance<\/a> et <a href=\"https:\/\/eafc-thuin.be\/\" target=\"_blank\" rel=\"noreferrer noopener\">Thuin-Erquelinnes<\/a><\/li>\n\n\n\n<li>Le <a href=\"http:\/\/www.cesa.be\/\" target=\"_blank\" rel=\"noreferrer noopener\">Centre d\u2019enseignement sup\u00e9rieur pour adultes de Roux<\/a><\/li>\n<\/ul>\n\n\n\n<div style=\"height:25px\" aria-hidden=\"true\" class=\"wp-block-spacer\"><\/div>\n\n\n\n<div class=\"wp-block-media-text is-stacked-on-mobile\"><figure class=\"wp-block-media-text__media\"><img loading=\"lazy\" decoding=\"async\" width=\"1500\" height=\"999\" src=\"https:\/\/charleroi-metropole.be\/wp-content\/uploads\/2025\/02\/formation-boulangerie-1.jpg\" alt=\"\" class=\"wp-image-18096 size-full\" srcset=\"https:\/\/charleroi-metropole.be\/wp-content\/uploads\/2025\/02\/formation-boulangerie-1.jpg 1500w, https:\/\/charleroi-metropole.be\/wp-content\/uploads\/2025\/02\/formation-boulangerie-1-600x400.jpg 600w, https:\/\/charleroi-metropole.be\/wp-content\/uploads\/2025\/02\/formation-boulangerie-1-768x511.jpg 768w\" sizes=\"(max-width: 1500px) 100vw, 1500px\" \/><\/figure><div class=\"wp-block-media-text__content\">\n<p style=\"font-size:20px\">Renseignez-vous \u00e9galement aupr\u00e8s de votre\u00a0<a href=\"https:\/\/www.charleroi-metropole.be\/la-metropole\/carte-de-charleroi-metropole\/\" target=\"_blank\" rel=\"noreferrer noopener\">commune<\/a>\u00a0pour conna\u00eetre les \u00e9tablissements communaux d\u2019enseignement. Citons, par exemple\u00a0: Charleroi (<a href=\"http:\/\/www.coursmenagers.be\/?page_id=59\" target=\"_blank\" rel=\"noreferrer noopener\">cours m\u00e9nagers<\/a>\u00a0et\u00a0<a href=\"http:\/\/charleroi-promsoc.be\/\" target=\"_blank\" rel=\"noreferrer noopener\">langues<\/a>),\u00a0<a href=\"http:\/\/www.eimap.be\/\" target=\"_blank\" rel=\"noreferrer noopener\">Marchienne-au-Pont<\/a>,\u00a0<a href=\"http:\/\/www.eicmsm.be\/\" target=\"_blank\" rel=\"noreferrer noopener\">Mont-sur-Marchienne<\/a>,\u00a0<a href=\"https:\/\/promsocthuin.be\/formations\/\" target=\"_blank\" rel=\"noreferrer noopener\">Thuin et Montigny-le-Tilleul<\/a>, <a href=\"https:\/\/ciccouillet.wixsite.com\/ciccouillet\" target=\"_blank\" rel=\"noreferrer noopener\">Couillet<\/a>,\u00a0<a href=\"http:\/\/eceps-gilly.be\/\" target=\"_blank\" rel=\"noreferrer noopener\">Gily<\/a>,\u00a0<a href=\"http:\/\/eijumet.be\/\" target=\"_blank\" rel=\"noreferrer noopener\">Jumet<\/a>,\u00a0<a href=\"https:\/\/sites.google.com\/site\/ecepsmarcinellemonceau\/\" target=\"_blank\" rel=\"noreferrer noopener\">Monceau<\/a>,\u00a0<a href=\"http:\/\/ecetic.be\/\" target=\"_blank\" rel=\"noreferrer noopener\">Ch\u00e2telet<\/a>,\u00a0<a href=\"http:\/\/www.eicourcelles.be\/\" target=\"_blank\" rel=\"noreferrer noopener\">Courcelles\u00a0<\/a>et\u00a0<a href=\"http:\/\/ecpsc.couvin.be\/\" target=\"_blank\" rel=\"noreferrer noopener\">Couvin\u00a0<\/a>.<\/p>\n<\/div><\/div>\n\n\n\n<p style=\"font-size:20px\"><\/p>\n\n\n\n<div style=\"height:25px\" aria-hidden=\"true\" class=\"wp-block-spacer\"><\/div>\n\n\n\n<p style=\"font-size:20px\">Vous trouverez, via le site de la Communaut\u00e9 fran\u00e7aise,&nbsp;tous les&nbsp;<a href=\"http:\/\/www.enseignement.be\/index.php?page=26034&amp;navi=3882\" target=\"_blank\" rel=\"noreferrer noopener\">\u00e9tablissements de promotion sociale<\/a>.<\/p>\n\n\n\n<div style=\"height:23px\" aria-hidden=\"true\" class=\"wp-block-spacer\"><\/div>\n\n\n\n<h2 class=\"wp-block-heading\">Les autres formations professionnalisantes<\/h2>\n\n\n\n<div style=\"height:23px\" aria-hidden=\"true\" class=\"wp-block-spacer\"><\/div>\n\n\n\n<p style=\"font-size:20px\">Evoquons encore la diversit\u00e9 de l\u2019offre de formations professionnalisantes offertes par le&nbsp;<a href=\"https:\/\/www.leforem.be\/particuliers\/formations-forem.html\" target=\"_blank\" rel=\"noreferrer noopener\">FOREM<\/a>, l\u2019<a href=\"http:\/\/www.charleroi.ifapme.be\/formations-continues\/trouver-une-formation-continue\/catalogue-des-formations-continues.html\" target=\"_blank\" rel=\"noreferrer noopener\">IFAPME<\/a>&nbsp;(Institut wallon de formation en alternance et des ind\u00e9pendants et petites et moyennes entreprises),&nbsp;les CISP (centres d\u2019insertion socioprofessionnelle), la <a href=\"https:\/\/www.mirec.net\/formations\" target=\"_blank\" rel=\"noreferrer noopener\">MIREC<\/a>, l\u2019<a href=\"http:\/\/www.uo-fwb.be\/\" target=\"_blank\" rel=\"noreferrer noopener\">Universit\u00e9 ouverte<\/a>, la&nbsp;<a href=\"http:\/\/www.funoc.be\/\" target=\"_blank\" rel=\"noreferrer noopener\">Funoc<\/a>, le <a href=\"https:\/\/sitecesa.wixsite.com\/cesa2\/nos-formations\">CESA<\/a> (Centre d\u2019Enseignement Sup\u00e9rieur pour Adultes), le <a href=\"https:\/\/www.codefasbl.be\/\" target=\"_blank\" rel=\"noreferrer noopener\">CODEF<\/a> \u00e0 Olloy-sur-Viroin (centre de formation professionnelle), <a href=\"https:\/\/www.essor.be\/\" target=\"_blank\" rel=\"noreferrer noopener\">l&rsquo;Essor<\/a> \u00e0 Thuin (entreprise de formation par le travail), ou encore <a href=\"https:\/\/www.lereseau.be\/\" target=\"_blank\" rel=\"noreferrer noopener\">Le R\u00e9seau<\/a> (centre de formation et d&rsquo;insertion socioprofessionnelle adapt\u00e9) et le <a href=\"https:\/\/cet-asbl.be\/thuin-2\/\" target=\"_blank\" rel=\"noreferrer noopener\">CET<\/a> \u00e0 Thuin.<\/p>\n\n\n\n<div style=\"height:23px\" aria-hidden=\"true\" class=\"wp-block-spacer\"><\/div>\n\n\n\n<p style=\"font-size:20px\">A d\u00e9couvrir \u00e9galement&nbsp;: <a href=\"https:\/\/www.google.com\/maps\/d\/viewer?mid=1yyRhSTd9Xa1D1gqE78FlLydz2SxIl1Bs&amp;femb=1&amp;ll=50.34221172770454%2C4.511885037602781&amp;z=11\" target=\"_blank\" rel=\"noreferrer noopener\">la carte des op\u00e9rateurs de l\u2019enseignement qualifiant.<\/a><\/p>\n\n\n\n<div style=\"height:23px\" aria-hidden=\"true\" class=\"wp-block-spacer\"><\/div>\n\n\n\n<div style=\"height:20px\" aria-hidden=\"true\" class=\"wp-block-spacer\"><\/div>\n","protected":false},"excerpt":{"rendered":"<p>Les Centres de comp\u00e9tences et d\u2019excellence Charleroi M\u00e9tropole rassemble sur son territoire de nombreux centres de formation&nbsp;de grande renomm\u00e9e sp\u00e9cialis\u00e9s dans des domaines pointus li\u00e9s aux nouvelles technologies. Enseignement pour adultes L\u2019enseignement pour adultes rassemble pas moins de 3000 \u00e9tudiants et propose une multitude de formations dans des secteurs tr\u00e8s vari\u00e9s&nbsp;: alimentation, langues, informatique, services [&hellip;]<\/p>\n","protected":false},"author":18,"featured_media":0,"parent":18052,"menu_order":0,"comment_status":"closed","ping_status":"closed","template":"","meta":{"footnotes":""},"class_list":["post-18083","page","type-page","status-publish","hentry"],"_links":{"self":[{"href":"https:\/\/charleroi-metropole.be\/fr\/wp-json\/wp\/v2\/pages\/18083"}],"collection":[{"href":"https:\/\/charleroi-metropole.be\/fr\/wp-json\/wp\/v2\/pages"}],"about":[{"href":"https:\/\/charleroi-metropole.be\/fr\/wp-json\/wp\/v2\/types\/page"}],"author":[{"embeddable":true,"href":"https:\/\/charleroi-metropole.be\/fr\/wp-json\/wp\/v2\/users\/18"}],"replies":[{"embeddable":true,"href":"https:\/\/charleroi-metropole.be\/fr\/wp-json\/wp\/v2\/comments?post=18083"}],"version-history":[{"count":7,"href":"https:\/\/charleroi-metropole.be\/fr\/wp-json\/wp\/v2\/pages\/18083\/revisions"}],"predecessor-version":[{"id":18425,"href":"https:\/\/charleroi-metropole.be\/fr\/wp-json\/wp\/v2\/pages\/18083\/revisions\/18425"}],"up":[{"embeddable":true,"href":"https:\/\/charleroi-metropole.be\/fr\/wp-json\/wp\/v2\/pages\/18052"}],"wp:attachment":[{"href":"https:\/\/charleroi-metropole.be\/fr\/wp-json\/wp\/v2\/media?parent=18083"}],"curies":[{"name":"wp","href":"https:\/\/api.w.org\/{rel}","templated":true}]}}