{"id":18074,"date":"2025-02-10T15:14:07","date_gmt":"2025-02-10T13:14:07","guid":{"rendered":"https:\/\/charleroi-metropole.be\/?page_id=18074"},"modified":"2025-06-18T15:20:37","modified_gmt":"2025-06-18T13:20:37","slug":"hautes-ecoles-et-universites-18","status":"publish","type":"page","link":"https:\/\/charleroi-metropole.be\/fr\/home\/se-former\/hautes-ecoles-et-universites-18\/","title":{"rendered":"Hautes \u00e9coles et Universit\u00e9s (18+)"},"content":{"rendered":"\n<div class=\"wp-block-group alignfull is-layout-constrained wp-block-group-is-layout-constrained\">\n<div class=\"wp-block-cover alignfull is-light\" style=\"min-height:297px;aspect-ratio:unset;\"><span aria-hidden=\"true\" class=\"wp-block-cover__background has-background-dim\" style=\"background-color:#b8a599\"><\/span><img loading=\"lazy\" decoding=\"async\" width=\"1500\" height=\"1000\" class=\"wp-block-cover__image-background wp-image-726\" alt=\"\" src=\"https:\/\/charleroi-metropole.be\/wp-content\/uploads\/2018\/09\/fotolia_35714514_subscription_monthly_xxl.jpg\" data-object-fit=\"cover\" srcset=\"https:\/\/charleroi-metropole.be\/wp-content\/uploads\/2018\/09\/fotolia_35714514_subscription_monthly_xxl.jpg 1500w, https:\/\/charleroi-metropole.be\/wp-content\/uploads\/2018\/09\/fotolia_35714514_subscription_monthly_xxl-600x400.jpg 600w, https:\/\/charleroi-metropole.be\/wp-content\/uploads\/2018\/09\/fotolia_35714514_subscription_monthly_xxl-768x512.jpg 768w\" sizes=\"(max-width: 1500px) 100vw, 1500px\" \/><div class=\"wp-block-cover__inner-container is-layout-constrained wp-block-cover-is-layout-constrained\">\n<h2 class=\"wp-block-heading has-text-align-left\" style=\"font-size:3.8rem\"><strong>Hautes \u00e9coles et Universit\u00e9s (18+)<\/strong><\/h2>\n\n\n\n<p><\/p>\n\n\n\n<p style=\"font-size:22px\"><strong><br><br>Charleroi M\u00e9tropole propose de nombreuses formations de niveau sup\u00e9rieur (bachelier et master)<br>organis\u00e9es par plusieurs hautes \u00e9coles et universit\u00e9s \u00e0 destination des jeunes adultes et des adultes en formation continue.<span lang=\"FR\" style=\"font-family:&quot;Calibri&quot;,sans-serif;mso-ascii-theme-font:minor-latin;\nmso-hansi-theme-font:minor-latin;mso-bidi-theme-font:minor-latin;color:#191919;\nmso-ansi-language:FR\"><\/span><br><\/strong><br><\/p>\n<\/div><\/div>\n\n\n\n<div style=\"height:19px\" aria-hidden=\"true\" class=\"wp-block-spacer\"><\/div>\n\n\n\n<p style=\"font-size:22px\">Il est possible de suivre diff\u00e9rents masters et bacheliers sur le territoire de Charleroi M\u00e9tropole. Ceux-ci sont d\u00e9livr\u00e9s par diff\u00e9rentes grandes universit\u00e9s et hautes \u00e9coles, ainsi que par diff\u00e9rents \u00e9tablissements d\u2019enseignement et de promotion sociale. <\/p>\n\n\n\n<p style=\"font-size:22px\">Chimie, ing\u00e9nieur industriel, informatique, sciences de l\u2019\u00e9ducation, urbanisme et d\u00e9veloppement territorial, sciences de la sant\u00e9 (infirmerie, kin\u00e9sith\u00e9rapie, podologie, aide-soignant\u2026), agronomie, pilotage et maintenance des drones, techniques graphiques, \u00e9ducateur\u2026 Il y a certainement une formation qui vous convient&nbsp;! <\/p>\n<\/div>\n\n\n\n<div style=\"height:18px\" aria-hidden=\"true\" class=\"wp-block-spacer\"><\/div>\n\n\n\n<ul style=\"font-size:20px;font-style:normal;font-weight:600;line-height:1.9\" class=\"wp-block-list\">\n<li><a href=\"http:\/\/ULB&nbsp;: https:\/\/campusucharleroi.be\/offre-de-formations\/\" target=\"_blank\" rel=\"noreferrer noopener\"><strong>ULB<\/strong><\/a> <\/li>\n\n\n\n<li><strong><a href=\"https:\/\/campusucharleroi.be\/offre-de-formations\/\" target=\"_blank\" rel=\"noreferrer noopener\">UMONS<\/a><\/strong><\/li>\n\n\n\n<li><strong><a href=\"https:\/\/uclouvain.be\/fr\/sites\/charleroi\" target=\"_blank\" rel=\"noreferrer noopener\">UCL<\/a><\/strong><\/li>\n\n\n\n<li><strong><a href=\"https:\/\/campusucharleroi.be\/offre-de-formations\/\" target=\"_blank\" rel=\"noreferrer noopener\">Universit\u00e9 Ouverte<\/a><\/strong><\/li>\n\n\n\n<li><strong><a href=\"https:\/\/www.helha.be\/etude\/charleroi-2025\/2-implantations-un-grand-campus\/\" target=\"_blank\" rel=\"noreferrer noopener\">HELHa<\/a><\/strong><\/li>\n\n\n\n<li><strong><a href=\"https:\/\/biopark.be\/en\/career-and-education\/education-programs\" target=\"_blank\" rel=\"noreferrer noopener\">European Biotech Campus<\/a><\/strong><\/li>\n\n\n\n<li><strong><a href=\"https:\/\/campusucharleroi.be\/offre-de-formations\/\" target=\"_blank\" rel=\"noreferrer noopener\">Haute Ecole Provinciale Condorcet<\/a><\/strong><\/li>\n\n\n\n<li style=\"font-size:18px\"><strong><a href=\"https:\/\/sitecesa.wixsite.com\/cesa2\/nos-formations\" target=\"_blank\" rel=\"noreferrer noopener\">Centre d\u2019Enseignement Sup\u00e9rieur pour Adultes (CESA)<\/a><\/strong><\/li>\n\n\n\n<li><strong><a href=\"https:\/\/www.etudierenhainaut.be\/isips-char\/formations.html\">Institut Sup\u00e9rieur Industriel de promotion sociale (ISI PS)<\/a><\/strong><\/li>\n\n\n\n<li><strong><a href=\"https:\/\/www.etudierenhainaut.be\/lise-thiry\/formations.html\">Institut Provincial d\u2019Enseignement Sup\u00e9rieur de Promotion sociale Lise Thiry<\/a><\/strong><\/li>\n\n\n\n<li><strong><a href=\"https:\/\/www.promsocatc.net\/bac_compta\">Coll\u00e8ge Technique \u00ab&nbsp;Aum\u00f4niers du Travail&nbsp;\u00bb (ATC)<\/a><\/strong><\/li>\n\n\n\n<li style=\"font-size:20px\"><strong><a href=\"https:\/\/www.ameps.eu\/about-7\" target=\"_blank\" rel=\"noreferrer noopener\">Ecole des Arts et M\u00e9tiers (AMEPS)<\/a><\/strong><\/li>\n\n\n\n<li><strong><a href=\"https:\/\/www.etudierenhainaut.be\/ietcps-charleroi.html\">Institut Technique Commercial de Promotion Sociale (IETC PS)<\/a> <\/strong><\/li>\n\n\n\n<li><a href=\"https:\/\/www.uclouvain.be\/fr\/facultes\/espo\/fopes\/master-120\" target=\"_blank\" rel=\"noreferrer noopener\">FOPES (Facult\u00e9 ouverte de politique \u00e9conomique et sociale)<\/a><\/li>\n<\/ul>\n\n\n\n<div style=\"height:18px\" aria-hidden=\"true\" class=\"wp-block-spacer\"><\/div>\n\n\n\n<p>D\u00e9couvrez aussi dans le catalogue \u00e9dit\u00e9 par l\u2019Universit\u00e9 Ouverte l\u2019ensemble de l\u2019offre&nbsp;de formation d\u2019enseignement sup\u00e9rieur du territoire de Charleroi M\u00e9tropole :<\/p>\n\n\n\n<div style=\"height:18px\" aria-hidden=\"true\" class=\"wp-block-spacer\"><\/div>\n\n\n\n<div class=\"wp-block-buttons is-content-justification-center is-layout-flex wp-container-core-buttons-is-layout-1 wp-block-buttons-is-layout-flex\">\n<div class=\"wp-block-button has-custom-font-size is-style-fill\" style=\"font-size:20px\"><a class=\"wp-block-button__link has-dark-purple-background-color has-background wp-element-button\" href=\"https:\/\/www.uo-fwb.be\/catalogue-enseignement-superieur-charleroi-metropole\/\" target=\"_blank\" rel=\"noreferrer noopener\"><strong>Le catalogue<\/strong><\/a><\/div>\n<\/div>\n\n\n\n<div style=\"height:18px\" aria-hidden=\"true\" class=\"wp-block-spacer\"><\/div>\n","protected":false},"excerpt":{"rendered":"<p>Il est possible de suivre diff\u00e9rents masters et bacheliers sur le territoire de Charleroi M\u00e9tropole. Ceux-ci sont d\u00e9livr\u00e9s par diff\u00e9rentes grandes universit\u00e9s et hautes \u00e9coles, ainsi que par diff\u00e9rents \u00e9tablissements d\u2019enseignement et de promotion sociale. Chimie, ing\u00e9nieur industriel, informatique, sciences de l\u2019\u00e9ducation, urbanisme et d\u00e9veloppement territorial, sciences de la sant\u00e9 (infirmerie, kin\u00e9sith\u00e9rapie, podologie, aide-soignant\u2026), agronomie, [&hellip;]<\/p>\n","protected":false},"author":18,"featured_media":0,"parent":18052,"menu_order":0,"comment_status":"closed","ping_status":"closed","template":"","meta":{"footnotes":""},"class_list":["post-18074","page","type-page","status-publish","hentry"],"_links":{"self":[{"href":"https:\/\/charleroi-metropole.be\/fr\/wp-json\/wp\/v2\/pages\/18074"}],"collection":[{"href":"https:\/\/charleroi-metropole.be\/fr\/wp-json\/wp\/v2\/pages"}],"about":[{"href":"https:\/\/charleroi-metropole.be\/fr\/wp-json\/wp\/v2\/types\/page"}],"author":[{"embeddable":true,"href":"https:\/\/charleroi-metropole.be\/fr\/wp-json\/wp\/v2\/users\/18"}],"replies":[{"embeddable":true,"href":"https:\/\/charleroi-metropole.be\/fr\/wp-json\/wp\/v2\/comments?post=18074"}],"version-history":[{"count":12,"href":"https:\/\/charleroi-metropole.be\/fr\/wp-json\/wp\/v2\/pages\/18074\/revisions"}],"predecessor-version":[{"id":18695,"href":"https:\/\/charleroi-metropole.be\/fr\/wp-json\/wp\/v2\/pages\/18074\/revisions\/18695"}],"up":[{"embeddable":true,"href":"https:\/\/charleroi-metropole.be\/fr\/wp-json\/wp\/v2\/pages\/18052"}],"wp:attachment":[{"href":"https:\/\/charleroi-metropole.be\/fr\/wp-json\/wp\/v2\/media?parent=18074"}],"curies":[{"name":"wp","href":"https:\/\/api.w.org\/{rel}","templated":true}]}}