{"id":17884,"date":"2024-12-16T17:24:01","date_gmt":"2024-12-16T15:24:01","guid":{"rendered":"https:\/\/charleroi-metropole.be\/?page_id=17884"},"modified":"2024-12-18T16:53:28","modified_gmt":"2024-12-18T14:53:28","slug":"en-voiture-autrement","status":"publish","type":"page","link":"https:\/\/charleroi-metropole.be\/fr\/home\/se-deplacer\/en-voiture-autrement\/","title":{"rendered":"En voiture autrement"},"content":{"rendered":"\n<div class=\"wp-block-group alignfull is-layout-constrained wp-block-group-is-layout-constrained\">\n<div class=\"wp-block-cover alignfull is-light\" style=\"min-height:297px;aspect-ratio:unset;\"><span aria-hidden=\"true\" class=\"wp-block-cover__background has-background-dim\" style=\"background-color:#b8a599\"><\/span><img loading=\"lazy\" decoding=\"async\" width=\"612\" height=\"408\" class=\"wp-block-cover__image-background wp-image-17771\" alt=\"\" src=\"https:\/\/charleroi-metropole.be\/wp-content\/uploads\/2024\/11\/voitures-partagees.jpg\" data-object-fit=\"cover\" srcset=\"https:\/\/charleroi-metropole.be\/wp-content\/uploads\/2024\/11\/voitures-partagees.jpg 612w, https:\/\/charleroi-metropole.be\/wp-content\/uploads\/2024\/11\/voitures-partagees-600x400.jpg 600w\" sizes=\"(max-width: 612px) 100vw, 612px\" \/><div class=\"wp-block-cover__inner-container is-layout-constrained wp-block-cover-is-layout-constrained\">\n<h2 class=\"wp-block-heading has-text-align-left\" style=\"font-size:3.8rem\">En voiture autrement<\/h2>\n\n\n\n<p><\/p>\n\n\n\n<p style=\"font-size:22px\"><strong><br><br>Encourageons les solutions, telles que le covoiturage ou l\u2019autopartage, afin de rencontrer les objectifs de la strat\u00e9gie r\u00e9gionale de mobilit\u00e9, et tendre vers un utilisation plus collective de la voiture.<br><\/strong><br><\/p>\n<\/div><\/div>\n<\/div>\n\n\n\n<div style=\"height:32px\" aria-hidden=\"true\" class=\"wp-block-spacer\"><\/div>\n\n\n\n<p style=\"font-size:20px\">Charleroi M\u00e9tropole b\u00e9n\u00e9ficie d\u2019un r\u00e9seau routier dense, qui rend ses villes et villages tr\u00e8s accessibles en voiture. S\u2019articulant principalement autour d\u2019un axe Est-Ouest constitu\u00e9 par l\u2019autoroute E42 (la dorsale wallonne) et d\u2019un axe Nord-Sud, avec l\u2019A54 vers Bruxelles et la N5\/E420 vers Couvin et Reims, Charleroi M\u00e9tropole est directement connect\u00e9 aux principales villes wallonnes et r\u00e9gions voisines.<\/p>\n\n\n\n<div style=\"height:34px\" aria-hidden=\"true\" class=\"wp-block-spacer\"><\/div>\n\n\n\n<p style=\"font-size:20px\">D\u00e9couvrez quelles sont les options que propose le territoire de Charleroi M\u00e9tropole pour utiliser collectivement la voiture. <\/p>\n\n\n\n<div style=\"height:40px\" aria-hidden=\"true\" class=\"wp-block-spacer\"><\/div>\n\n\n\n<h2 class=\"wp-block-heading\" style=\"font-size:22px\">Le covoiturage<\/h2>\n\n\n\n<div style=\"height:37px\" aria-hidden=\"true\" class=\"wp-block-spacer\"><\/div>\n\n\n\n<p style=\"font-size:20px\">Le covoiturage consiste \u00e0 partager sa voiture avec d\u2019autres personnes afin d\u2019effectuer un trajet commun. Il pr\u00e9sente de nombreux avantages, en particulier sur les plans financier (partage des frais de transport et de stationnement), environnemental (moins d\u2019embouteillages et de pollution) ou social (convivialit\u00e9, d\u00e9tente)\u2026<\/p>\n\n\n\n<div style=\"height:37px\" aria-hidden=\"true\" class=\"wp-block-spacer\"><\/div>\n\n\n\n<p style=\"font-size:20px\">Il existe une quinzaine de parkings de covoiturage sur le territoire de Charleroi M\u00e9tropole. Retrouvez-les \u00e0 proximit\u00e9 des grands axes autoroutier ou dans les centres des communes. &nbsp;<\/p>\n\n\n\n<div style=\"height:37px\" aria-hidden=\"true\" class=\"wp-block-spacer\"><\/div>\n\n\n\n<div class=\"wp-block-buttons is-layout-flex wp-block-buttons-is-layout-flex\">\n<div class=\"wp-block-button has-custom-font-size is-style-fill\" style=\"font-size:20px\"><a class=\"wp-block-button__link has-black-color has-pastel-green-background-color has-text-color has-background has-link-color wp-element-button\" href=\"https:\/\/geoportail.wallonie.be\/walonmap#SHARE=1F1745C2125B1183E0630AB6A49DE2D1\" target=\"_blank\" rel=\"noreferrer noopener\">Cliquez ici pour les visualiser<\/a><\/div>\n<\/div>\n\n\n\n<div style=\"height:37px\" aria-hidden=\"true\" class=\"wp-block-spacer\"><\/div>\n\n\n\n<p style=\"font-size:20px\"><\/p>\n\n\n\n<div style=\"height:37px\" aria-hidden=\"true\" class=\"wp-block-spacer\"><\/div>\n\n\n\n<h2 class=\"wp-block-heading\" style=\"font-size:22px\">Les voitures partag\u00e9es<\/h2>\n\n\n\n<div style=\"height:37px\" aria-hidden=\"true\" class=\"wp-block-spacer\"><\/div>\n\n\n\n<div class=\"wp-block-media-text is-stacked-on-mobile\" style=\"grid-template-columns:38% auto\"><figure class=\"wp-block-media-text__media\"><img loading=\"lazy\" decoding=\"async\" width=\"612\" height=\"408\" src=\"https:\/\/charleroi-metropole.be\/wp-content\/uploads\/2024\/12\/carsharing.jpg\" alt=\"\" class=\"wp-image-17887 size-full\" srcset=\"https:\/\/charleroi-metropole.be\/wp-content\/uploads\/2024\/12\/carsharing.jpg 612w, https:\/\/charleroi-metropole.be\/wp-content\/uploads\/2024\/12\/carsharing-600x400.jpg 600w\" sizes=\"(max-width: 612px) 100vw, 612px\" \/><\/figure><div class=\"wp-block-media-text__content\">\n<p style=\"font-size:20px\">Les applications comme <a href=\"https:\/\/www.carpool.be\/\" target=\"_blank\" rel=\"noreferrer noopener\">Carpool<\/a> ou <a href=\"https:\/\/www.blablacar.fr\/carpool\" target=\"_blank\" rel=\"noreferrer noopener\">Blablacar<\/a> permettent de faire le lien entre les conducteurs qui ont des places \u00e0 disposition dans leur v\u00e9hicule et des passagers qui cherchent, ponctuellement ou r\u00e9guli\u00e8rement, \u00e0 relier une destination.<\/p>\n<\/div><\/div>\n\n\n\n<div style=\"height:37px\" aria-hidden=\"true\" class=\"wp-block-spacer\"><\/div>\n\n\n\n<p style=\"font-size:20px\">L\u2019autopartage consiste \u00e0 partager un v\u00e9hicule entre plusieurs usagers, supprimant la n\u00e9cessit\u00e9 de poss\u00e9der un v\u00e9hicule, tout en permettant d\u2019en avoir un \u00e0 disposition lorsqu\u2019on en a besoin. Le v\u00e9hicule devient alors un service et non plus comme un bien. Une voiture partag\u00e9e remplacerait 6 \u00e0 8 v\u00e9hicules individuels.<\/p>\n\n\n\n<div style=\"height:37px\" aria-hidden=\"true\" class=\"wp-block-spacer\"><\/div>\n\n\n\n<p style=\"font-size:20px\">Depuis 2024, il existe 4 stations de voitures partag\u00e9es propos\u00e9es par la soci\u00e9t\u00e9 <a href=\"https:\/\/www.cambio.be\/fr-wal\" target=\"_blank\" rel=\"noreferrer noopener\">Cambio<\/a> dans le centre-ville de Charleroi. L\u2019op\u00e9rateur <a href=\"https:\/\/poppy.be\/fr\/zone\/charleroi-airport-fr\" target=\"_blank\" rel=\"noreferrer noopener\">Poppy<\/a> propose des voitures en libre-service depuis l\u2019a\u00e9roport de Charleroi.<\/p>\n\n\n\n<div style=\"height:37px\" aria-hidden=\"true\" class=\"wp-block-spacer\"><\/div>\n\n\n\n<p style=\"font-size:20px\">Ce type de service devrait se d\u00e9velopper \u00e0 l\u2019avenir, ainsi que les solutions d\u2019autopartage entre particuliers, telles que <a href=\"https:\/\/www.wibee.be\/fr\" target=\"_blank\" rel=\"noreferrer noopener\">Wibee<\/a>, <a href=\"https:\/\/www.cozywheels.be\/fr\" target=\"_blank\" rel=\"noreferrer noopener\">Cozywheels<\/a> ou <a href=\"https:\/\/fr.be.getaround.com\/\" target=\"_blank\" rel=\"noreferrer noopener\">Getaround ,<\/a>encore assez peu pr\u00e9sentes sur le territoire de Charleroi M\u00e9tropole.<\/p>\n\n\n\n<div style=\"height:37px\" aria-hidden=\"true\" class=\"wp-block-spacer\"><\/div>\n\n\n\n<h2 class=\"wp-block-heading\" style=\"font-size:22px\">Le stationnement r\u00e9glement\u00e9 <\/h2>\n\n\n\n<div style=\"height:37px\" aria-hidden=\"true\" class=\"wp-block-spacer\"><\/div>\n\n\n\n<p style=\"font-size:20px\">Dans certains centres-villes, le stationnement est r\u00e9glement\u00e9 et parfois payant, afin de rendre le cadre de vie des centres urbains plus agr\u00e9able et, au final, plus accessible \u00e0 tous. En particulier, le centre-ville de Charleroi fait l\u2019objet d\u2019un plan de stationnement dont les informations d\u00e9taill\u00e9es sont accessibles <a href=\"https:\/\/www.charleroi.be\/vivre\/mobilite\/en-voiture-2#891980-stationnement-intra-ring-en-voirie\" target=\"_blank\" rel=\"noreferrer noopener\">ici<\/a>.<\/p>\n\n\n\n<div style=\"height:37px\" aria-hidden=\"true\" class=\"wp-block-spacer\"><\/div>\n\n\n\n<h2 class=\"wp-block-heading\" style=\"font-size:22px\">Les parkings-relais<\/h2>\n\n\n\n<div style=\"height:37px\" aria-hidden=\"true\" class=\"wp-block-spacer\"><\/div>\n\n\n\n<p style=\"font-size:20px\">Il existe \u00e9galement 3 parkings-relais, permettant de stationner gratuitement son v\u00e9hicule pour prendre le m\u00e9tro l\u00e9ger vers Charleroi&nbsp;:<\/p>\n\n\n\n<div style=\"height:37px\" aria-hidden=\"true\" class=\"wp-block-spacer\"><\/div>\n\n\n\n<div class=\"wp-block-media-text has-media-on-the-right is-stacked-on-mobile\" style=\"grid-template-columns:auto 40%\"><div class=\"wp-block-media-text__content\">\n<ul style=\"font-size:20px\" class=\"wp-block-list\">\n<li><strong>Faubourg de Bruxelles <\/strong>(26 places), \u00e0 la jonction entre la E42 et le M3 ;<\/li>\n<\/ul>\n\n\n\n<ul style=\"font-size:20px\" class=\"wp-block-list\">\n<li><strong>Soleilmont <\/strong>(145 places), \u00e0 l\u2019intersection entre le R3 et le M4&nbsp;;<\/li>\n<\/ul>\n\n\n\n<ul style=\"font-size:20px\" class=\"wp-block-list\">\n<li><strong>Madeleine <\/strong>(200 places), \u00e0 la jonction entre la E420, la N5 et le M3.<\/li>\n<\/ul>\n<\/div><figure class=\"wp-block-media-text__media\"><img loading=\"lazy\" decoding=\"async\" width=\"612\" height=\"437\" src=\"https:\/\/charleroi-metropole.be\/wp-content\/uploads\/2024\/12\/parking.jpg\" alt=\"\" class=\"wp-image-17894 size-full\" srcset=\"https:\/\/charleroi-metropole.be\/wp-content\/uploads\/2024\/12\/parking.jpg 612w, https:\/\/charleroi-metropole.be\/wp-content\/uploads\/2024\/12\/parking-600x428.jpg 600w\" sizes=\"(max-width: 612px) 100vw, 612px\" \/><\/figure><\/div>\n\n\n\n<p style=\"font-size:20px\"><\/p>\n\n\n\n<div style=\"height:37px\" aria-hidden=\"true\" class=\"wp-block-spacer\"><\/div>\n","protected":false},"excerpt":{"rendered":"<p>Charleroi M\u00e9tropole b\u00e9n\u00e9ficie d\u2019un r\u00e9seau routier dense, qui rend ses villes et villages tr\u00e8s accessibles en voiture. S\u2019articulant principalement autour d\u2019un axe Est-Ouest constitu\u00e9 par l\u2019autoroute E42 (la dorsale wallonne) et d\u2019un axe Nord-Sud, avec l\u2019A54 vers Bruxelles et la N5\/E420 vers Couvin et Reims, Charleroi M\u00e9tropole est directement connect\u00e9 aux principales villes wallonnes et [&hellip;]<\/p>\n","protected":false},"author":18,"featured_media":0,"parent":17751,"menu_order":0,"comment_status":"closed","ping_status":"closed","template":"","meta":{"footnotes":""},"class_list":["post-17884","page","type-page","status-publish","hentry"],"_links":{"self":[{"href":"https:\/\/charleroi-metropole.be\/fr\/wp-json\/wp\/v2\/pages\/17884"}],"collection":[{"href":"https:\/\/charleroi-metropole.be\/fr\/wp-json\/wp\/v2\/pages"}],"about":[{"href":"https:\/\/charleroi-metropole.be\/fr\/wp-json\/wp\/v2\/types\/page"}],"author":[{"embeddable":true,"href":"https:\/\/charleroi-metropole.be\/fr\/wp-json\/wp\/v2\/users\/18"}],"replies":[{"embeddable":true,"href":"https:\/\/charleroi-metropole.be\/fr\/wp-json\/wp\/v2\/comments?post=17884"}],"version-history":[{"count":8,"href":"https:\/\/charleroi-metropole.be\/fr\/wp-json\/wp\/v2\/pages\/17884\/revisions"}],"predecessor-version":[{"id":17975,"href":"https:\/\/charleroi-metropole.be\/fr\/wp-json\/wp\/v2\/pages\/17884\/revisions\/17975"}],"up":[{"embeddable":true,"href":"https:\/\/charleroi-metropole.be\/fr\/wp-json\/wp\/v2\/pages\/17751"}],"wp:attachment":[{"href":"https:\/\/charleroi-metropole.be\/fr\/wp-json\/wp\/v2\/media?parent=17884"}],"curies":[{"name":"wp","href":"https:\/\/api.w.org\/{rel}","templated":true}]}}