{"id":17783,"date":"2024-12-16T11:33:46","date_gmt":"2024-12-16T09:33:46","guid":{"rendered":"https:\/\/charleroi-metropole.be\/?page_id=17783"},"modified":"2025-07-04T15:53:25","modified_gmt":"2025-07-04T13:53:25","slug":"des-bus-et-des-metros-pour-une-desserte-fine-et-adaptee","status":"publish","type":"page","link":"https:\/\/charleroi-metropole.be\/fr\/home\/se-deplacer\/des-transports-en-commun-pour-rejoindre-les-villes-et-les-villages-de-charleroi-metropole\/des-bus-et-des-metros-pour-une-desserte-fine-et-adaptee\/","title":{"rendered":"Des bus et des m\u00e9tros pour une desserte fine et adapt\u00e9e"},"content":{"rendered":"\n<div class=\"wp-block-cover alignfull\" style=\"min-height:221px;aspect-ratio:unset;\"><span aria-hidden=\"true\" class=\"wp-block-cover__background has-background-dim\" style=\"background-color:#b8a599\"><\/span><img loading=\"lazy\" decoding=\"async\" width=\"1240\" height=\"800\" class=\"wp-block-cover__image-background wp-image-6180\" alt=\"\" src=\"https:\/\/charleroi-metropole.be\/wp-content\/uploads\/2020\/09\/cover-mobilite.jpg\" data-object-fit=\"cover\" srcset=\"https:\/\/charleroi-metropole.be\/wp-content\/uploads\/2020\/09\/cover-mobilite.jpg 1240w, https:\/\/charleroi-metropole.be\/wp-content\/uploads\/2020\/09\/cover-mobilite-600x387.jpg 600w, https:\/\/charleroi-metropole.be\/wp-content\/uploads\/2020\/09\/cover-mobilite-768x495.jpg 768w\" sizes=\"(max-width: 1240px) 100vw, 1240px\" \/><div class=\"wp-block-cover__inner-container is-layout-constrained wp-block-cover-is-layout-constrained\">\n<h2 class=\"wp-block-heading has-text-align-left\" style=\"font-size:3.8rem\">Des bus et des m\u00e9tros, pour une desserte fine et adapt\u00e9e<\/h2>\n\n\n\n<p style=\"font-size:22px\"><\/p>\n<\/div><\/div>\n\n\n\n<div style=\"height:33px\" aria-hidden=\"true\" class=\"wp-block-spacer\"><\/div>\n\n\n\n<h5 class=\"wp-block-heading\" style=\"font-size:20px\"><\/h5>\n\n\n\n<p style=\"font-size:20px\">Le TEC se d\u00e9ploie sur 130 lignes (bus, bus Express et M\u00e9tro) permettant de rejoindre les diff\u00e9rents p\u00f4les d\u2019habitat et d\u2019emplois de la M\u00e9tropole.<\/p>\n\n\n\n<div style=\"height:33px\" aria-hidden=\"true\" class=\"wp-block-spacer\"><\/div>\n\n\n\n<div class=\"wp-block-columns is-layout-flex wp-container-core-columns-is-layout-1 wp-block-columns-is-layout-flex\">\n<div class=\"wp-block-column is-layout-flow wp-block-column-is-layout-flow\">\n<div class=\"wp-block-buttons is-layout-flex wp-block-buttons-is-layout-flex\">\n<div class=\"wp-block-button has-custom-font-size\" style=\"font-size:18px\"><a class=\"wp-block-button__link has-black-color has-pastel-blue-background-color has-text-color has-background has-link-color wp-element-button\" href=\"https:\/\/www.letec.be\/Content\/Uploads\/PDF\/Plans%20du%20r%C3%A9seau\/CH\/2023\/TEC_Charleroi_NORD-SUD-nov2023.pdf\" target=\"_blank\" rel=\"noreferrer noopener\">Plan du r\u00e9seau&nbsp;<\/a><\/div>\n\n\n\n<div class=\"wp-block-button has-custom-font-size is-style-fill\" style=\"font-size:18px\"><a class=\"wp-block-button__link has-black-color has-pastel-blue-background-color has-text-color has-background has-link-color wp-element-button\" href=\"https:\/\/www.letec.be\/\" target=\"_blank\" rel=\"noreferrer noopener\">Planifier un itin\u00e9raire<\/a><\/div>\n<\/div>\n\n\n\n<p><\/p>\n<\/div>\n\n\n\n<div class=\"wp-block-column is-layout-flow wp-block-column-is-layout-flow\"><\/div>\n<\/div>\n\n\n\n<div style=\"height:33px\" aria-hidden=\"true\" class=\"wp-block-spacer\"><\/div>\n\n\n\n<h3 class=\"wp-block-heading\" style=\"font-size:20px\">Les lignes de bus urbaines ou intercommunales<\/h3>\n\n\n\n<div style=\"height:33px\" aria-hidden=\"true\" class=\"wp-block-spacer\"><\/div>\n\n\n\n<p style=\"font-size:18px\">Elles assurent une desserte fine des diff\u00e9rents quartiers, villes et villages de la M\u00e9tropole.<\/p>\n\n\n\n<div style=\"height:33px\" aria-hidden=\"true\" class=\"wp-block-spacer\"><\/div>\n\n\n\n<h3 class=\"wp-block-heading\" style=\"font-size:20px\">Les lignes Express<\/h3>\n\n\n\n<div style=\"height:33px\" aria-hidden=\"true\" class=\"wp-block-spacer\"><\/div>\n\n\n\n<p style=\"font-size:18px\">Les Express sont des lignes directes du TEC qui permet de rejoindre rapidement des centres urbains. Nombre d\u2019arr\u00eats limit\u00e9s et itin\u00e9raires directs vous assurent un gain de temps appr\u00e9ciable. 4 lignes Express, compl\u00e9mentaire au r\u00e9seau ferroviaire, desservent Charleroi M\u00e9tropole&nbsp;:<\/p>\n\n\n\n<div style=\"height:33px\" aria-hidden=\"true\" class=\"wp-block-spacer\"><\/div>\n\n\n\n<ul class=\"wp-block-list\">\n<li style=\"font-size:18px\">E109&nbsp;: <strong>Charleroi &#8211; Beaumont &#8211; Chimay &#8211; Momignies<\/strong><\/li>\n\n\n\n<li style=\"font-size:18px\">E110&nbsp;: <strong>Beaumont &#8211; Erquelinnes &#8211; Mons<\/strong><\/li>\n\n\n\n<li style=\"font-size:18px\">E83&nbsp;: <strong>Charleroi- Fleurus \u2013 Gembloux<\/strong><\/li>\n\n\n\n<li style=\"font-size:18px\">E86&nbsp;: <strong>Couvin \u2013 Philippeville \u2013 Mettet &#8211; Namur<\/strong><\/li>\n<\/ul>\n\n\n\n<div style=\"height:33px\" aria-hidden=\"true\" class=\"wp-block-spacer\"><\/div>\n\n\n\n<h3 class=\"wp-block-heading\" style=\"font-size:21px\">Le M\u00e9tro l\u00e9ger<\/h3>\n\n\n\n<div style=\"height:33px\" aria-hidden=\"true\" class=\"wp-block-spacer\"><\/div>\n\n\n\n<p style=\"font-size:18px\">Permet de rejoindre rapidement le centre-ville et la gare de Charleroi Central depuis&nbsp;:<\/p>\n\n\n\n<div style=\"height:33px\" aria-hidden=\"true\" class=\"wp-block-spacer\"><\/div>\n\n\n\n<ul class=\"wp-block-list\">\n<li style=\"font-size:18px\"><strong>Gosselies<\/strong>, au Nord, en passant par <strong>Dampremy, Lodelinsart et Jumet<\/strong> (M3)<\/li>\n\n\n\n<li style=\"font-size:18px\"><strong>Gilly<\/strong>, \u00e0 l\u2019Est (M4)<\/li>\n\n\n\n<li style=\"font-size:18px\"><strong>Anderlues<\/strong>, \u00e0 l\u2019Ouest, en passant par <strong>Fontaine-l\u2019Ev\u00eaque<\/strong> et <strong>Marchienne-au-Pont<\/strong> (M1 et M2)<\/li>\n<\/ul>\n\n\n\n<div style=\"height:33px\" aria-hidden=\"true\" class=\"wp-block-spacer\"><\/div>\n\n\n\n<div class=\"wp-block-buttons is-content-justification-left is-layout-flex wp-container-core-buttons-is-layout-2 wp-block-buttons-is-layout-flex\" style=\"margin-top:0;margin-bottom:0\">\n<div class=\"wp-block-button has-custom-font-size\" style=\"font-size:18px\"><a class=\"wp-block-button__link has-black-color has-pastel-blue-background-color has-text-color has-background has-link-color wp-element-button\" href=\"https:\/\/www.letec.be\/Content\/Uploads\/PDF\/Plans%20du%20r%C3%A9seau\/CH\/2023\/04503-TEC-Gare%20Centrale%20Charleroi-plan-m%C3%A9tro-CH-A1-TRAVAUX-Juillet2023-PRINT.pdf\" target=\"_blank\" rel=\"noreferrer noopener\">Plan d\u00e9taill\u00e9 du M\u00e9tro<\/a><\/div>\n<\/div>\n\n\n\n<div style=\"height:33px\" aria-hidden=\"true\" class=\"wp-block-spacer\"><\/div>\n\n\n\n<h3 class=\"wp-block-heading\" style=\"font-size:20px\">Lignes touristiques \u00ab&nbsp;\u00e9Vasion&nbsp;\u00bb<\/h3>\n\n\n\n<div style=\"height:33px\" aria-hidden=\"true\" class=\"wp-block-spacer\"><\/div>\n\n\n\n<p style=\"font-size:18px\">Pendant les week-ends et jours f\u00e9ri\u00e9s en \u00e9t\u00e9, la ligne V2 permet de rejoindre l\u2019<strong>Abbaye d\u2019Aulne<\/strong> depuis la gare de Charleroi Central.<\/p>\n\n\n\n<div style=\"height:33px\" aria-hidden=\"true\" class=\"wp-block-spacer\"><\/div>\n\n\n\n<div class=\"wp-block-buttons is-layout-flex wp-block-buttons-is-layout-flex\">\n<div class=\"wp-block-button has-custom-font-size\" style=\"font-size:18px\"><a class=\"wp-block-button__link has-black-color has-pastel-blue-background-color has-text-color has-background has-link-color wp-element-button\" href=\"https:\/\/www.letec.be\/View\/Les_lignes_evasion\/4413\" target=\"_blank\" rel=\"noreferrer noopener\">Infos<\/a><\/div>\n<\/div>\n\n\n\n<div style=\"height:33px\" aria-hidden=\"true\" class=\"wp-block-spacer\"><\/div>\n\n\n\n<div class=\"wp-block-group alignfull is-layout-constrained wp-block-group-is-layout-constrained\"><\/div>\n","protected":false},"excerpt":{"rendered":"<p>Le TEC se d\u00e9ploie sur 130 lignes (bus, bus Express et M\u00e9tro) permettant de rejoindre les diff\u00e9rents p\u00f4les d\u2019habitat et d\u2019emplois de la M\u00e9tropole. Les lignes de bus urbaines ou intercommunales Elles assurent une desserte fine des diff\u00e9rents quartiers, villes et villages de la M\u00e9tropole. Les lignes Express Les Express sont des lignes directes du [&hellip;]<\/p>\n","protected":false},"author":18,"featured_media":0,"parent":17795,"menu_order":0,"comment_status":"closed","ping_status":"closed","template":"","meta":{"footnotes":""},"class_list":["post-17783","page","type-page","status-publish","hentry"],"_links":{"self":[{"href":"https:\/\/charleroi-metropole.be\/fr\/wp-json\/wp\/v2\/pages\/17783"}],"collection":[{"href":"https:\/\/charleroi-metropole.be\/fr\/wp-json\/wp\/v2\/pages"}],"about":[{"href":"https:\/\/charleroi-metropole.be\/fr\/wp-json\/wp\/v2\/types\/page"}],"author":[{"embeddable":true,"href":"https:\/\/charleroi-metropole.be\/fr\/wp-json\/wp\/v2\/users\/18"}],"replies":[{"embeddable":true,"href":"https:\/\/charleroi-metropole.be\/fr\/wp-json\/wp\/v2\/comments?post=17783"}],"version-history":[{"count":21,"href":"https:\/\/charleroi-metropole.be\/fr\/wp-json\/wp\/v2\/pages\/17783\/revisions"}],"predecessor-version":[{"id":18730,"href":"https:\/\/charleroi-metropole.be\/fr\/wp-json\/wp\/v2\/pages\/17783\/revisions\/18730"}],"up":[{"embeddable":true,"href":"https:\/\/charleroi-metropole.be\/fr\/wp-json\/wp\/v2\/pages\/17795"}],"wp:attachment":[{"href":"https:\/\/charleroi-metropole.be\/fr\/wp-json\/wp\/v2\/media?parent=17783"}],"curies":[{"name":"wp","href":"https:\/\/api.w.org\/{rel}","templated":true}]}}