{"id":17562,"date":"2024-11-13T15:56:47","date_gmt":"2024-11-13T13:56:47","guid":{"rendered":"https:\/\/charleroi-metropole.be\/?page_id=17562"},"modified":"2024-11-21T16:08:23","modified_gmt":"2024-11-21T14:08:23","slug":"trouver-lemploi-de-ses-reves","status":"publish","type":"page","link":"https:\/\/charleroi-metropole.be\/fr\/home\/entreprendre\/trouver-lemploi-de-ses-reves\/","title":{"rendered":"Trouver l&#8217;emploi de ses r\u00eaves"},"content":{"rendered":"\n<div class=\"wp-block-group alignfull is-layout-constrained wp-block-group-is-layout-constrained\">\n<div class=\"wp-block-cover alignfull is-light\" style=\"min-height:297px;aspect-ratio:unset;\"><span aria-hidden=\"true\" class=\"wp-block-cover__background has-background-dim\" style=\"background-color:#b8a599\"><\/span><img loading=\"lazy\" decoding=\"async\" width=\"612\" height=\"408\" class=\"wp-block-cover__image-background wp-image-15449\" alt=\"\" src=\"https:\/\/charleroi-metropole.be\/wp-content\/uploads\/2024\/02\/istockphoto-1287342585-612x612-1.jpg\" data-object-fit=\"cover\" srcset=\"https:\/\/charleroi-metropole.be\/wp-content\/uploads\/2024\/02\/istockphoto-1287342585-612x612-1.jpg 612w, https:\/\/charleroi-metropole.be\/wp-content\/uploads\/2024\/02\/istockphoto-1287342585-612x612-1-600x400.jpg 600w\" sizes=\"(max-width: 612px) 100vw, 612px\" \/><div class=\"wp-block-cover__inner-container is-layout-constrained wp-block-cover-is-layout-constrained\">\n<h2 class=\"wp-block-heading has-text-align-left\" style=\"font-size:3.8rem\">Trouver l&#8217;emploi de ses r\u00eaves<\/h2>\n\n\n\n<p><\/p>\n\n\n\n<p style=\"font-size:22px\"><strong>Territoire en plein red\u00e9ploiement, Charleroi M\u00e9tropole compte de nombreux employeurs et institutions en perp\u00e9tuelle recherche de nouveaux talents. D\u00e9couvrez les trucs et astuces pour trouver l\u2019emploi id\u00e9al au c\u0153ur d\u2019une r\u00e9gion accueillante.<\/strong><\/p>\n<\/div><\/div>\n<\/div>\n\n\n\n<div style=\"height:30px\" aria-hidden=\"true\" class=\"wp-block-spacer\"><\/div>\n\n\n\n<div class=\"wp-block-group is-layout-constrained wp-block-group-is-layout-constrained\"><\/div>\n\n\n\n<div style=\"height:30px\" aria-hidden=\"true\" class=\"wp-block-spacer\"><\/div>\n\n\n\n<h2 class=\"wp-block-heading\">Des organismes pour trouver le job id\u00e9al<\/h2>\n\n\n\n<div style=\"height:30px\" aria-hidden=\"true\" class=\"wp-block-spacer\"><\/div>\n\n\n\n<p style=\"font-size:20px\">Plusieurs organismes situ\u00e9s sur le territoire de Charleroi M\u00e9tropole proposent de nombreuses ressources et services. Ils offrent  un accompagnement personnalis\u00e9 pour permettre \u00e0 chacun de trouver un emploi.<\/p>\n\n\n\n<div style=\"height:30px\" aria-hidden=\"true\" class=\"wp-block-spacer\"><\/div>\n\n\n\n<p style=\"font-size:20px\">Citons l\u2019incontournable&nbsp;<a href=\"https:\/\/www.leforem.be\/\" target=\"_blank\" rel=\"noreferrer noopener\">Forem<\/a>, Office wallon de la formation professionnelle et de l\u2019emploi, dont la comp\u00e9tence est l\u2019emploi et la formation professionnelle. Vous y trouverez un accompagnement personnalis\u00e9, des offres de formations, de coaching ainsi que des offres d\u2019emplois.<\/p>\n\n\n\n<div style=\"height:30px\" aria-hidden=\"true\" class=\"wp-block-spacer\"><\/div>\n\n\n\n<p style=\"font-size:20px\">Les agences d\u2019Int\u00e9rim sont constamment \u00e0 la recherche de profils correspondant aux besoins des entreprises qui recourent \u00e0 leurs services. Elles peuvent \u00eatre g\u00e9n\u00e9ralistes ou sp\u00e9cialis\u00e9es dans un secteur d\u2019activit\u00e9. Dans tous les cas, elles offrent de nombreuses missions aux int\u00e9rimaires qui ont les comp\u00e9tences n\u00e9cessaires pour r\u00e9pondre aux exigences des entreprises concern\u00e9es et peuvent aussi faire office d\u2019agence de recrutement pour trouver le candidat id\u00e9al \u00e0 un poste d\u00e9termin\u00e9.<\/p>\n\n\n\n<div style=\"height:30px\" aria-hidden=\"true\" class=\"wp-block-spacer\"><\/div>\n\n\n\n<div class=\"wp-block-media-text is-stacked-on-mobile\" style=\"grid-template-columns:40% auto\"><figure class=\"wp-block-media-text__media\"><img loading=\"lazy\" decoding=\"async\" width=\"612\" height=\"408\" src=\"https:\/\/charleroi-metropole.be\/wp-content\/uploads\/2024\/11\/emploiformation.jpg\" alt=\"\" class=\"wp-image-17568 size-full\" srcset=\"https:\/\/charleroi-metropole.be\/wp-content\/uploads\/2024\/11\/emploiformation.jpg 612w, https:\/\/charleroi-metropole.be\/wp-content\/uploads\/2024\/11\/emploiformation-600x400.jpg 600w\" sizes=\"(max-width: 612px) 100vw, 612px\" \/><\/figure><div class=\"wp-block-media-text__content\">\n<p style=\"font-size:20px\">La&nbsp;<a href=\"https:\/\/www.mirec.net\/\" target=\"_blank\" rel=\"noreferrer noopener\">Mirec<\/a>&nbsp;lutte contre l\u2019exclusion sociale par l\u2019emploi en accompagnant les demandeurs d\u2019emploi inoccup\u00e9s non soumis \u00e0 l\u2019obligation scolaire et r\u00e9pondant \u00e0 diff\u00e9rents crit\u00e8res. Elle propose offres d\u2019emploi et formations.<\/p>\n\n\n\n<div style=\"height:30px\" aria-hidden=\"true\" class=\"wp-block-spacer\"><\/div>\n\n\n\n<div class=\"wp-block-group is-nowrap is-layout-flex wp-container-core-group-is-layout-3 wp-block-group-is-layout-flex\">\n<p style=\"font-size:20px\">D&rsquo;autres organismes peuvent \u00e9galement vous venir en aide. Citons <a href=\"http:\/\/www.archipel-asbl.be\/module-de-recherche-active-demploi.html\" target=\"_blank\" rel=\"noreferrer noopener\">Archipel<\/a>,\u00a0les\u00a0CPAS\u00a0des communes, l\u2019<a href=\"https:\/\/www.ucm.be\/Nos-bureaux\/Bureau-de-Charleroi\" target=\"_blank\" rel=\"noreferrer noopener\">Union des Classes Moyennes<\/a>\u2026<\/p>\n<\/div>\n\n\n\n<p><\/p>\n<\/div><\/div>\n\n\n\n<div style=\"height:30px\" aria-hidden=\"true\" class=\"wp-block-spacer\"><\/div>\n\n\n\n<p style=\"font-size:20px\"><\/p>\n\n\n\n<div style=\"height:30px\" aria-hidden=\"true\" class=\"wp-block-spacer\"><\/div>\n\n\n\n<div style=\"height:30px\" aria-hidden=\"true\" class=\"wp-block-spacer\"><\/div>\n\n\n\n<h2 class=\"wp-block-heading\">Connaitre les entreprises qui recrutent et se faire connaitre<\/h2>\n\n\n\n<div style=\"height:30px\" aria-hidden=\"true\" class=\"wp-block-spacer\"><\/div>\n\n\n\n<p style=\"font-size:20px\">De nombreuses entreprises de Charleroi M\u00e9tropole publient\u00a0directement leurs offres d\u2019emploi via une rubrique d\u00e9di\u00e9e sur leur site web, leur page Linkedin voire m\u00eame leur page Facebook. N\u2019h\u00e9sitez pas \u00e0 consulter r\u00e9guli\u00e8rement leurs canaux de communication si vous souhaitez rester inform\u00e9 de leurs prochaines offres d\u2019emplois ! <\/p>\n\n\n\n<div class=\"wp-block-buttons is-content-justification-center is-layout-flex wp-container-core-buttons-is-layout-1 wp-block-buttons-is-layout-flex\">\n<div class=\"wp-block-button has-custom-font-size\" style=\"font-size:20px\"><a class=\"wp-block-button__link has-black-color has-pastel-grey-background-color has-text-color has-background has-link-color wp-element-button\" href=\"https:\/\/charleroi-metropole.be\/fr\/home\/entreprendre\/investir-a-charleroi-metropole\/une-main-doeuvre-qualifiee-et-des-entreprises-de-pointe\/\" style=\"border-style:none;border-width:0px;border-radius:24px;padding-right:var(--wp--preset--spacing--30);padding-left:var(--wp--preset--spacing--30)\" target=\"_blank\" rel=\"noreferrer noopener\"><strong>D\u00e9couvrir les grandes entreprises du territoire <\/strong><\/a><\/div>\n<\/div>\n\n\n\n<div style=\"height:30px\" aria-hidden=\"true\" class=\"wp-block-spacer\"><\/div>\n\n\n\n<p style=\"font-size:20px\">Les entreprises (PME et grandes entreprises) ainsi que les institutions publiques (minist\u00e8res f\u00e9d\u00e9raux et r\u00e9gionaux, provinces, villes et communes) font fr\u00e9quemment appel \u00e0 des profils qu\u2019elles d\u00e9couvrent sur base de candidatures spontan\u00e9es. N\u2019h\u00e9sitez pas \u00e0 leur envoyer d\u2019initiative votre candidature et \u00e0 consulter les nombreuses offres d\u2019emploi qu\u2019elles publient sur leurs sites.<\/p>\n\n\n\n<div style=\"height:30px\" aria-hidden=\"true\" class=\"wp-block-spacer\"><\/div>\n\n\n\n<h2 class=\"wp-block-heading\">Se former ou se reconvertir<\/h2>\n\n\n\n<div style=\"height:30px\" aria-hidden=\"true\" class=\"wp-block-spacer\"><\/div>\n\n\n\n<p style=\"font-size:20px\">Le territoire de Charleroi M\u00e9tropole propose de nombreuses formations pour adultes, visant \u00e0 acqu\u00e9rir de nouvelles comp\u00e9tences pour se sp\u00e9cialiser ou se reconvertir, et ainsi r\u00e9pondre aux besoins des entreprises du territoire.<\/p>\n\n\n\n<div style=\"height:30px\" aria-hidden=\"true\" class=\"wp-block-spacer\"><\/div>\n\n\n\n<p style=\"font-size:20px\"><\/p>\n\n\n\n<div class=\"wp-block-group alignwide is-layout-constrained wp-block-group-is-layout-constrained\">\n<div class=\"wp-block-media-text has-media-on-the-right is-stacked-on-mobile\" style=\"grid-template-columns:auto 37%\"><div class=\"wp-block-media-text__content\">\n<p style=\"font-size:20px\">Le <a href=\"https:\/\/charleroi-metropole.be\/fr\/projets\/campus-charleroi-metropole\/\" target=\"_blank\" rel=\"noreferrer noopener\">Campus Charleroi M\u00e9tropole<\/a>, l\u2019<a href=\"http:\/\/www.ifapme.be\/\" target=\"_blank\" rel=\"noreferrer noopener\">IFAPME<\/a>,\u00a0le <a href=\"https:\/\/www.leforem.be\/\" target=\"_blank\" rel=\"noreferrer noopener\">Forem<\/a>,\u00a0les centres de comp\u00e9tences comme <a href=\"http:\/\/www.technofuturtic.be\/\" target=\"_blank\" rel=\"noreferrer noopener\">Technofutur TIC<\/a>,\u00a0<a href=\"http:\/\/www.technocampus.be\/\" target=\"_blank\" rel=\"noreferrer noopener\">Technocampus<\/a> ou encore <a href=\"https:\/\/www.aptaskil.be\/fr\/\" target=\"_blank\" rel=\"noreferrer noopener\">aptaskil<\/a>, mais aussi les nombreux instituts de promotion sociale proposent une s\u00e9rie de formations pour tous les niveaux de comp\u00e9tences et tous types de profils !<\/p>\n<\/div><figure class=\"wp-block-media-text__media\"><img loading=\"lazy\" decoding=\"async\" width=\"609\" height=\"285\" src=\"https:\/\/charleroi-metropole.be\/wp-content\/uploads\/2018\/09\/campus-cm-1.jpg\" alt=\"\" class=\"wp-image-9441 size-full\" srcset=\"https:\/\/charleroi-metropole.be\/wp-content\/uploads\/2018\/09\/campus-cm-1.jpg 609w, https:\/\/charleroi-metropole.be\/wp-content\/uploads\/2018\/09\/campus-cm-1-600x281.jpg 600w\" sizes=\"(max-width: 609px) 100vw, 609px\" \/><\/figure><\/div>\n<\/div>\n\n\n\n<div style=\"height:30px\" aria-hidden=\"true\" class=\"wp-block-spacer\"><\/div>\n\n\n\n<div style=\"height:30px\" aria-hidden=\"true\" class=\"wp-block-spacer\"><\/div>\n\n\n\n<p style=\"font-size:20px\"><\/p>\n\n\n\n<p><\/p>\n","protected":false},"excerpt":{"rendered":"<p>Des organismes pour trouver le job id\u00e9al Plusieurs organismes situ\u00e9s sur le territoire de Charleroi M\u00e9tropole proposent de nombreuses ressources et services. Ils offrent un accompagnement personnalis\u00e9 pour permettre \u00e0 chacun de trouver un emploi. Citons l\u2019incontournable&nbsp;Forem, Office wallon de la formation professionnelle et de l\u2019emploi, dont la comp\u00e9tence est l\u2019emploi et la formation professionnelle. [&hellip;]<\/p>\n","protected":false},"author":18,"featured_media":0,"parent":16743,"menu_order":0,"comment_status":"closed","ping_status":"closed","template":"","meta":{"footnotes":""},"class_list":["post-17562","page","type-page","status-publish","hentry"],"_links":{"self":[{"href":"https:\/\/charleroi-metropole.be\/fr\/wp-json\/wp\/v2\/pages\/17562"}],"collection":[{"href":"https:\/\/charleroi-metropole.be\/fr\/wp-json\/wp\/v2\/pages"}],"about":[{"href":"https:\/\/charleroi-metropole.be\/fr\/wp-json\/wp\/v2\/types\/page"}],"author":[{"embeddable":true,"href":"https:\/\/charleroi-metropole.be\/fr\/wp-json\/wp\/v2\/users\/18"}],"replies":[{"embeddable":true,"href":"https:\/\/charleroi-metropole.be\/fr\/wp-json\/wp\/v2\/comments?post=17562"}],"version-history":[{"count":18,"href":"https:\/\/charleroi-metropole.be\/fr\/wp-json\/wp\/v2\/pages\/17562\/revisions"}],"predecessor-version":[{"id":17748,"href":"https:\/\/charleroi-metropole.be\/fr\/wp-json\/wp\/v2\/pages\/17562\/revisions\/17748"}],"up":[{"embeddable":true,"href":"https:\/\/charleroi-metropole.be\/fr\/wp-json\/wp\/v2\/pages\/16743"}],"wp:attachment":[{"href":"https:\/\/charleroi-metropole.be\/fr\/wp-json\/wp\/v2\/media?parent=17562"}],"curies":[{"name":"wp","href":"https:\/\/api.w.org\/{rel}","templated":true}]}}