{"id":17405,"date":"2024-11-14T11:38:14","date_gmt":"2024-11-14T09:38:14","guid":{"rendered":"https:\/\/charleroi-metropole.be\/?page_id=17405"},"modified":"2025-07-15T15:28:07","modified_gmt":"2025-07-15T13:28:07","slug":"de-nombreux-centres-de-recherche","status":"publish","type":"page","link":"https:\/\/charleroi-metropole.be\/fr\/home\/entreprendre\/investir-a-charleroi-metropole\/de-nombreux-centres-de-recherche\/","title":{"rendered":"De nombreux centres de recherche"},"content":{"rendered":"\n<div class=\"wp-block-group alignfull is-layout-constrained wp-block-group-is-layout-constrained\">\n<div class=\"wp-block-cover alignfull is-light\" style=\"min-height:297px;aspect-ratio:unset;\"><span aria-hidden=\"true\" class=\"wp-block-cover__background has-background-dim\" style=\"background-color:#b8a599\"><\/span><img loading=\"lazy\" decoding=\"async\" width=\"612\" height=\"408\" class=\"wp-block-cover__image-background wp-image-17406\" alt=\"\" src=\"https:\/\/charleroi-metropole.be\/wp-content\/uploads\/2024\/10\/centres-de-recherche.jpg\" data-object-fit=\"cover\" srcset=\"https:\/\/charleroi-metropole.be\/wp-content\/uploads\/2024\/10\/centres-de-recherche.jpg 612w, https:\/\/charleroi-metropole.be\/wp-content\/uploads\/2024\/10\/centres-de-recherche-600x400.jpg 600w\" sizes=\"(max-width: 612px) 100vw, 612px\" \/><div class=\"wp-block-cover__inner-container is-layout-constrained wp-block-cover-is-layout-constrained\">\n<h2 class=\"wp-block-heading has-text-align-left\" style=\"font-size:3.8rem\"><strong>De nombreux centres de recherche<\/strong><\/h2>\n\n\n\n<div style=\"height:23px\" aria-hidden=\"true\" class=\"wp-block-spacer\"><\/div>\n\n\n\n<p style=\"font-size:22px\"><strong>Plusieurs centres de recherches, reconnus parmi les plus performants d\u2019Europe,&nbsp;se sont d\u00e9velopp\u00e9s sur le territoire de Charleroi M\u00e9tropole.<\/strong><\/p>\n<\/div><\/div>\n<\/div>\n\n\n\n<div style=\"height:62px\" aria-hidden=\"true\" class=\"wp-block-spacer\"><\/div>\n\n\n\n<p style=\"font-size:21px\">Citons, \u00e0 titre d\u2019exemple,&nbsp;<a href=\"http:\/\/www.cenaero.be\/\" target=\"_blank\" rel=\"noreferrer noopener\">Cenaero<\/a>, sp\u00e9cialis\u00e9 dans l\u2019a\u00e9ronautique, le&nbsp;<a href=\"https:\/\/www.cetic.be\/\" target=\"_blank\" rel=\"noreferrer noopener\">Cetic<\/a>,&nbsp;sp\u00e9cialis\u00e9 dans&nbsp;les technologies de l\u2019information et de la communication,&nbsp;<a href=\"https:\/\/immunehealth.eu\/\" target=\"_blank\" rel=\"noreferrer noopener\">Immune Health<\/a>, connu pour&nbsp;son expertise en mati\u00e8re de&nbsp;\u201csciences du vivant\u201d,&nbsp;<a href=\"http:\/\/www.certech.be\/\" target=\"_blank\" rel=\"noreferrer noopener\">Certech<\/a>, r\u00e9put\u00e9 pour ses travaux en chimie, ou encore&nbsp;<a href=\"https:\/\/www.sirris.be\/fr\" target=\"_blank\" rel=\"noreferrer noopener\">Sirris<\/a>, sp\u00e9cialis\u00e9 dans le secteur de l\u2019industrie technologique.<\/p>\n\n\n\n<div style=\"height:44px\" aria-hidden=\"true\" class=\"wp-block-spacer\"><\/div>\n\n\n\n<p style=\"font-size:21px\">Le site du&nbsp;<a href=\"http:\/\/www.biopark.be\/\" target=\"_blank\" rel=\"noreferrer noopener\">Biopark<\/a>&nbsp;Charleroi Brussels South rassemble des instituts de recherche universitaires, des plateformes technologiques, des entreprises, des structures de valorisation de la recherche, des incubateurs et un centre de formation dans le secteur des biotechnologies.<\/p>\n\n\n\n<div style=\"height:44px\" aria-hidden=\"true\" class=\"wp-block-spacer\"><\/div>\n\n\n\n<p style=\"font-size:21px\">Le Biopark participe activement au P\u00f4le sant\u00e9 wallon, tout comme les h\u00f4pitaux de la M\u00e9tropole&nbsp;: &nbsp;le&nbsp;<a href=\"http:\/\/www.chu-charleroi.be\/\" target=\"_blank\" rel=\"noreferrer noopener\">Centre Hospitalier Universitaire<\/a>, le&nbsp;<a href=\"https:\/\/www.ghdc.be\/\" target=\"_blank\" rel=\"noreferrer noopener\">Grand H\u00f4pital<\/a> de Charleroi&nbsp;(GHDC), l\u2019H\u00f4pital&nbsp;<a href=\"https:\/\/www.cndg.be\/\" target=\"_blank\" rel=\"noreferrer noopener\">Notre-Dame de Gr\u00e2ce<\/a>&nbsp;de Gosselies&nbsp;(CNDG), l\u2019<a href=\"https:\/\/www.jolimont.be\/\" target=\"_blank\" rel=\"noreferrer noopener\">H\u00f4pital de Lobbes<\/a>&nbsp;(groupe Jolimont), le&nbsp;<a href=\"http:\/\/www.csf.be\/\" target=\"_blank\" rel=\"noreferrer noopener\">Centre de Sant\u00e9 des Fagnes<\/a>&nbsp;(CSF)\u2026<\/p>\n\n\n\n<div style=\"height:44px\" aria-hidden=\"true\" class=\"wp-block-spacer\"><\/div>\n","protected":false},"excerpt":{"rendered":"<p>Citons, \u00e0 titre d\u2019exemple,&nbsp;Cenaero, sp\u00e9cialis\u00e9 dans l\u2019a\u00e9ronautique, le&nbsp;Cetic,&nbsp;sp\u00e9cialis\u00e9 dans&nbsp;les technologies de l\u2019information et de la communication,&nbsp;Immune Health, connu pour&nbsp;son expertise en mati\u00e8re de&nbsp;\u201csciences du vivant\u201d,&nbsp;Certech, r\u00e9put\u00e9 pour ses travaux en chimie, ou encore&nbsp;Sirris, sp\u00e9cialis\u00e9 dans le secteur de l\u2019industrie technologique. Le site du&nbsp;Biopark&nbsp;Charleroi Brussels South rassemble des instituts de recherche universitaires, des plateformes technologiques, des [&hellip;]<\/p>\n","protected":false},"author":18,"featured_media":0,"parent":16785,"menu_order":0,"comment_status":"closed","ping_status":"closed","template":"","meta":{"footnotes":""},"class_list":["post-17405","page","type-page","status-publish","hentry"],"_links":{"self":[{"href":"https:\/\/charleroi-metropole.be\/fr\/wp-json\/wp\/v2\/pages\/17405"}],"collection":[{"href":"https:\/\/charleroi-metropole.be\/fr\/wp-json\/wp\/v2\/pages"}],"about":[{"href":"https:\/\/charleroi-metropole.be\/fr\/wp-json\/wp\/v2\/types\/page"}],"author":[{"embeddable":true,"href":"https:\/\/charleroi-metropole.be\/fr\/wp-json\/wp\/v2\/users\/18"}],"replies":[{"embeddable":true,"href":"https:\/\/charleroi-metropole.be\/fr\/wp-json\/wp\/v2\/comments?post=17405"}],"version-history":[{"count":8,"href":"https:\/\/charleroi-metropole.be\/fr\/wp-json\/wp\/v2\/pages\/17405\/revisions"}],"predecessor-version":[{"id":18789,"href":"https:\/\/charleroi-metropole.be\/fr\/wp-json\/wp\/v2\/pages\/17405\/revisions\/18789"}],"up":[{"embeddable":true,"href":"https:\/\/charleroi-metropole.be\/fr\/wp-json\/wp\/v2\/pages\/16785"}],"wp:attachment":[{"href":"https:\/\/charleroi-metropole.be\/fr\/wp-json\/wp\/v2\/media?parent=17405"}],"curies":[{"name":"wp","href":"https:\/\/api.w.org\/{rel}","templated":true}]}}