{"id":16785,"date":"2024-11-13T15:50:46","date_gmt":"2024-11-13T13:50:46","guid":{"rendered":"https:\/\/charleroi-metropole.be\/?page_id=16785"},"modified":"2025-06-30T13:45:42","modified_gmt":"2025-06-30T11:45:42","slug":"investir-a-charleroi-metropole","status":"publish","type":"page","link":"https:\/\/charleroi-metropole.be\/fr\/home\/entreprendre\/investir-a-charleroi-metropole\/","title":{"rendered":"Investir \u00e0 Charleroi M\u00e9tropole"},"content":{"rendered":"\n<div class=\"wp-block-group alignfull is-layout-constrained wp-block-group-is-layout-constrained\">\n<div class=\"wp-block-cover alignfull is-light\" style=\"min-height:297px;aspect-ratio:unset;\"><span aria-hidden=\"true\" class=\"wp-block-cover__background has-background-dim\" style=\"background-color:#b8a599\"><\/span><img loading=\"lazy\" decoding=\"async\" width=\"1920\" height=\"1012\" class=\"wp-block-cover__image-background wp-image-16638\" alt=\"\" src=\"https:\/\/charleroi-metropole.be\/wp-content\/uploads\/2024\/07\/aptaskil_Charleroi_Metropole_Home.jpg\" data-object-fit=\"cover\" srcset=\"https:\/\/charleroi-metropole.be\/wp-content\/uploads\/2024\/07\/aptaskil_Charleroi_Metropole_Home.jpg 1920w, https:\/\/charleroi-metropole.be\/wp-content\/uploads\/2024\/07\/aptaskil_Charleroi_Metropole_Home-600x316.jpg 600w, https:\/\/charleroi-metropole.be\/wp-content\/uploads\/2024\/07\/aptaskil_Charleroi_Metropole_Home-1600x843.jpg 1600w, https:\/\/charleroi-metropole.be\/wp-content\/uploads\/2024\/07\/aptaskil_Charleroi_Metropole_Home-768x405.jpg 768w, https:\/\/charleroi-metropole.be\/wp-content\/uploads\/2024\/07\/aptaskil_Charleroi_Metropole_Home-1536x810.jpg 1536w\" sizes=\"(max-width: 1920px) 100vw, 1920px\" \/><div class=\"wp-block-cover__inner-container is-layout-constrained wp-block-cover-is-layout-constrained\">\n<h2 class=\"wp-block-heading has-text-align-left\" style=\"font-size:3.8rem\">Investir \u00e0 Charleroi M\u00e9tropole<\/h2>\n\n\n\n<p><\/p>\n\n\n\n<p style=\"font-size:22px\"><strong>Que vous souhaitiez investir dans une entreprise innovante ou installer vos activit\u00e9s dans un endroit strat\u00e9giquement situ\u00e9 au c\u0153ur de l\u2019Europe de l\u2019Ouest, Charleroi M\u00e9tropole a de quoi vous s\u00e9duire.<\/strong><\/p>\n<\/div><\/div>\n<\/div>\n\n\n\n<div style=\"height:56px\" aria-hidden=\"true\" class=\"wp-block-spacer\"><\/div>\n\n\n\n<div class=\"wp-block-group alignwide is-layout-constrained wp-block-group-is-layout-constrained\">\n<p class=\"wp-block-media-text_modified has-text-color has-background has-link-color wp-elements-45817ebabc79ef5dbc65aed72bfca342\" style=\"color:#070707;background-color:#dc9b9b;margin-right:var(--wp--preset--spacing--30);margin-left:var(--wp--preset--spacing--30);font-size:21px\"><strong>Pourquoi investir \u00e0 Charleroi M\u00e9tropole ?<\/strong> Id\u00e9alement situ\u00e9e, la r\u00e9gion jouit d\u2019une excellente accessibilit\u00e9\u00a0: les plus grands axes de transport internationaux sont \u00e0 un jet de pierre. De plus, les plus grandes puissances \u00e9conomiques europ\u00e9ennes jouxtent Charleroi M\u00e9tropole. La r\u00e9gion mise sur le d\u00e9veloppement d\u2019\u00e9cosyst\u00e8mes forts, et dispose d\u2019une main d\u2019oeuvre qualifi\u00e9e. De nombreux sites et espaces de d\u00e9veloppement et d\u2019incubation sont \u00e0 disposition pour vous permettre d\u2019installer vos activit\u00e9s \u00e0 un prix attractif et en un temps record. Une s\u00e9rie d\u2019avantages et d\u2019incitants financiers int\u00e9ressants compl\u00e8tent ces raisons de venir y d\u00e9velopper une activit\u00e9.<\/p>\n<\/div>\n\n\n\n<div style=\"height:49px\" aria-hidden=\"true\" class=\"wp-block-spacer\"><\/div>\n\n\n\n<div class=\"wp-block-columns is-layout-flex wp-container-core-columns-is-layout-1 wp-block-columns-is-layout-flex\">\n<div class=\"wp-block-column is-layout-flow wp-block-column-is-layout-flow\">\n<p><strong><a href=\"https:\/\/charleroi-metropole.be\/fr\/home\/entreprendre\/investir-a-charleroi-metropole\/accessible-et-situee-au-coeur-de-leurope\/\">Accessible et situ\u00e9e au c\u0153ur de l\u2019Europe<\/a><\/strong> <\/p>\n\n\n\n<p><strong><a href=\"https:\/\/charleroi-metropole.be\/fr\/home\/entreprendre\/investir-a-charleroi-metropole\/un-plan-de-developpement-strategique-pour-la-region\/\">Un plan de d\u00e9veloppement strat\u00e9gique pour la r\u00e9gion<\/a><\/strong><\/p>\n\n\n\n<p><strong><a href=\"https:\/\/charleroi-metropole.be\/fr\/home\/entreprendre\/investir-a-charleroi-metropole\/de-nombreux-parcs-dactivites-economiques-des-milliers-dentreprises-et-demplois\/\">De nombreux parcs d\u2019activit\u00e9s \u00e9conomiques, des milliers d\u2019entreprises et d\u2019emplois<\/a><\/strong><\/p>\n\n\n\n<p><\/p>\n<\/div>\n\n\n\n<div class=\"wp-block-column is-layout-flow wp-block-column-is-layout-flow\">\n<p><strong><a href=\"https:\/\/charleroi-metropole.be\/fr\/home\/entreprendre\/investir-a-charleroi-metropole\/une-vision-commune-pour-le-developpement-socio-economique-de-la-region\/\">Un conseil socio-\u00e9conomique et un conseil de la supracommunalit\u00e9 au service de la r\u00e9gion<\/a><\/strong><\/p>\n\n\n\n<p><strong><a href=\"https:\/\/charleroi-metropole.be\/fr\/home\/entreprendre\/investir-a-charleroi-metropole\/une-main-doeuvre-qualifiee-et-des-entreprises-de-pointe\/\">Des entreprises de pointe, une main d&rsquo;\u0153uvre qualifi\u00e9e<\/a><\/strong><\/p>\n\n\n\n<p><strong><a href=\"https:\/\/charleroi-metropole.be\/fr\/home\/entreprendre\/investir-a-charleroi-metropole\/de-nombreux-centres-de-recherche\/\">De nombreux centres de recherche<\/a><\/strong><\/p>\n<\/div>\n<\/div>\n\n\n\n<div style=\"height:33px\" aria-hidden=\"true\" class=\"wp-block-spacer\"><\/div>\n","protected":false},"excerpt":{"rendered":"<p>Pourquoi investir \u00e0 Charleroi M\u00e9tropole ? Id\u00e9alement situ\u00e9e, la r\u00e9gion jouit d\u2019une excellente accessibilit\u00e9\u00a0: les plus grands axes de transport internationaux sont \u00e0 un jet de pierre. De plus, les plus grandes puissances \u00e9conomiques europ\u00e9ennes jouxtent Charleroi M\u00e9tropole. La r\u00e9gion mise sur le d\u00e9veloppement d\u2019\u00e9cosyst\u00e8mes forts, et dispose d\u2019une main d\u2019oeuvre qualifi\u00e9e. De nombreux sites [&hellip;]<\/p>\n","protected":false},"author":18,"featured_media":0,"parent":16743,"menu_order":0,"comment_status":"closed","ping_status":"closed","template":"","meta":{"footnotes":""},"class_list":["post-16785","page","type-page","status-publish","hentry"],"_links":{"self":[{"href":"https:\/\/charleroi-metropole.be\/fr\/wp-json\/wp\/v2\/pages\/16785"}],"collection":[{"href":"https:\/\/charleroi-metropole.be\/fr\/wp-json\/wp\/v2\/pages"}],"about":[{"href":"https:\/\/charleroi-metropole.be\/fr\/wp-json\/wp\/v2\/types\/page"}],"author":[{"embeddable":true,"href":"https:\/\/charleroi-metropole.be\/fr\/wp-json\/wp\/v2\/users\/18"}],"replies":[{"embeddable":true,"href":"https:\/\/charleroi-metropole.be\/fr\/wp-json\/wp\/v2\/comments?post=16785"}],"version-history":[{"count":109,"href":"https:\/\/charleroi-metropole.be\/fr\/wp-json\/wp\/v2\/pages\/16785\/revisions"}],"predecessor-version":[{"id":18698,"href":"https:\/\/charleroi-metropole.be\/fr\/wp-json\/wp\/v2\/pages\/16785\/revisions\/18698"}],"up":[{"embeddable":true,"href":"https:\/\/charleroi-metropole.be\/fr\/wp-json\/wp\/v2\/pages\/16743"}],"wp:attachment":[{"href":"https:\/\/charleroi-metropole.be\/fr\/wp-json\/wp\/v2\/media?parent=16785"}],"curies":[{"name":"wp","href":"https:\/\/api.w.org\/{rel}","templated":true}]}}