{"id":16667,"date":"2024-07-31T20:49:17","date_gmt":"2024-07-31T18:49:17","guid":{"rendered":"https:\/\/charleroi-metropole.be\/?page_id=16667"},"modified":"2025-03-14T15:02:49","modified_gmt":"2025-03-14T13:02:49","slug":"manger-local","status":"publish","type":"page","link":"https:\/\/charleroi-metropole.be\/fr\/manger-local\/","title":{"rendered":"Manger local"},"content":{"rendered":"\n<div class=\"wp-block-cover alignfull default-page-template-top\"><span aria-hidden=\"true\" class=\"wp-block-cover__background has-black-background-color has-background-dim-30 has-background-dim\"><\/span><img loading=\"lazy\" decoding=\"async\" width=\"2200\" height=\"1033\" class=\"wp-block-cover__image-background wp-image-16702\" alt=\"\" src=\"https:\/\/charleroi-metropole.be\/wp-content\/uploads\/2024\/08\/03_-cuisine-centrale-et-recherche-2200x0-c-default.jpg\" data-object-fit=\"cover\" srcset=\"https:\/\/charleroi-metropole.be\/wp-content\/uploads\/2024\/08\/03_-cuisine-centrale-et-recherche-2200x0-c-default.jpg 2200w, https:\/\/charleroi-metropole.be\/wp-content\/uploads\/2024\/08\/03_-cuisine-centrale-et-recherche-2200x0-c-default-600x282.jpg 600w, https:\/\/charleroi-metropole.be\/wp-content\/uploads\/2024\/08\/03_-cuisine-centrale-et-recherche-2200x0-c-default-1600x751.jpg 1600w, https:\/\/charleroi-metropole.be\/wp-content\/uploads\/2024\/08\/03_-cuisine-centrale-et-recherche-2200x0-c-default-768x361.jpg 768w, https:\/\/charleroi-metropole.be\/wp-content\/uploads\/2024\/08\/03_-cuisine-centrale-et-recherche-2200x0-c-default-1536x721.jpg 1536w, https:\/\/charleroi-metropole.be\/wp-content\/uploads\/2024\/08\/03_-cuisine-centrale-et-recherche-2200x0-c-default-2048x962.jpg 2048w\" sizes=\"(max-width: 2200px) 100vw, 2200px\" \/><div class=\"wp-block-cover__inner-container is-layout-constrained wp-block-cover-is-layout-constrained\">\n<div class=\"wp-block-group default-page-template-top-content has-white-color has-text-color has-link-color wp-elements-5ff236893a0c0705e0f7cc3b5f956552 is-layout-constrained wp-block-group-is-layout-constrained\"><h1 class=\"alignfull wp-block-post-title\">Manger local<\/h1>\n\n\n<p class=\"has-body-font-family\" style=\"margin-right:0;margin-left:0\">Avec plus de 90.000ha de surface agricole, le territoire de Charleroi M\u00e9tropole poss\u00e8de un potentiel productif diversifi\u00e9 susceptible de r\u00e9pondre \u00e0 la demande alimentaire locale et ext\u00e9rieure. <\/p>\n\n\n\n<p class=\"has-body-font-family\" style=\"margin-right:0;margin-left:0\">La strat\u00e9gie poursuivie par l\u2019\u00e9cosyst\u00e8me <strong>Food.C<\/strong> vise la relocalisation de l\u2019alimentation et de la production. <\/p>\n\n\n\n<p class=\"has-body-font-family\" style=\"margin-right:0;margin-left:0\">Son objectif principal est de structurer la fili\u00e8re agroalimentaire vers davantage de <strong>durabilit\u00e9<\/strong>, d\u2019<strong>inclusion sociale<\/strong>, et de<strong> r\u00e9silience territoriale<\/strong>.<\/p>\n<\/div>\n\n\n\n<div class=\"wp-block-group alignwide default-page-template-header-card-container is-layout-constrained wp-block-group-is-layout-constrained\">\n<div class=\"wp-block-group default-page-template-header-card has-background is-content-justification-center is-layout-constrained wp-container-core-group-is-layout-3 wp-block-group-is-layout-constrained\" style=\"border-radius:40px;background-color:#a6bca3;padding-top:var(--wp--preset--spacing--30);padding-right:var(--wp--preset--spacing--30);padding-bottom:var(--wp--preset--spacing--30);padding-left:var(--wp--preset--spacing--30)\">\n<div class=\"wp-block-group is-layout-constrained wp-block-group-is-layout-constrained\">\n<figure class=\"wp-block-image size-full is-resized has-custom-border\"><img loading=\"lazy\" decoding=\"async\" width=\"410\" height=\"410\" src=\"https:\/\/charleroi-metropole.be\/wp-content\/uploads\/2022\/02\/foodc-color-convertimage-2.jpg\" alt=\"\" class=\"wp-image-8487\" style=\"border-radius:40px;width:249px;height:auto\" srcset=\"https:\/\/charleroi-metropole.be\/wp-content\/uploads\/2022\/02\/foodc-color-convertimage-2.jpg 410w, https:\/\/charleroi-metropole.be\/wp-content\/uploads\/2022\/02\/foodc-color-convertimage-2-300x300.jpg 300w\" sizes=\"(max-width: 410px) 100vw, 410px\" \/><\/figure>\n\n\n\n<h2 class=\"wp-block-heading has-body-font-family\" style=\"margin-top:var(--wp--preset--spacing--30)\">Un seul site web !<\/h2>\n\n\n\n<p class=\"has-body-font-family\">Vous souhaitez en savoir plus sur la strat\u00e9gie ?&nbsp;<\/p>\n<\/div>\n\n\n\n<div style=\"height:75px\" aria-hidden=\"true\" class=\"wp-block-spacer\"><\/div>\n\n\n\n<div class=\"wp-block-buttons rounded-btn is-content-justification-center is-layout-flex wp-container-core-buttons-is-layout-1 wp-block-buttons-is-layout-flex\">\n<div class=\"wp-block-button\"><a class=\"wp-block-button__link has-background wp-element-button\" style=\"background-color:#a6bca3\">CTA<\/a><\/div>\n<\/div>\n<\/div>\n<\/div>\n<\/div><\/div>\n\n\n\n<div style=\"height:100px\" aria-hidden=\"true\" class=\"wp-block-spacer\"><\/div>\n\n\n\n<div class=\"wp-block-group alignfull is-layout-constrained wp-block-group-is-layout-constrained\">\n<div style=\"height:91px\" aria-hidden=\"true\" class=\"wp-block-spacer\"><\/div>\n\n\n\n<figure class=\"wp-block-embed is-type-video is-provider-youtube wp-block-embed-youtube wp-embed-aspect-16-9 wp-has-aspect-ratio\"><div class=\"wp-block-embed__wrapper\">\n<div class=\"video-ctn\"><iframe loading=\"lazy\" title=\"Food.C || Charleroi M\u00e9tropole\" width=\"500\" height=\"281\" src=\"https:\/\/www.youtube.com\/embed\/Fc0_IL36yCY?feature=oembed\" frameborder=\"0\" allow=\"accelerometer; autoplay; clipboard-write; encrypted-media; gyroscope; picture-in-picture; web-share\" referrerpolicy=\"strict-origin-when-cross-origin\" allowfullscreen><\/iframe><\/div>\n<\/div><\/figure>\n\n\n\n<div class=\"wp-block-media-text alignwide is-stacked-on-mobile is-vertically-aligned-center wp-block-media-text_modified has-background\" style=\"background-color:#a6bca3\"><figure class=\"wp-block-media-text__media\"><img loading=\"lazy\" decoding=\"async\" width=\"1600\" height=\"1067\" src=\"https:\/\/charleroi-metropole.be\/wp-content\/uploads\/2018\/09\/habiter-manger-local-titre-1600x1067.png\" alt=\"\" class=\"wp-image-1848 size-full\" srcset=\"https:\/\/charleroi-metropole.be\/wp-content\/uploads\/2018\/09\/habiter-manger-local-titre-1600x1067.png 1600w, https:\/\/charleroi-metropole.be\/wp-content\/uploads\/2018\/09\/habiter-manger-local-titre-600x400.png 600w, https:\/\/charleroi-metropole.be\/wp-content\/uploads\/2018\/09\/habiter-manger-local-titre-768x512.png 768w, https:\/\/charleroi-metropole.be\/wp-content\/uploads\/2018\/09\/habiter-manger-local-titre.png 1920w\" sizes=\"(max-width: 1600px) 100vw, 1600px\" \/><\/figure><div class=\"wp-block-media-text__content\">\n<div class=\"wp-block-group is-layout-constrained wp-block-group-is-layout-constrained\" style=\"padding-top:var(--wp--preset--spacing--30);padding-bottom:var(--wp--preset--spacing--30)\">\n<h2 class=\"wp-block-heading has-body-font-family\">Trouver des points de vente de produits locaux<\/h2>\n\n\n\n<p class=\"has-body-font-family\" style=\"font-size:16px\"><strong><em>Savez-vous qu&rsquo;avant d&rsquo;\u00eatre consomm\u00e9s, nos aliments parcourent en moyenne 2500 kilom\u00e8tres ?<\/em><\/strong> <\/p>\n\n\n\n<p class=\"has-body-font-family\" style=\"font-size:16px\">Manger local c&rsquo;est r\u00e9duire cet impact \u00e9cologique, mais aussi \u00e9viter le suremballage et consommer des aliments plus frais, dont on connait la provenance et les conditions dans lesquelles ils ont \u00e9t\u00e9 produits. C&rsquo;est aussi favoriser l&rsquo;\u00e9conomie locale !<br><br>Charleroi M\u00e9tropole regorge de producteurs, qui \u0153uvrent chaque jour pour le contenu de nos assiettes : fruits et l\u00e9gumes, fromages et autres produits laitiers, viande, produits transform\u00e9s&#8230; Alors qu&rsquo;attendez-vous pour vous faire plaisir, et faire plaisir \u00e0 la plan\u00e8te ?<\/p>\n\n\n\n<div class=\"wp-block-buttons is-layout-flex wp-block-buttons-is-layout-flex\">\n<div class=\"wp-block-button has-custom-width wp-block-button__width-100 has-custom-font-size is-style-fill\" style=\"font-size:22px;font-style:normal;font-weight:700\"><a class=\"wp-block-button__link has-white-color has-text-color has-background has-link-color wp-element-button\" href=\"https:\/\/food-c.charleroi-metropole.be\/producteurs\" style=\"border-style:none;border-width:0px;border-radius:100px;background-color:#eb5d27\" target=\"_blank\" rel=\"noreferrer noopener\">D\u00e9couvrez-les sur notre carte interactive<\/a><\/div>\n<\/div>\n<\/div>\n<\/div><\/div>\n\n\n\n<div style=\"height:100px\" aria-hidden=\"true\" class=\"wp-block-spacer\"><\/div>\n\n\n\n<div class=\"wp-block-media-text alignwide has-media-on-the-right is-stacked-on-mobile is-vertically-aligned-center wp-block-media-text_modified has-background\" style=\"background-color:#a6bca3\"><div class=\"wp-block-media-text__content\">\n<div class=\"wp-block-group is-layout-constrained wp-block-group-is-layout-constrained\" style=\"padding-top:var(--wp--preset--spacing--30);padding-bottom:var(--wp--preset--spacing--30)\">\n<h2 class=\"wp-block-heading has-black-color has-text-color has-link-color wp-elements-2f1cc4efb6a1cfbf4632a267cb8223c0\">Vous souhaitez vous former \u00e0 des m\u00e9tiers de l\u2019agroalimentaire ?<\/h2>\n\n\n\n<p class=\"has-body-font-family\" style=\"font-size:16px\">Les op\u00e9rateurs de formation de Charleroi M\u00e9tropole proposent une multitude de cursus en lien avec le secteur, qu&rsquo;il s&rsquo;agisse de m\u00e9tiers en lien avec la production, la transformation ou la consommation.<\/p>\n\n\n\n<p class=\"has-body-font-family\" style=\"font-size:16px\">Arboriculture fruiti\u00e8re, maraichage, boulangerie, restauration, d\u00e9couverte des plantes sauvages comestibles ou des champignons des bois, apiculture&#8230; En journ\u00e9e, en horaire d\u00e9cal\u00e9, en alternance, en promotion sociale ou en haute \u00e9cole&#8230; Il y a s\u00fbrement une formation faite pour vous !<\/p>\n<\/div>\n\n\n\n<div class=\"wp-block-buttons is-content-justification-center is-layout-flex wp-container-core-buttons-is-layout-3 wp-block-buttons-is-layout-flex\">\n<div class=\"wp-block-button has-custom-width wp-block-button__width-100 has-custom-font-size is-style-fill\" style=\"font-size:22px;font-style:normal;font-weight:700\"><a class=\"wp-block-button__link has-white-color has-text-color has-background has-link-color wp-element-button\" href=\"https:\/\/food-c.charleroi-metropole.be\/recherche-de-formation\" style=\"border-style:none;border-width:0px;border-radius:100px;background-color:#eb5d27\" target=\"_blank\" rel=\"noreferrer noopener\">D\u00e9couvrez toutes nos formations<\/a><\/div>\n<\/div>\n<\/div><figure class=\"wp-block-media-text__media\"><img loading=\"lazy\" decoding=\"async\" width=\"1600\" height=\"1065\" src=\"https:\/\/charleroi-metropole.be\/wp-content\/uploads\/2020\/10\/charleroi-metropole-fromagere-ferme-e1603203919470-1600x1065.jpg\" alt=\"\" class=\"wp-image-6432 size-full\" srcset=\"https:\/\/charleroi-metropole.be\/wp-content\/uploads\/2020\/10\/charleroi-metropole-fromagere-ferme-e1603203919470-1600x1065.jpg 1600w, https:\/\/charleroi-metropole.be\/wp-content\/uploads\/2020\/10\/charleroi-metropole-fromagere-ferme-e1603203919470-600x400.jpg 600w, https:\/\/charleroi-metropole.be\/wp-content\/uploads\/2020\/10\/charleroi-metropole-fromagere-ferme-e1603203919470-768x511.jpg 768w, https:\/\/charleroi-metropole.be\/wp-content\/uploads\/2020\/10\/charleroi-metropole-fromagere-ferme-e1603203919470.jpg 1622w\" sizes=\"(max-width: 1600px) 100vw, 1600px\" \/><\/figure><\/div>\n\n\n\n<div style=\"height:100px\" aria-hidden=\"true\" class=\"wp-block-spacer\"><\/div>\n\n\n\n<div class=\"wp-block-group alignwide custom-media-text-cta-arrow has-background is-nowrap is-layout-flex wp-container-core-group-is-layout-8 wp-block-group-is-layout-flex\" style=\"border-radius:50px;background-color:#eb5d27;padding-top:var(--wp--preset--spacing--40);padding-right:var(--wp--preset--spacing--40);padding-bottom:var(--wp--preset--spacing--40);padding-left:var(--wp--preset--spacing--40)\">\n<figure class=\"wp-block-image size-thumbnail has-custom-border wp-container-content-1\"><img decoding=\"async\" src=\"https:\/\/cm-site.fidelodev.be\/wp-content\/uploads\/2024\/07\/foodc-color-300x300.jpg\" alt=\"\" class=\"wp-image-15479\" style=\"border-radius:40px\"\/><\/figure>\n\n\n\n<div class=\"wp-block-group has-white-color has-text-color has-link-color wp-elements-39f80e13eba7e289bf89e0a9799c8add wp-container-content-3 is-layout-constrained wp-container-core-group-is-layout-7 wp-block-group-is-layout-constrained\">\n<h2 class=\"wp-block-heading has-white-color has-text-color has-link-color wp-elements-60c87083fa744193a8bc45245f4ff087\">Les actualit\u00e9s du secteur vous int\u00e9ressent ?<\/h2>\n\n\n\n<div style=\"height:50px\" aria-hidden=\"true\" class=\"wp-block-spacer\"><\/div>\n\n\n\n<div class=\"wp-block-buttons wp-container-content-2 is-layout-flex wp-block-buttons-is-layout-flex\">\n<div class=\"wp-block-button has-custom-width wp-block-button__width-75 has-custom-font-size is-style-outline is-style-outline--7778b803c3b36c5a8c367f8a7b9bee3b\" style=\"font-size:22px;font-style:normal;font-weight:700\"><a class=\"wp-block-button__link has-white-color has-text-color has-background has-link-color wp-element-button\" href=\"https:\/\/food-c.charleroi-metropole.be\/actualites\" style=\"background-color:#eb5d27\" target=\"_blank\" rel=\"noreferrer noopener\">Rendez-vous sur Food.C !<\/a><\/div>\n<\/div>\n\n\n\n<div style=\"height:30px\" aria-hidden=\"true\" class=\"wp-block-spacer\"><\/div>\n<\/div>\n\n\n\n<div class=\"wp-block-buttons rounded-btn is-content-justification-center is-layout-flex wp-container-core-buttons-is-layout-5 wp-block-buttons-is-layout-flex\">\n<div class=\"wp-block-button\"><a class=\"wp-block-button__link has-background wp-element-button\" href=\"https:\/\/food-c.charleroi-metropole.be\/actualites\" style=\"background-color:#eb5d27\" target=\"_blank\" rel=\"noreferrer noopener\">CTA<\/a><\/div>\n<\/div>\n<\/div>\n\n\n\n<div style=\"height:150px\" aria-hidden=\"true\" class=\"wp-block-spacer\"><\/div>\n<\/div>\n\n\n\n<div class=\"wp-block-group alignwide is-layout-constrained wp-block-group-is-layout-constrained\">\n<div class=\"wp-block-buttons alignwide is-layout-flex wp-block-buttons-is-layout-flex\" style=\"margin-bottom:16px\">\n<div class=\"wp-block-button\"><a class=\"wp-block-button__link has-primary-background-color has-background wp-element-button\" style=\"border-radius:8px\">Blog<\/a><\/div>\n<\/div>\n\n\n\n<div class=\"wp-block-group alignwide is-content-justification-space-between is-nowrap is-layout-flex wp-container-core-group-is-layout-10 wp-block-group-is-layout-flex\">\n<h3 class=\"wp-block-heading home__boroughs__title\">Nos derniers articles en relation <\/h3>\n\n\n\n<div class=\"wp-block-buttons is-layout-flex wp-block-buttons-is-layout-flex\">\n<div class=\"wp-block-button\"><a class=\"wp-block-button__link has-contrast-color has-base-2-background-color has-text-color has-background has-link-color wp-element-button\" style=\"border-width:2px\">Tous les articles<\/a><\/div>\n<\/div>\n<\/div>\n\n\n\n<div style=\"height:60px\" aria-hidden=\"true\" class=\"wp-block-spacer\"><\/div>\n\n\n\n<div class=\"wp-block-query alignwide is-layout-flow wp-block-query-is-layout-flow\"><ul class=\"columns-3 wp-block-post-template is-layout-grid wp-container-core-post-template-is-layout-1 wp-block-post-template-is-layout-grid\"><li class=\"wp-block-post post-19198 post type-post status-publish format-standard has-post-thumbnail hentry category-alimentation-locale category-dynamisme-economique category-lifestyle\">\n\n<div class=\"wp-block-group is-vertical is-content-justification-stretch is-layout-flex wp-container-core-group-is-layout-11 wp-block-group-is-layout-flex\" style=\"min-height:100%\"><figure style=\"aspect-ratio:3\/2;width:100%;\" class=\"wp-block-post-featured-image wp-container-content-4\"><a href=\"https:\/\/charleroi-metropole.be\/fr\/decouvrir\/ce-mois-ci-on-fait-ses-courses-autrement-et-cest-plutot-sympa\/\" target=\"_self\"  ><img loading=\"lazy\" decoding=\"async\" width=\"2364\" height=\"875\" src=\"https:\/\/charleroi-metropole.be\/wp-content\/uploads\/2026\/03\/mois-sans-sup_couverture-FB_-8.jpg\" class=\"attachment-post-thumbnail size-post-thumbnail wp-post-image\" alt=\"Ce mois-ci, on fait ses courses autrement (et c&rsquo;est plut\u00f4t sympa)\" style=\"border-radius:30px;width:100%;height:100%;object-fit:cover;\" srcset=\"https:\/\/charleroi-metropole.be\/wp-content\/uploads\/2026\/03\/mois-sans-sup_couverture-FB_-8.jpg 2364w, https:\/\/charleroi-metropole.be\/wp-content\/uploads\/2026\/03\/mois-sans-sup_couverture-FB_-8-600x222.jpg 600w, https:\/\/charleroi-metropole.be\/wp-content\/uploads\/2026\/03\/mois-sans-sup_couverture-FB_-8-1600x592.jpg 1600w, https:\/\/charleroi-metropole.be\/wp-content\/uploads\/2026\/03\/mois-sans-sup_couverture-FB_-8-768x284.jpg 768w, https:\/\/charleroi-metropole.be\/wp-content\/uploads\/2026\/03\/mois-sans-sup_couverture-FB_-8-1536x569.jpg 1536w, https:\/\/charleroi-metropole.be\/wp-content\/uploads\/2026\/03\/mois-sans-sup_couverture-FB_-8-2048x758.jpg 2048w\" sizes=\"(max-width: 2364px) 100vw, 2364px\" \/><\/a><\/figure>\n\n<h2 class=\"wp-block-post-title\">Ce mois-ci, on fait ses courses autrement (et c&rsquo;est plut\u00f4t sympa)<\/h2>\n\n<div class=\"wp-block-post-date\"><time datetime=\"2026-04-02T10:55:31+02:00\">02\/04\/2026<\/time><\/div><\/div>\n\n<\/li><li class=\"wp-block-post post-17081 post type-post status-publish format-standard has-post-thumbnail hentry category-alimentation-locale category-cm\">\n\n<div class=\"wp-block-group is-vertical is-content-justification-stretch is-layout-flex wp-container-core-group-is-layout-12 wp-block-group-is-layout-flex\" style=\"min-height:100%\"><figure style=\"aspect-ratio:3\/2;width:100%;\" class=\"wp-block-post-featured-image wp-container-content-5\"><a href=\"https:\/\/charleroi-metropole.be\/fr\/decouvrir\/agricoeur-votre-tiers-lieu-nourricier\/\" target=\"_self\"  ><img loading=\"lazy\" decoding=\"async\" width=\"850\" height=\"568\" src=\"https:\/\/charleroi-metropole.be\/wp-content\/uploads\/2024\/09\/Charleroi_Metropole_Agricoeur.jpg\" class=\"attachment-post-thumbnail size-post-thumbnail wp-post-image\" alt=\"Agric\u0153ur, votre tiers-lieu nourricier\" style=\"border-radius:30px;width:100%;height:100%;object-fit:cover;\" srcset=\"https:\/\/charleroi-metropole.be\/wp-content\/uploads\/2024\/09\/Charleroi_Metropole_Agricoeur.jpg 850w, https:\/\/charleroi-metropole.be\/wp-content\/uploads\/2024\/09\/Charleroi_Metropole_Agricoeur-600x401.jpg 600w, https:\/\/charleroi-metropole.be\/wp-content\/uploads\/2024\/09\/Charleroi_Metropole_Agricoeur-768x513.jpg 768w\" sizes=\"(max-width: 850px) 100vw, 850px\" \/><\/a><\/figure>\n\n<h2 class=\"wp-block-post-title\">Agric\u0153ur, votre tiers-lieu nourricier<\/h2>\n\n<div class=\"wp-block-post-date\"><time datetime=\"2024-09-13T15:43:31+02:00\">13\/09\/2024<\/time><\/div><\/div>\n\n<\/li><li class=\"wp-block-post post-6623 post type-post status-publish format-standard has-post-thumbnail hentry category-alimentation-locale\">\n\n<div class=\"wp-block-group is-vertical is-content-justification-stretch is-layout-flex wp-container-core-group-is-layout-13 wp-block-group-is-layout-flex\" style=\"min-height:100%\"><figure style=\"aspect-ratio:3\/2;width:100%;\" class=\"wp-block-post-featured-image wp-container-content-6\"><a href=\"https:\/\/charleroi-metropole.be\/fr\/decouvrir\/fresho-fournisseur-de-produits-frais-et-bio\/\" target=\"_self\"  ><img loading=\"lazy\" decoding=\"async\" width=\"1920\" height=\"1280\" src=\"https:\/\/charleroi-metropole.be\/wp-content\/uploads\/2020\/01\/charleroi-metropole-enfants-fruits.jpg\" class=\"attachment-post-thumbnail size-post-thumbnail wp-post-image\" alt=\"Fresho, fournisseur de produits frais et bio\" style=\"border-radius:30px;width:100%;height:100%;object-fit:cover;\" srcset=\"https:\/\/charleroi-metropole.be\/wp-content\/uploads\/2020\/01\/charleroi-metropole-enfants-fruits.jpg 1920w, https:\/\/charleroi-metropole.be\/wp-content\/uploads\/2020\/01\/charleroi-metropole-enfants-fruits-600x400.jpg 600w, https:\/\/charleroi-metropole.be\/wp-content\/uploads\/2020\/01\/charleroi-metropole-enfants-fruits-768x512.jpg 768w, https:\/\/charleroi-metropole.be\/wp-content\/uploads\/2020\/01\/charleroi-metropole-enfants-fruits-1600x1067.jpg 1600w\" sizes=\"(max-width: 1920px) 100vw, 1920px\" \/><\/a><\/figure>\n\n<h2 class=\"wp-block-post-title\">Fresho, fournisseur de produits frais et bio<\/h2>\n\n<div class=\"wp-block-post-date\"><time datetime=\"2024-04-26T14:06:23+02:00\">26\/04\/2024<\/time><\/div><\/div>\n\n<\/li><\/ul>\n\n<\/div>\n<\/div>\n\n\n\n<div style=\"height:100px\" aria-hidden=\"true\" class=\"wp-block-spacer\"><\/div>\n","protected":false},"excerpt":{"rendered":"<p>Trouver des points de vente de produits locaux Savez-vous qu&rsquo;avant d&rsquo;\u00eatre consomm\u00e9s, nos aliments parcourent en moyenne 2500 kilom\u00e8tres ? Manger local c&rsquo;est r\u00e9duire cet impact \u00e9cologique, mais aussi \u00e9viter le suremballage et consommer des aliments plus frais, dont on connait la provenance et les conditions dans lesquelles ils ont \u00e9t\u00e9 produits. C&rsquo;est aussi favoriser [&hellip;]<\/p>\n","protected":false},"author":17,"featured_media":0,"parent":0,"menu_order":0,"comment_status":"closed","ping_status":"closed","template":"","meta":{"footnotes":""},"class_list":["post-16667","page","type-page","status-publish","hentry"],"_links":{"self":[{"href":"https:\/\/charleroi-metropole.be\/fr\/wp-json\/wp\/v2\/pages\/16667"}],"collection":[{"href":"https:\/\/charleroi-metropole.be\/fr\/wp-json\/wp\/v2\/pages"}],"about":[{"href":"https:\/\/charleroi-metropole.be\/fr\/wp-json\/wp\/v2\/types\/page"}],"author":[{"embeddable":true,"href":"https:\/\/charleroi-metropole.be\/fr\/wp-json\/wp\/v2\/users\/17"}],"replies":[{"embeddable":true,"href":"https:\/\/charleroi-metropole.be\/fr\/wp-json\/wp\/v2\/comments?post=16667"}],"version-history":[{"count":25,"href":"https:\/\/charleroi-metropole.be\/fr\/wp-json\/wp\/v2\/pages\/16667\/revisions"}],"predecessor-version":[{"id":18448,"href":"https:\/\/charleroi-metropole.be\/fr\/wp-json\/wp\/v2\/pages\/16667\/revisions\/18448"}],"wp:attachment":[{"href":"https:\/\/charleroi-metropole.be\/fr\/wp-json\/wp\/v2\/media?parent=16667"}],"curies":[{"name":"wp","href":"https:\/\/api.w.org\/{rel}","templated":true}]}}